{"id":26082,"date":"2025-02-20T23:28:09","date_gmt":"2025-02-20T22:28:09","guid":{"rendered":"https:\/\/olemosaic.orbitalia.org\/producto\/cucharon-de-ceramica-salamandra-y-flores-blanco\/"},"modified":"2025-07-25T18:49:45","modified_gmt":"2025-07-25T16:49:45","slug":"louche-en-ceramique-salamandre-et-fleurs-blanc","status":"publish","type":"product","link":"https:\/\/olemosaic.orbitalia.org\/fr\/produit\/louche-en-ceramique-salamandre-et-fleurs-blanc\/","title":{"rendered":"Louche en c\u00e9ramique. Salamandre et fleurs. Blanc"},"content":{"rendered":"<p>Louche en c\u00e9ramique d\u00e9cor\u00e9e d&rsquo;une salamandre vibrante et de fleurs, parfaite pour ajouter une touche de couleur \u00e0 votre cuisine. Cet ustensile \u00e9l\u00e9gant, fabriqu\u00e9 en c\u00e9ramique avec une finition blanche, pr\u00e9sente un design peint \u00e0 la main qui se distingue par sa riche palette de rouges, jaunes et bleus, encadr\u00e9 par un fond gris avec un effet mosa\u00efque. La salamandre, repr\u00e9sent\u00e9e dans un style artistique refl\u00e9tant la tradition espagnole, symbolise la vie et la transformation, tandis que les fleurs apportent un air frais et joyeux, id\u00e9al pour orner n&rsquo;importe quel repas. Cette louche est non seulement fonctionnelle pour servir vos plats pr\u00e9f\u00e9r\u00e9s, mais elle devient \u00e9galement une pi\u00e8ce d\u00e9corative qui capture l&rsquo;essence de l&rsquo;art c\u00e9ramique espagnol. Son authenticit\u00e9 et le soin apport\u00e9 aux d\u00e9tails font de cette louche un souvenir parfait pour les touristes cherchant \u00e0 ramener chez eux un souvenir significatif de la riche culture culinaire de l&rsquo;Espagne. Chez Ol\u00e9 Mosaic, en tant que grossistes d&rsquo;ustensiles en c\u00e9ramique, nous proposons des produits qui c\u00e9l\u00e8brent cette tradition dans chaque d\u00e9tail, assurant une excellente qualit\u00e9 et vari\u00e9t\u00e9 pour les boutiques de cadeaux touristiques cherchant \u00e0 offrir des souvenirs authentiques et repr\u00e9sentatifs de la culture espagnole.<\/p>\n","protected":false},"excerpt":{"rendered":"<p>Louche en c\u00e9ramique d\u00e9cor\u00e9e d&rsquo;une salamandre vibrante et de fleurs, parfaite pour donner une touche de couleur \u00e0 votre cuisine. Cet ustensile \u00e9l\u00e9gant, fabriqu\u00e9 en c\u00e9ramique avec une finition blanche, pr\u00e9sente un design artisanal peint \u00e0 la main qui se distingue par sa riche palette de rouges, jaunes et bleus, sur un fond gris avec effet mosa\u00efque. Id\u00e9ale pour servir et embellir vos repas, cette louche est un exemple authentique de l&rsquo;art c\u00e9ramique espagnol.<\/p>\n","protected":false},"featured_media":8354,"template":"","meta":{"_acf_changed":false},"product_brand":[],"product_cat":[798],"product_tag":[530,585],"class_list":{"0":"post-26082","1":"product","2":"type-product","3":"status-publish","4":"has-post-thumbnail","6":"product_cat-louches","7":"product_tag-animaux","8":"product_tag-ceramique","9":"pa_motivo-salamandres","11":"first","12":"instock","13":"shipping-taxable","14":"product-type-simple"},"acf":[],"_links":{"self":[{"href":"https:\/\/olemosaic.orbitalia.org\/fr\/wp-json\/wp\/v2\/product\/26082","targetHints":{"allow":["GET"]}}],"collection":[{"href":"https:\/\/olemosaic.orbitalia.org\/fr\/wp-json\/wp\/v2\/product"}],"about":[{"href":"https:\/\/olemosaic.orbitalia.org\/fr\/wp-json\/wp\/v2\/types\/product"}],"wp:featuredmedia":[{"embeddable":true,"href":"https:\/\/olemosaic.orbitalia.org\/fr\/wp-json\/wp\/v2\/media\/8354"}],"wp:attachment":[{"href":"https:\/\/olemosaic.orbitalia.org\/fr\/wp-json\/wp\/v2\/media?parent=26082"}],"wp:term":[{"taxonomy":"product_brand","embeddable":true,"href":"https:\/\/olemosaic.orbitalia.org\/fr\/wp-json\/wp\/v2\/product_brand?post=26082"},{"taxonomy":"product_cat","embeddable":true,"href":"https:\/\/olemosaic.orbitalia.org\/fr\/wp-json\/wp\/v2\/product_cat?post=26082"},{"taxonomy":"product_tag","embeddable":true,"href":"https:\/\/olemosaic.orbitalia.org\/fr\/wp-json\/wp\/v2\/product_tag?post=26082"}],"curies":[{"name":"wp","href":"https:\/\/api.w.org\/{rel}","templated":true}]}}