{"id":26068,"date":"2025-02-20T23:28:08","date_gmt":"2025-02-20T22:28:08","guid":{"rendered":"https:\/\/olemosaic.orbitalia.org\/producto\/cortador-de-ceramica-gallo\/"},"modified":"2025-07-25T18:53:46","modified_gmt":"2025-07-25T16:53:46","slug":"dessous-de-plat-en-ceramique-coq","status":"publish","type":"product","link":"https:\/\/olemosaic.orbitalia.org\/fr\/produit\/dessous-de-plat-en-ceramique-coq\/","title":{"rendered":"Dessous de plat en c\u00e9ramique. Coq."},"content":{"rendered":"<p>Dessous de plat en c\u00e9ramique avec un design vibrant repr\u00e9sentant deux coqs, ic\u00f4nes du folklore portugais. Cette magnifique pi\u00e8ce est un v\u00e9ritable joyau de l&rsquo;artisanat local. Fabriqu\u00e9 en c\u00e9ramique de haute qualit\u00e9, chaque dessous de plat est peint \u00e0 la main, soulignant les d\u00e9tails artistiques complexes et les couleurs vives qui l&rsquo;ornent. Les coqs, d\u00e9cor\u00e9s de charmants motifs de c\u0153urs en rouge, bleu et noir, ressortent sur une base blanche qui offre un contraste id\u00e9al, faisant resplendir chaque \u00e9l\u00e9ment de vie et de tradition.<\/p>\n<p>Ce dessous de plat en c\u00e9ramique n&rsquo;est pas seulement un objet fonctionnel dans n&rsquo;importe quelle cuisine, il devient \u00e9galement une pi\u00e8ce d\u00e9corative qui rend hommage au riche h\u00e9ritage culturel du Portugal. Les coqs sont un symbole de chance et sont largement reconnus dans la culture populaire portugaise, ce qui ajoute une signification particuli\u00e8re \u00e0 ce souvenir. En choisissant ce dessous de plat, les touristes n&rsquo;acqui\u00e8rent pas seulement un article utile, mais aussi un souvenir authentique qui encapsule l&rsquo;essence du Portugal.<\/p>\n<p>Chez Ol\u00e9 Mosaic, nous nous attachons \u00e0 proposer des souvenirs en c\u00e9ramique authentiques et de qualit\u00e9 sup\u00e9rieure, id\u00e9aux pour ceux qui recherchent des produits repr\u00e9sentatifs de leur voyage. Ce dessous de plat en c\u00e9ramique est une excellente option pour les boutiques de cadeaux touristiques, permettant \u00e0 vos clients de ramener chez eux un morceau de la tradition portugaise. En tant que grossistes en souvenirs, nous garantissons que chaque produit allie art et fonctionnalit\u00e9, offrant une exp\u00e9rience m\u00e9morable et culturelle.<\/p>\n","protected":false},"excerpt":{"rendered":"<p>Dessous de plat en c\u00e9ramique avec un design vibrant montrant deux coqs, symboles du folklore portugais, d\u00e9cor\u00e9s de motifs de c\u0153urs et de fleurs en rouge, bleu et noir. Le dessous de plat, fabriqu\u00e9 en c\u00e9ramique de haute qualit\u00e9, se distingue par son design artisanal, peint \u00e0 la main, qui souligne chaque d\u00e9tail artistique. La base blanche offre un contraste id\u00e9al, faisant ressortir les couleurs, et en fait une pi\u00e8ce d\u00e9corative et fonctionnelle parfaite pour ajouter une touche de tradition \u00e0 n&rsquo;importe quelle cuisine.<\/p>\n","protected":false},"featured_media":8935,"template":"","meta":{"_acf_changed":false},"product_brand":[],"product_cat":[832],"product_tag":[530,585],"class_list":{"0":"post-26068","1":"product","2":"type-product","3":"status-publish","4":"has-post-thumbnail","6":"product_cat-emporte-pieces","7":"product_tag-animaux","8":"product_tag-ceramique","9":"pa_motivo-coqs","11":"first","12":"instock","13":"shipping-taxable","14":"product-type-simple"},"acf":[],"_links":{"self":[{"href":"https:\/\/olemosaic.orbitalia.org\/fr\/wp-json\/wp\/v2\/product\/26068","targetHints":{"allow":["GET"]}}],"collection":[{"href":"https:\/\/olemosaic.orbitalia.org\/fr\/wp-json\/wp\/v2\/product"}],"about":[{"href":"https:\/\/olemosaic.orbitalia.org\/fr\/wp-json\/wp\/v2\/types\/product"}],"wp:featuredmedia":[{"embeddable":true,"href":"https:\/\/olemosaic.orbitalia.org\/fr\/wp-json\/wp\/v2\/media\/8935"}],"wp:attachment":[{"href":"https:\/\/olemosaic.orbitalia.org\/fr\/wp-json\/wp\/v2\/media?parent=26068"}],"wp:term":[{"taxonomy":"product_brand","embeddable":true,"href":"https:\/\/olemosaic.orbitalia.org\/fr\/wp-json\/wp\/v2\/product_brand?post=26068"},{"taxonomy":"product_cat","embeddable":true,"href":"https:\/\/olemosaic.orbitalia.org\/fr\/wp-json\/wp\/v2\/product_cat?post=26068"},{"taxonomy":"product_tag","embeddable":true,"href":"https:\/\/olemosaic.orbitalia.org\/fr\/wp-json\/wp\/v2\/product_tag?post=26068"}],"curies":[{"name":"wp","href":"https:\/\/api.w.org\/{rel}","templated":true}]}}