{"id":26065,"date":"2025-02-20T23:28:07","date_gmt":"2025-02-20T22:28:07","guid":{"rendered":"https:\/\/olemosaic.orbitalia.org\/producto\/colgante-de-madera-ancla\/"},"modified":"2025-07-25T19:28:55","modified_gmt":"2025-07-25T17:28:55","slug":"suspension-en-bois-ancre","status":"publish","type":"product","link":"https:\/\/olemosaic.orbitalia.org\/fr\/produit\/suspension-en-bois-ancre\/","title":{"rendered":"Suspension en bois. Ancre."},"content":{"rendered":"<p>Suspension d\u00e9corative en bois en forme d&rsquo;ancre, parfaite pour ajouter une touche marine \u00e0 n&rsquo;importe quel espace. Cette suspension attrayante est m\u00e9ticuleusement fabriqu\u00e9e avec des troncs de bois dispos\u00e9s de mani\u00e8re \u00e9quilibr\u00e9e, et se distingue par son design peint dans une combinaison rafra\u00eechissante de tons bleus et blancs qui \u00e9voque l&rsquo;essence de la mer. La base en forme d&rsquo;ancre, avec sa symbologie de connexion \u00e0 la vie maritime, n&rsquo;est pas seulement un \u00e9l\u00e9ment d\u00e9coratif, mais repr\u00e9sente \u00e9galement la riche tradition des communaut\u00e9s c\u00f4ti\u00e8res d&rsquo;Espagne et du Portugal.<\/p>\n<p>La structure de la suspension comprend un crochet sup\u00e9rieur pour faciliter son installation, permettant de l&rsquo;accrocher n&rsquo;importe o\u00f9, du mur d&rsquo;une maison au bord de la mer \u00e0 l&rsquo;entr\u00e9e d&rsquo;un foyer, cr\u00e9ant une atmosph\u00e8re de plage et accueillante. D\u00e9cor\u00e9e de mani\u00e8re artisanale avec une attention particuli\u00e8re aux d\u00e9tails, chaque pi\u00e8ce est unique, ce qui souligne son authenticit\u00e9 en tant que souvenir de la c\u00f4te. Cette suspension est parfaite pour les touristes qui souhaitent ramener chez eux un fragment de la mer et de la culture c\u00f4ti\u00e8re.<\/p>\n<p>Chez Ol\u00e9 Mosaic, nous proposons des produits con\u00e7us pour capturer l&rsquo;esprit des destinations touristiques, et cette suspension en bois est une excellente option pour les magasins \u00e0 la recherche de souvenirs authentiques et de qualit\u00e9. Avec son esth\u00e9tique attrayante et sa signification culturelle, c&rsquo;est un cadeau id\u00e9al qui ravira ceux qui recherchent une connexion avec la vie marine et l&rsquo;art artisanal.<\/p>\n","protected":false},"excerpt":{"rendered":"<p>Suspension d\u00e9corative en bois en forme d&rsquo;ancre, parfaite pour donner une touche marine \u00e0 n&rsquo;importe quel espace. Cette pi\u00e8ce artisanale pr\u00e9sente un design peint dans des tons bleus et blancs, \u00e9voquant la fra\u00eecheur de la mer. Compos\u00e9e de troncs de bois dispos\u00e9s de mani\u00e8re \u00e9quilibr\u00e9e, la suspension est compl\u00e9t\u00e9e par une base en forme d&rsquo;ancre d\u00e9cor\u00e9e, symbolisant la connexion avec la vie maritime. Id\u00e9ale pour les maisons c\u00f4ti\u00e8res ou comme souvenir d&rsquo;une escapade \u00e0 la plage.<\/p>\n","protected":false},"featured_media":9633,"template":"","meta":{"_acf_changed":false},"product_brand":[],"product_cat":[793],"product_tag":[],"class_list":{"0":"post-26065","1":"product","2":"type-product","3":"status-publish","4":"has-post-thumbnail","6":"product_cat-pendentifs","7":"pa_motivo-ancres","9":"first","10":"instock","11":"shipping-taxable","12":"product-type-simple"},"acf":[],"_links":{"self":[{"href":"https:\/\/olemosaic.orbitalia.org\/fr\/wp-json\/wp\/v2\/product\/26065","targetHints":{"allow":["GET"]}}],"collection":[{"href":"https:\/\/olemosaic.orbitalia.org\/fr\/wp-json\/wp\/v2\/product"}],"about":[{"href":"https:\/\/olemosaic.orbitalia.org\/fr\/wp-json\/wp\/v2\/types\/product"}],"wp:featuredmedia":[{"embeddable":true,"href":"https:\/\/olemosaic.orbitalia.org\/fr\/wp-json\/wp\/v2\/media\/9633"}],"wp:attachment":[{"href":"https:\/\/olemosaic.orbitalia.org\/fr\/wp-json\/wp\/v2\/media?parent=26065"}],"wp:term":[{"taxonomy":"product_brand","embeddable":true,"href":"https:\/\/olemosaic.orbitalia.org\/fr\/wp-json\/wp\/v2\/product_brand?post=26065"},{"taxonomy":"product_cat","embeddable":true,"href":"https:\/\/olemosaic.orbitalia.org\/fr\/wp-json\/wp\/v2\/product_cat?post=26065"},{"taxonomy":"product_tag","embeddable":true,"href":"https:\/\/olemosaic.orbitalia.org\/fr\/wp-json\/wp\/v2\/product_tag?post=26065"}],"curies":[{"name":"wp","href":"https:\/\/api.w.org\/{rel}","templated":true}]}}