{"id":26064,"date":"2025-02-20T23:28:07","date_gmt":"2025-02-20T22:28:07","guid":{"rendered":"https:\/\/olemosaic.orbitalia.org\/producto\/colgante-de-madera-salamandra\/"},"modified":"2025-07-25T18:45:09","modified_gmt":"2025-07-25T16:45:09","slug":"suspension-en-bois-salamandre","status":"publish","type":"product","link":"https:\/\/olemosaic.orbitalia.org\/fr\/produit\/suspension-en-bois-salamandre\/","title":{"rendered":"Suspension en bois. Salamandre."},"content":{"rendered":"<p>Suspension en bois avec un motif de salamandre. Cet adorable ornement artisanal, parfait pour la d\u00e9coration int\u00e9rieure, se distingue par son design unique et vibrant. D\u00e9cor\u00e9 \u00e0 la main avec des pi\u00e8ces de bois l\u00e9g\u00e8res, il pr\u00e9sente un design color\u00e9 avec des d\u00e9tails peints dans des tons bleus et rouges, apportant un air joyeux et artistique. La suspension est compos\u00e9e d&rsquo;une figure centrale de salamandre, suspendue \u00e0 des branches naturelles, entour\u00e9e de plusieurs salamandres plus petites, chacune avec un style amical et distinctif, qui donnera \u00e0 tout espace une touche naturelle et folklorique.<\/p>\n<p>Cette suspension n&rsquo;est pas seulement id\u00e9ale pour d\u00e9corer les pi\u00e8ces, mais c&rsquo;est aussi un excellent souvenir culturel qui se connecte \u00e0 la riche biodiversit\u00e9 et \u00e0 la tradition artistique locale. Les salamandres sont des symboles de transformation et de renouveau, ce qui fait de cette suspension une pi\u00e8ce significative pour ceux qui recherchent une touche sp\u00e9ciale dans leur maison. En tant que souvenir repr\u00e9sentatif, ce design authentique est parfait pour les touristes qui souhaitent emporter avec eux une partie de la culture locale. Chez Ol\u00e9 Mosaic, nous sommes fiers d&rsquo;\u00eatre des distributeurs de souvenirs en gros, offrant des articles uniques comme cette suspension de salamandre, qui capturent l&rsquo;essence de l&rsquo;art populaire et de la culture espagnole. Id\u00e9al pour les boutiques de cadeaux touristiques \u00e0 la recherche de produits diff\u00e9renciateurs et de qualit\u00e9.<\/p>\n","protected":false},"excerpt":{"rendered":"<p>Suspension en bois avec un motif de salamandres, id\u00e9ale pour d\u00e9corer les espaces avec une touche artistique. Cet adorable ornement est fabriqu\u00e9 \u00e0 la main avec des pi\u00e8ces de bois l\u00e9g\u00e8res et d\u00e9cor\u00e9 de d\u00e9tails peints dans des tons bleus et rouges, qui soulignent son caract\u00e8re. Suspendu \u00e0 des branches naturelles, il pr\u00e9sente plusieurs figures de salamandres, chacune avec un style unique et amical, parfaites pour ajouter un air de nature et de folklore \u00e0 n&rsquo;importe quel environnement.<\/p>\n","protected":false},"featured_media":9637,"template":"","meta":{"_acf_changed":false},"product_brand":[],"product_cat":[793],"product_tag":[530],"class_list":{"0":"post-26064","1":"product","2":"type-product","3":"status-publish","4":"has-post-thumbnail","6":"product_cat-pendentifs","7":"product_tag-animaux","8":"pa_motivo-salamandres","10":"first","11":"instock","12":"shipping-taxable","13":"product-type-simple"},"acf":[],"_links":{"self":[{"href":"https:\/\/olemosaic.orbitalia.org\/fr\/wp-json\/wp\/v2\/product\/26064","targetHints":{"allow":["GET"]}}],"collection":[{"href":"https:\/\/olemosaic.orbitalia.org\/fr\/wp-json\/wp\/v2\/product"}],"about":[{"href":"https:\/\/olemosaic.orbitalia.org\/fr\/wp-json\/wp\/v2\/types\/product"}],"wp:featuredmedia":[{"embeddable":true,"href":"https:\/\/olemosaic.orbitalia.org\/fr\/wp-json\/wp\/v2\/media\/9637"}],"wp:attachment":[{"href":"https:\/\/olemosaic.orbitalia.org\/fr\/wp-json\/wp\/v2\/media?parent=26064"}],"wp:term":[{"taxonomy":"product_brand","embeddable":true,"href":"https:\/\/olemosaic.orbitalia.org\/fr\/wp-json\/wp\/v2\/product_brand?post=26064"},{"taxonomy":"product_cat","embeddable":true,"href":"https:\/\/olemosaic.orbitalia.org\/fr\/wp-json\/wp\/v2\/product_cat?post=26064"},{"taxonomy":"product_tag","embeddable":true,"href":"https:\/\/olemosaic.orbitalia.org\/fr\/wp-json\/wp\/v2\/product_tag?post=26064"}],"curies":[{"name":"wp","href":"https:\/\/api.w.org\/{rel}","templated":true}]}}