{"id":26011,"date":"2025-02-20T23:28:06","date_gmt":"2025-02-20T22:28:06","guid":{"rendered":"https:\/\/olemosaic.orbitalia.org\/producto\/campana-de-ceramica-de-11-cm-panoramica-barcelona-beige\/"},"modified":"2025-07-25T18:35:24","modified_gmt":"2025-07-25T16:35:24","slug":"cloche-en-ceramique-de-11-cm-panoramique-barcelone-beige","status":"publish","type":"product","link":"https:\/\/olemosaic.orbitalia.org\/fr\/produit\/cloche-en-ceramique-de-11-cm-panoramique-barcelone-beige\/","title":{"rendered":"Cloche en c\u00e9ramique de 11 cm. Panoramique. Barcelone. Beige"},"content":{"rendered":"<p>Bol en coco rouge inspir\u00e9 de la salamandre, un symbole repr\u00e9sentatif de Barcelone. Ce bol attrayant se distingue par son design vibrant dans les tons rouges et dor\u00e9s, avec une technique qui accentue les textures et les d\u00e9tails du motif de la salamandre, embl\u00e8me de l&rsquo;architecture moderniste de la ville. La d\u00e9coration du bol inclut le mot \u00ab\u00a0Barcelone\u00a0\u00bb, ce qui en fait un souvenir \u00e9l\u00e9gant qui capture l&rsquo;essence culturelle de la r\u00e9gion. R\u00e9alis\u00e9 en coco, sa surface pr\u00e9sente une finition brillante qui refl\u00e8te la lumi\u00e8re de mani\u00e8re captivante, attirant tous les regards. Les motifs complexes en rouge et dor\u00e9 \u00e9voquent la chaleur et le caract\u00e8re innovant de la ville, faisant de ce bol non seulement un objet d\u00e9coratif, mais un morceau d&rsquo;histoire et d&rsquo;art. Ce bol en coco rouge est le souvenir parfait pour ceux qui souhaitent ramener chez eux un fragment de la culture catalane, id\u00e9al pour n&rsquo;importe quel foyer. Chez Ol\u00e9 Mosaic, en tant que grossiste de souvenirs de Barcelone, nous proposons des produits authentiques et de qualit\u00e9 qui c\u00e9l\u00e8brent le riche h\u00e9ritage culturel de la r\u00e9gion, garantissant que chaque client trouve un souvenir v\u00e9ritablement repr\u00e9sentatif.<\/p>\n","protected":false},"excerpt":{"rendered":"<p>Cloche en c\u00e9ramique de 11 cm d\u00e9cor\u00e9e d&rsquo;une vue panoramique vibrante de Barcelone. Ce charmant souvenir pr\u00e9sente un design color\u00e9 avec des \u00e9l\u00e9ments iconiques de la ville, tels que la c\u00e9l\u00e8bre mosa\u00efque du Park G\u00fcell et la Sagrada Familia, le tout dans un design artisanal, peint \u00e0 la main, dans des tons vifs sur un fond blanc. L&rsquo;anse rouge et les d\u00e9tails en beige lui donnent une touche attrayante, en faisant une pi\u00e8ce id\u00e9ale pour se souvenir de la beaut\u00e9 de Barcelone.<\/p>\n","protected":false},"featured_media":8467,"template":"","meta":{"_acf_changed":false},"product_brand":[],"product_cat":[788],"product_tag":[585],"class_list":{"0":"post-26011","1":"product","2":"type-product","3":"status-publish","4":"has-post-thumbnail","6":"product_cat-cloches","7":"product_tag-ceramique","8":"pa_ciudad-barcelona","9":"pa_motivo-panoramas","10":"pa_pais-espana","12":"first","13":"instock","14":"shipping-taxable","15":"product-type-simple"},"acf":[],"_links":{"self":[{"href":"https:\/\/olemosaic.orbitalia.org\/fr\/wp-json\/wp\/v2\/product\/26011","targetHints":{"allow":["GET"]}}],"collection":[{"href":"https:\/\/olemosaic.orbitalia.org\/fr\/wp-json\/wp\/v2\/product"}],"about":[{"href":"https:\/\/olemosaic.orbitalia.org\/fr\/wp-json\/wp\/v2\/types\/product"}],"wp:featuredmedia":[{"embeddable":true,"href":"https:\/\/olemosaic.orbitalia.org\/fr\/wp-json\/wp\/v2\/media\/8467"}],"wp:attachment":[{"href":"https:\/\/olemosaic.orbitalia.org\/fr\/wp-json\/wp\/v2\/media?parent=26011"}],"wp:term":[{"taxonomy":"product_brand","embeddable":true,"href":"https:\/\/olemosaic.orbitalia.org\/fr\/wp-json\/wp\/v2\/product_brand?post=26011"},{"taxonomy":"product_cat","embeddable":true,"href":"https:\/\/olemosaic.orbitalia.org\/fr\/wp-json\/wp\/v2\/product_cat?post=26011"},{"taxonomy":"product_tag","embeddable":true,"href":"https:\/\/olemosaic.orbitalia.org\/fr\/wp-json\/wp\/v2\/product_tag?post=26011"}],"curies":[{"name":"wp","href":"https:\/\/api.w.org\/{rel}","templated":true}]}}