{"id":26007,"date":"2025-02-20T23:28:05","date_gmt":"2025-02-20T22:28:05","guid":{"rendered":"https:\/\/olemosaic.orbitalia.org\/producto\/bola-de-navidad-con-caja-punt-de-trobada-barcelona\/"},"modified":"2025-07-25T19:53:01","modified_gmt":"2025-07-25T17:53:01","slug":"boule-de-noel-avec-boite-point-de-rencontre-barcelone","status":"publish","type":"product","link":"https:\/\/olemosaic.orbitalia.org\/fr\/produit\/boule-de-noel-avec-boite-point-de-rencontre-barcelone\/","title":{"rendered":"Boule de No\u00ebl avec bo\u00eete. Point de rencontre. Barcelone. N\u0153ud violet."},"content":{"rendered":"<p>Boule de No\u00ebl d\u00e9corative qui c\u00e9l\u00e8bre le style iconique de Gaud\u00ed \u00e0 Barcelone. Cet ornement attrayant pr\u00e9sente un design vibrant inspir\u00e9 des mosa\u00efques caract\u00e9ristiques de l&rsquo;architecture moderniste de la ville, avec des couleurs bleu, rouge et jaune qui contrastent sur un fond blanc, \u00e9voquant la beaut\u00e9 et la signification culturelle des azulejos de structures embl\u00e9matiques comme le Park G\u00fcell. La boule, qui comprend une bo\u00eete \u00e9l\u00e9gante d\u00e9cor\u00e9e d&rsquo;un n\u0153ud violet, est id\u00e9ale pour orner le sapin de No\u00ebl, apportant une touche d&rsquo;art et de culture \u00e0 vos c\u00e9l\u00e9brations hivernales. Son design se distingue par les d\u00e9tails complexes qui rendent hommage au style singulier de Gaud\u00ed, fusionnant tradition et modernit\u00e9 dans une pi\u00e8ce dont on se souviendra. Ce souvenir n&rsquo;est pas seulement un article d\u00e9coratif, sino un symbole du riche h\u00e9ritage culturel de Barcelone, devenant le cadeau parfait pour ceux qui recherchent une connexion plus profonde avec la ville. Chez Ol\u00e9 Mosaic, nous sommes fiers d&rsquo;offrir des souvenirs authentiques et repr\u00e9sentatifs, comme cette boule de No\u00ebl, id\u00e9aux pour les boutiques de cadeaux touristiques souhaitant pr\u00e9senter des produits qui c\u00e9l\u00e8brent la culture et l&rsquo;art locaux.<\/p>\n","protected":false},"excerpt":{"rendered":"<p>Boule de No\u00ebl d\u00e9corative qui c\u00e9l\u00e8bre le style iconique de Gaud\u00ed \u00e0 Barcelone. Elle pr\u00e9sente un design vibrant inspir\u00e9 des mosa\u00efques, avec des couleurs bleu, rouge et jaune sur un fond blanc rappelant les azulejos complexes de l&rsquo;architecture moderniste de la ville. Elle est pr\u00e9sent\u00e9e dans une bo\u00eete \u00e9l\u00e9gante avec un n\u0153ud violet, parfaite pour orner le sapin de No\u00ebl et ajouter une touche culturelle et artistique \u00e0 vos c\u00e9l\u00e9brations.<\/p>\n","protected":false},"featured_media":9762,"template":"","meta":{"_acf_changed":false},"product_brand":[],"product_cat":[659],"product_tag":[646],"class_list":{"0":"post-26007","1":"product","2":"type-product","3":"status-publish","4":"has-post-thumbnail","6":"product_cat-boules-de-noel","7":"product_tag-noel","8":"pa_ciudad-barcelona","9":"pa_motivo-punt-de-trobada","10":"pa_pais-espana","12":"first","13":"instock","14":"shipping-taxable","15":"product-type-simple"},"acf":[],"_links":{"self":[{"href":"https:\/\/olemosaic.orbitalia.org\/fr\/wp-json\/wp\/v2\/product\/26007","targetHints":{"allow":["GET"]}}],"collection":[{"href":"https:\/\/olemosaic.orbitalia.org\/fr\/wp-json\/wp\/v2\/product"}],"about":[{"href":"https:\/\/olemosaic.orbitalia.org\/fr\/wp-json\/wp\/v2\/types\/product"}],"wp:featuredmedia":[{"embeddable":true,"href":"https:\/\/olemosaic.orbitalia.org\/fr\/wp-json\/wp\/v2\/media\/9762"}],"wp:attachment":[{"href":"https:\/\/olemosaic.orbitalia.org\/fr\/wp-json\/wp\/v2\/media?parent=26007"}],"wp:term":[{"taxonomy":"product_brand","embeddable":true,"href":"https:\/\/olemosaic.orbitalia.org\/fr\/wp-json\/wp\/v2\/product_brand?post=26007"},{"taxonomy":"product_cat","embeddable":true,"href":"https:\/\/olemosaic.orbitalia.org\/fr\/wp-json\/wp\/v2\/product_cat?post=26007"},{"taxonomy":"product_tag","embeddable":true,"href":"https:\/\/olemosaic.orbitalia.org\/fr\/wp-json\/wp\/v2\/product_tag?post=26007"}],"curies":[{"name":"wp","href":"https:\/\/api.w.org\/{rel}","templated":true}]}}