{"id":26004,"date":"2025-02-20T22:28:04","date_gmt":"2025-02-20T22:28:04","guid":{"rendered":"https:\/\/olemosaic.orbitalia.org\/producto\/bola-de-navidad-con-caja-buhos-fuerteventura\/"},"modified":"2025-07-25T19:42:59","modified_gmt":"2025-07-25T17:42:59","slug":"boule-de-noel-avec-boite-hiboux-fuerteventura","status":"publish","type":"product","link":"https:\/\/olemosaic.orbitalia.org\/fr\/produit\/boule-de-noel-avec-boite-hiboux-fuerteventura\/","title":{"rendered":"Boule de No\u00ebl avec bo\u00eete. Hiboux. Fuerteventura."},"content":{"rendered":"<p>Boule de No\u00ebl d\u00e9corative inspir\u00e9e du magnifique paysage de Fuerteventura. Ce souvenir attachant, pr\u00e9sent\u00e9 dans une bo\u00eete \u00e9l\u00e9gante, se distingue par son design vibrant d&rsquo;un hibou, r\u00e9alis\u00e9 dans un style mosa\u00efque qui capture parfaitement la faune locale des \u00eeles Canaries. La gamme de couleurs exub\u00e9rantes, avec des tons jaunes, verts et rouges, conf\u00e8re \u00e0 cette boule de No\u00ebl un caract\u00e8re festif et joyeux, parfait pour orner n&rsquo;importe quel arbre pendant les c\u00e9l\u00e9brations de No\u00ebl. Le hibou, symbole de sagesse et de myst\u00e8re, est perch\u00e9 sur une branche, offrant une charmante repr\u00e9sentation de la diversit\u00e9 naturelle de Fuerteventura.<\/p>\n<p>La base de la boule est orn\u00e9e d&rsquo;un motif qui \u00e9voque les textures et les couleurs de la nature canarienne, cr\u00e9ant un lien visuel et \u00e9motionnel avec l&rsquo;\u00eele. En plus de son attrait esth\u00e9tique, elle comprend un n\u0153ud rouge pour la suspendre, ce qui facilite son installation et ajoute un \u00e9l\u00e9ment d\u00e9coratif suppl\u00e9mentaire. Cet article n&rsquo;est pas seulement un souvenir repr\u00e9sentatif de Fuerteventura, mais aussi une excellente id\u00e9e pour les touristes \u00e0 la recherche d&rsquo;un souvenir authentique et significatif. Chez Ol\u00e9 Mosaic, nous sommes des distributeurs de souvenirs qui c\u00e9l\u00e8brent la culture canarienne, et cette boule de No\u00ebl est une option id\u00e9ale pour les boutiques de cadeaux touristiques souhaitant offrir \u00e0 leurs clients des produits uniques et empreints de tradition.<\/p>\n","protected":false},"excerpt":{"rendered":"<p>Boule de No\u00ebl d\u00e9corative pr\u00e9sent\u00e9e dans une bo\u00eete \u00e9l\u00e9gante, inspir\u00e9e du c\u00e9l\u00e8bre paysage de Fuerteventura. Cette boule pr\u00e9sente un design color\u00e9 d&rsquo;un hibou, de style mosa\u00efque, avec des tons vibrants de jaune, vert et rouge, repr\u00e9sentant la faune locale. La base de la boule est orn\u00e9e d&rsquo;un motif \u00e9voquant des textures naturelles et porte un n\u0153ud rouge pour la suspendre, ce qui en fait un cadeau parfait pour c\u00e9l\u00e9brer les f\u00eates avec une touche canarienne.<\/p>\n","protected":false},"featured_media":13785,"template":"","meta":{"_acf_changed":false},"product_brand":[],"product_cat":[659],"product_tag":[530,646],"class_list":{"0":"post-26004","1":"product","2":"type-product","3":"status-publish","4":"has-post-thumbnail","6":"product_cat-boules-de-noel","7":"product_tag-animaux","8":"product_tag-noel","9":"pa_ciudad-fuerteventura","10":"pa_motivo-hiboux","11":"pa_pais-espana","13":"first","14":"instock","15":"shipping-taxable","16":"product-type-simple"},"acf":[],"_links":{"self":[{"href":"https:\/\/olemosaic.orbitalia.org\/fr\/wp-json\/wp\/v2\/product\/26004","targetHints":{"allow":["GET"]}}],"collection":[{"href":"https:\/\/olemosaic.orbitalia.org\/fr\/wp-json\/wp\/v2\/product"}],"about":[{"href":"https:\/\/olemosaic.orbitalia.org\/fr\/wp-json\/wp\/v2\/types\/product"}],"wp:featuredmedia":[{"embeddable":true,"href":"https:\/\/olemosaic.orbitalia.org\/fr\/wp-json\/wp\/v2\/media\/13785"}],"wp:attachment":[{"href":"https:\/\/olemosaic.orbitalia.org\/fr\/wp-json\/wp\/v2\/media?parent=26004"}],"wp:term":[{"taxonomy":"product_brand","embeddable":true,"href":"https:\/\/olemosaic.orbitalia.org\/fr\/wp-json\/wp\/v2\/product_brand?post=26004"},{"taxonomy":"product_cat","embeddable":true,"href":"https:\/\/olemosaic.orbitalia.org\/fr\/wp-json\/wp\/v2\/product_cat?post=26004"},{"taxonomy":"product_tag","embeddable":true,"href":"https:\/\/olemosaic.orbitalia.org\/fr\/wp-json\/wp\/v2\/product_tag?post=26004"}],"curies":[{"name":"wp","href":"https:\/\/api.w.org\/{rel}","templated":true}]}}