{"id":25995,"date":"2025-02-20T23:28:03","date_gmt":"2025-02-20T22:28:03","guid":{"rendered":"https:\/\/olemosaic.orbitalia.org\/producto\/bol-de-coco-rojo-camello-fuerteventura\/"},"modified":"2025-07-25T19:26:10","modified_gmt":"2025-07-25T17:26:10","slug":"bol-noix-de-coco-rouge-chameau-fuerteventura","status":"publish","type":"product","link":"https:\/\/olemosaic.orbitalia.org\/fr\/produit\/bol-noix-de-coco-rouge-chameau-fuerteventura\/","title":{"rendered":"Bol en noix de coco rouge. Chameau. Fuerteventura."},"content":{"rendered":"<p>Bol en noix de coco rouge d\u00e9cor\u00e9 de motifs de chameau, inspir\u00e9 par l&rsquo;essence de Fuerteventura. Cet attrayant bol, soigneusement fabriqu\u00e9 avec une coque de noix de coco, est une repr\u00e9sentation authentique de la riche culture et du paysage des \u00eeles Canaries. Son design se distingue par un motif vibrant dans les tons rouges et blancs, combinant des cercles dispers\u00e9s de diff\u00e9rentes tailles, cr\u00e9ant un effet visuel captivant. Au centre, un chameau, symbole de la faune unique de Fuerteventura, s&rsquo;\u00e9rige comme la pi\u00e8ce centrale \u00e9voquant le paysage aride et magnifique de l&rsquo;\u00eele, ainsi que le lien historique avec les routes commerciales traditionnelles.<\/p>\n<p>Ce bol ne sert pas seulement d&rsquo;objet ornemental charmant, il est \u00e9galement parfait pour apporter une touche exotique \u00e0 la table, id\u00e9al pour des \u00e9v\u00e9nements ou comme cadeau m\u00e9morable repr\u00e9sentant la culture canarienne. La singularit\u00e9 de sa confection artisanale garantit que chaque pi\u00e8ce est unique, pr\u00e9servant l&rsquo;authenticit\u00e9 que les touristes recherchent dans un souvenir. Chez Ol\u00e9 Mosaic, en tant que distributeurs de souvenirs, nous proposons des produits comme ce bol en noix de coco qui capturent l&rsquo;essence de chaque r\u00e9gion. Ce souvenir de Fuerteventura est une excellente option pour les boutiques de cadeaux touristiques souhaitant offrir des articles culturels et significatifs, id\u00e9aux pour ceux qui d\u00e9sirent emporter un morceau de l&rsquo;\u00eele avec eux.<\/p>\n","protected":false},"excerpt":{"rendered":"<p>Bol en noix de coco rouge d\u00e9cor\u00e9 de motifs de chameau, inspir\u00e9 par l&rsquo;essence de Fuerteventura. Cet attrayant bol, fait de coque de noix de coco, se distingue par son design artisanal peint \u00e0 la main, o\u00f9 se m\u00ealent des tons rouges et blancs dans un motif de cercles. Au centre, un chameau symbolise la faune de l&rsquo;\u00eele, cr\u00e9ant un \u00e9l\u00e9ment d\u00e9coratif unique qui capture la culture et le paysage canarien. Parfait comme objet ornemental ou pour une utilisation \u00e0 table.<\/p>\n","protected":false},"featured_media":11993,"template":"","meta":{"_acf_changed":false},"product_brand":[],"product_cat":[521],"product_tag":[530],"class_list":{"0":"post-25995","1":"product","2":"type-product","3":"status-publish","4":"has-post-thumbnail","6":"product_cat-bols","7":"product_tag-animaux","8":"pa_ciudad-fuerteventura","9":"pa_motivo-chameaux","10":"pa_pais-espana","12":"first","13":"instock","14":"shipping-taxable","15":"product-type-simple"},"acf":[],"_links":{"self":[{"href":"https:\/\/olemosaic.orbitalia.org\/fr\/wp-json\/wp\/v2\/product\/25995","targetHints":{"allow":["GET"]}}],"collection":[{"href":"https:\/\/olemosaic.orbitalia.org\/fr\/wp-json\/wp\/v2\/product"}],"about":[{"href":"https:\/\/olemosaic.orbitalia.org\/fr\/wp-json\/wp\/v2\/types\/product"}],"wp:featuredmedia":[{"embeddable":true,"href":"https:\/\/olemosaic.orbitalia.org\/fr\/wp-json\/wp\/v2\/media\/11993"}],"wp:attachment":[{"href":"https:\/\/olemosaic.orbitalia.org\/fr\/wp-json\/wp\/v2\/media?parent=25995"}],"wp:term":[{"taxonomy":"product_brand","embeddable":true,"href":"https:\/\/olemosaic.orbitalia.org\/fr\/wp-json\/wp\/v2\/product_brand?post=25995"},{"taxonomy":"product_cat","embeddable":true,"href":"https:\/\/olemosaic.orbitalia.org\/fr\/wp-json\/wp\/v2\/product_cat?post=25995"},{"taxonomy":"product_tag","embeddable":true,"href":"https:\/\/olemosaic.orbitalia.org\/fr\/wp-json\/wp\/v2\/product_tag?post=25995"}],"curies":[{"name":"wp","href":"https:\/\/api.w.org\/{rel}","templated":true}]}}