{"id":25992,"date":"2025-02-20T22:28:03","date_gmt":"2025-02-20T22:28:03","guid":{"rendered":"https:\/\/olemosaic.orbitalia.org\/producto\/bol-de-coco-naranja-salamandra-gran-canaria\/"},"modified":"2025-07-25T18:57:02","modified_gmt":"2025-07-25T16:57:02","slug":"bol-noix-de-coco-orange-salamandre-grande-canarie","status":"publish","type":"product","link":"https:\/\/olemosaic.orbitalia.org\/fr\/produit\/bol-noix-de-coco-orange-salamandre-grande-canarie\/","title":{"rendered":"Bol en noix de coco orange. Salamandre. Grande Canarie."},"content":{"rendered":"<p>Bol en noix de coco orange d\u00e9cor\u00e9 d&rsquo;une salamandre de Grande Canarie<\/p>\n<p>Cet exquis bol en noix de coco orange est un exemple remarquable de l&rsquo;artisanat canarien, con\u00e7u pour ceux qui recherchent un souvenir authentique et repr\u00e9sentatif de la Grande Canarie. La pi\u00e8ce pr\u00e9sente un maillage complexe qui \u00e9voque la beaut\u00e9 naturelle des \u00eeles, cr\u00e9ant un jeu d&rsquo;ombre et de lumi\u00e8re qui captive le regard. Au centre du bol, une salamandre, symbole de la riche biodiversit\u00e9 canarienne, se d\u00e9tache gr\u00e2ce \u00e0 une finition dor\u00e9e qui ressort de mani\u00e8re vibrante sur le fond orange.<\/p>\n<p>Le texte \u00ab\u00a0Gran Canaria\u00a0\u00bb est \u00e9l\u00e9gamment incorpor\u00e9 dans l&rsquo;illustration, apportant une touche de sophistication qui rehausse son attrait. Fait \u00e0 la main, chaque bol est unique, ce qui souligne le d\u00e9vouement et l&rsquo;art des artisans locaux. Ce bol n&rsquo;est pas seulement fonctionnel, il ajoute \u00e9galement un \u00e9l\u00e9ment d\u00e9coratif qui enrichit n&rsquo;importe quel espace, devenant un centre de conversation attrayant.<\/p>\n<p>Ol\u00e9 Mosaic est fier de proposer ce type de souvenirs authentiques, id\u00e9aux pour les boutiques de cadeaux touristiques cherchant \u00e0 connecter les visiteurs avec la culture locale. Ce bol en noix de coco est, sans aucun doute, une excellente option pour les touristes qui souhaitent emporter un morceau de l&rsquo;essence canarienne chez eux. \u00c0 travers nos produits, les voyageurs peuvent profiter d&rsquo;une partie des \u00eeles Canaries et de leur riche h\u00e9ritage culturel, transformant chaque achat en un souvenir inoubliable.<\/p>\n","protected":false},"excerpt":{"rendered":"<p>Bol en noix de coco orang\u00e9 d\u00e9cor\u00e9 d&rsquo;un design complexe en forme de maillage qui \u00e9voque la beaut\u00e9 de la nature canarienne. Cet article attrayant pr\u00e9sente une illustration d&rsquo;une salamandre au centre, avec l&rsquo;inscription \u00ab\u00a0Gran Canaria\u00a0\u00bb dans une finition dor\u00e9e qui ressort sur le fond vibrant. Fait \u00e0 la main, ce bol n&rsquo;est pas seulement un souvenir parfait de la Grande Canarie, mais il ajoute \u00e9galement une touche exotique et culturelle \u00e0 n&rsquo;importe quel espace.<\/p>\n","protected":false},"featured_media":10121,"template":"","meta":{"_acf_changed":false},"product_brand":[],"product_cat":[521],"product_tag":[530],"class_list":{"0":"post-25992","1":"product","2":"type-product","3":"status-publish","4":"has-post-thumbnail","6":"product_cat-bols","7":"product_tag-animaux","8":"pa_ciudad-gran-canaria","9":"pa_motivo-salamandres","10":"pa_pais-espana","12":"first","13":"instock","14":"shipping-taxable","15":"product-type-simple"},"acf":[],"_links":{"self":[{"href":"https:\/\/olemosaic.orbitalia.org\/fr\/wp-json\/wp\/v2\/product\/25992","targetHints":{"allow":["GET"]}}],"collection":[{"href":"https:\/\/olemosaic.orbitalia.org\/fr\/wp-json\/wp\/v2\/product"}],"about":[{"href":"https:\/\/olemosaic.orbitalia.org\/fr\/wp-json\/wp\/v2\/types\/product"}],"wp:featuredmedia":[{"embeddable":true,"href":"https:\/\/olemosaic.orbitalia.org\/fr\/wp-json\/wp\/v2\/media\/10121"}],"wp:attachment":[{"href":"https:\/\/olemosaic.orbitalia.org\/fr\/wp-json\/wp\/v2\/media?parent=25992"}],"wp:term":[{"taxonomy":"product_brand","embeddable":true,"href":"https:\/\/olemosaic.orbitalia.org\/fr\/wp-json\/wp\/v2\/product_brand?post=25992"},{"taxonomy":"product_cat","embeddable":true,"href":"https:\/\/olemosaic.orbitalia.org\/fr\/wp-json\/wp\/v2\/product_cat?post=25992"},{"taxonomy":"product_tag","embeddable":true,"href":"https:\/\/olemosaic.orbitalia.org\/fr\/wp-json\/wp\/v2\/product_tag?post=25992"}],"curies":[{"name":"wp","href":"https:\/\/api.w.org\/{rel}","templated":true}]}}