{"id":25989,"date":"2025-02-20T23:28:02","date_gmt":"2025-02-20T22:28:02","guid":{"rendered":"https:\/\/olemosaic.orbitalia.org\/producto\/bol-de-coco-marron-delfin-barcelona\/"},"modified":"2025-07-25T18:39:15","modified_gmt":"2025-07-25T16:39:15","slug":"bol-noix-de-coco-marron-dauphin-barcelone","status":"publish","type":"product","link":"https:\/\/olemosaic.orbitalia.org\/fr\/produit\/bol-noix-de-coco-marron-dauphin-barcelone\/","title":{"rendered":"Bol en noix de coco marron. Dauphin. Barcelone. D\u00e9tails dor\u00e9s"},"content":{"rendered":"<p>Bol d\u00e9coratif en noix de coco marron, inspir\u00e9 par la faune marine de Barcelone. Ce bol \u00e9l\u00e9gant se distingue par son design exclusif, avec un charmant dessin de dauphins au centre, mis en valeur par de subtils d\u00e9tails dor\u00e9s qui contrastent avec la finition marron de la noix de coco. La technique de fabrication artisanale garantit que chaque pi\u00e8ce est unique, refl\u00e9tant le d\u00e9vouement et l&rsquo;art des artisans locaux. Les dauphins, symboles de la richesse marine de la c\u00f4te catalane, \u00e9voquent la joie et la vitalit\u00e9 de Barcelone, faisant de ce bol un souvenir repr\u00e9sentatif de la culture maritime de la ville.<\/p>\n<p>Avec une taille id\u00e9ale pour d\u00e9corer n&rsquo;importe quelle maison, ce bol en noix de coco marron est parfait pour les tables et les \u00e9tag\u00e8res, apportant une touche de sophistication et d&rsquo;authenticit\u00e9 \u00e0 n&rsquo;importe quel espace. \u00c9labor\u00e9 avec une approche durable, cet article artisanal n&rsquo;est pas seulement un excellent souvenir de Barcelone, mais souligne \u00e9galement l&rsquo;importance culturelle et \u00e9cologique de l&rsquo;artisanat local.<\/p>\n<p>Chez Ol\u00e9 Mosaic, nous nous sp\u00e9cialisons dans la distribution de souvenirs en gros qui capturent l&rsquo;essence de chaque r\u00e9gion, et ce bol en noix de coco est une option fantastique pour les boutiques de cadeaux touristiques cherchant \u00e0 offrir \u00e0 leurs clients des produits de qualit\u00e9, authentiques et pleins de sens. Avec ce bol, chaque client peut emporter chez lui un morceau de la vibrante culture barcelonaise.<\/p>\n","protected":false},"excerpt":{"rendered":"<p>Bol d\u00e9coratif en noix de coco marron, inspir\u00e9 par la faune marine de Barcelone. Ce bol \u00e9l\u00e9gant pr\u00e9sente un design unique de dauphins au centre, mis en valeur par des d\u00e9tails dor\u00e9s qui contrastent avec la finition marron de la noix de coco. Sa technique de fabrication inclut un design artisanal soign\u00e9, peint \u00e0 la main, ce qui lui donne un aspect artisanal et distinctif. Id\u00e9al pour orner n&rsquo;importe quel espace, ce bol est un souvenir charmant de la culture vibrante de la ville.<\/p>\n","protected":false},"featured_media":10154,"template":"","meta":{"_acf_changed":false},"product_brand":[],"product_cat":[521],"product_tag":[530],"class_list":{"0":"post-25989","1":"product","2":"type-product","3":"status-publish","4":"has-post-thumbnail","6":"product_cat-bols","7":"product_tag-animaux","8":"pa_ciudad-barcelona","9":"pa_motivo-dauphins","10":"pa_pais-espana","12":"first","13":"instock","14":"shipping-taxable","15":"product-type-simple"},"acf":[],"_links":{"self":[{"href":"https:\/\/olemosaic.orbitalia.org\/fr\/wp-json\/wp\/v2\/product\/25989","targetHints":{"allow":["GET"]}}],"collection":[{"href":"https:\/\/olemosaic.orbitalia.org\/fr\/wp-json\/wp\/v2\/product"}],"about":[{"href":"https:\/\/olemosaic.orbitalia.org\/fr\/wp-json\/wp\/v2\/types\/product"}],"wp:featuredmedia":[{"embeddable":true,"href":"https:\/\/olemosaic.orbitalia.org\/fr\/wp-json\/wp\/v2\/media\/10154"}],"wp:attachment":[{"href":"https:\/\/olemosaic.orbitalia.org\/fr\/wp-json\/wp\/v2\/media?parent=25989"}],"wp:term":[{"taxonomy":"product_brand","embeddable":true,"href":"https:\/\/olemosaic.orbitalia.org\/fr\/wp-json\/wp\/v2\/product_brand?post=25989"},{"taxonomy":"product_cat","embeddable":true,"href":"https:\/\/olemosaic.orbitalia.org\/fr\/wp-json\/wp\/v2\/product_cat?post=25989"},{"taxonomy":"product_tag","embeddable":true,"href":"https:\/\/olemosaic.orbitalia.org\/fr\/wp-json\/wp\/v2\/product_tag?post=25989"}],"curies":[{"name":"wp","href":"https:\/\/api.w.org\/{rel}","templated":true}]}}