{"id":25952,"date":"2025-02-20T23:28:02","date_gmt":"2025-02-20T22:28:02","guid":{"rendered":"https:\/\/olemosaic.orbitalia.org\/producto\/bol-de-coco-fucsia-sardina-lisboa\/"},"modified":"2025-07-25T20:03:10","modified_gmt":"2025-07-25T18:03:10","slug":"bol-de-coco-fuchsia-sardine-lisbonne","status":"publish","type":"product","link":"https:\/\/olemosaic.orbitalia.org\/fr\/produit\/bol-de-coco-fuchsia-sardine-lisbonne\/","title":{"rendered":"Bol de coco fuchsia. Sardine. Lettres Lisbonne."},"content":{"rendered":"<p>Bol de coco fuchsia d\u00e9cor\u00e9 d&rsquo;un design tr\u00e8s sp\u00e9cial de sardine, inspir\u00e9 de la culture lisbo\u00e8te. Ce bol attrayant capture l&rsquo;essence vibrante de Lisbonne, avec une finition brillante qui combine un fond blanc lumineux parsem\u00e9 de taches fuchsia. Le centre du bol est orn\u00e9 d&rsquo;un graphique \u00e9l\u00e9gant d&rsquo;une sardine, symbole de la riche tradition culinaire de la r\u00e9gion, accompagn\u00e9 du nom \u00ab\u00a0Lisboa\u00a0\u00bb en lettres dor\u00e9es qui ajoutent une touche de sophistication et d&rsquo;authenticit\u00e9.<\/p>\n<p>Le design color\u00e9 et frappant de ce bol n&rsquo;en fait pas seulement un excellent objet d\u00e9coratif, mais il est \u00e9galement id\u00e9al pour un usage quotidien, que ce soit pour servir des ap\u00e9ritifs, des fruits ou comme \u00e9l\u00e9ment central sur la table. La combinaison de l&rsquo;artisanat traditionnel et du design contemporain le rend parfait pour les touristes \u00e0 la recherche de souvenirs repr\u00e9sentatifs de Lisbonne, capturant son caract\u00e8re joyeux et accueillant.<\/p>\n<p>Chez Ol\u00e9 Mosaic, nous sommes fiers de proposer des souvenirs authentiques et de haute qualit\u00e9 en gros. Ce bol de coco fuchsia est une merveilleuse option pour les boutiques de cadeaux touristiques qui souhaitent offrir \u00e0 leurs clients un souvenir m\u00e9morable de leur visite \u00e0 Lisbonne, alliant fonctionnalit\u00e9 et design attrayant qui c\u00e9l\u00e8bre la culture et la tradition de la ville.<\/p>\n","protected":false},"excerpt":{"rendered":"<p>Bol de coco fuchsia d\u00e9cor\u00e9 d&rsquo;un design tr\u00e8s sp\u00e9cial de sardine, inspir\u00e9 de la culture lisbo\u00e8te. Ce bol attrayant pr\u00e9sente une finition brillante avec des taches fuchsia sur fond blanc, \u00e9voquant le style vibrant de la ville. Au centre, un dessin \u00e9l\u00e9gant d&rsquo;une sardine et le nom \u00ab\u00a0Lisboa\u00a0\u00bb en lettres dor\u00e9es ajoutent une touche authentique. Id\u00e9al comme pi\u00e8ce d\u00e9corative ou pour un usage quotidien, il allie fonctionnalit\u00e9 et design frappant et color\u00e9.<\/p>\n","protected":false},"featured_media":12035,"template":"","meta":{"_acf_changed":false},"product_brand":[],"product_cat":[521],"product_tag":[530],"class_list":{"0":"post-25952","1":"product","2":"type-product","3":"status-publish","4":"has-post-thumbnail","6":"product_cat-bols","7":"product_tag-animaux","8":"pa_ciudad-lisboa","9":"pa_motivo-sardines","10":"pa_pais-portugal","12":"first","13":"instock","14":"shipping-taxable","15":"product-type-simple"},"acf":[],"_links":{"self":[{"href":"https:\/\/olemosaic.orbitalia.org\/fr\/wp-json\/wp\/v2\/product\/25952","targetHints":{"allow":["GET"]}}],"collection":[{"href":"https:\/\/olemosaic.orbitalia.org\/fr\/wp-json\/wp\/v2\/product"}],"about":[{"href":"https:\/\/olemosaic.orbitalia.org\/fr\/wp-json\/wp\/v2\/types\/product"}],"wp:featuredmedia":[{"embeddable":true,"href":"https:\/\/olemosaic.orbitalia.org\/fr\/wp-json\/wp\/v2\/media\/12035"}],"wp:attachment":[{"href":"https:\/\/olemosaic.orbitalia.org\/fr\/wp-json\/wp\/v2\/media?parent=25952"}],"wp:term":[{"taxonomy":"product_brand","embeddable":true,"href":"https:\/\/olemosaic.orbitalia.org\/fr\/wp-json\/wp\/v2\/product_brand?post=25952"},{"taxonomy":"product_cat","embeddable":true,"href":"https:\/\/olemosaic.orbitalia.org\/fr\/wp-json\/wp\/v2\/product_cat?post=25952"},{"taxonomy":"product_tag","embeddable":true,"href":"https:\/\/olemosaic.orbitalia.org\/fr\/wp-json\/wp\/v2\/product_tag?post=25952"}],"curies":[{"name":"wp","href":"https:\/\/api.w.org\/{rel}","templated":true}]}}