{"id":25951,"date":"2025-02-20T23:28:02","date_gmt":"2025-02-20T22:28:02","guid":{"rendered":"https:\/\/olemosaic.orbitalia.org\/producto\/bol-de-coco-fucsia-ibiscus\/"},"modified":"2025-07-25T20:37:45","modified_gmt":"2025-07-25T18:37:45","slug":"bol-de-coco-fuchsia-hibiscus","status":"publish","type":"product","link":"https:\/\/olemosaic.orbitalia.org\/fr\/produit\/bol-de-coco-fuchsia-hibiscus\/","title":{"rendered":"Bol de coco fuchsia. Fleur tropicale Hibiscus."},"content":{"rendered":"<p>Bol de coco fuchsia d\u00e9cor\u00e9 de motifs d&rsquo;hibiscus<\/p>\n<p>D\u00e9couvrez notre bol de coco fuchsia vibrant, une pi\u00e8ce artisanale qui transforme n&rsquo;importe quel espace avec une touche carib\u00e9enne et color\u00e9e. Ce magnifique bol, \u00e9labor\u00e9 avec soin, pr\u00e9sente une finition brillante qui souligne son ton fuchsia intense. Au centre, il arbore une d\u00e9licate fleur d&rsquo;hibiscus, symbole de la beaut\u00e9 tropicale, entour\u00e9e de charmants c\u0153urs dans les tons fuchsia qui ajoutent un air ludique et joyeux.<\/p>\n<p>Id\u00e9al comme accessoire d\u00e9coratif pour la table ou comme point focal dans la d\u00e9coration int\u00e9rieure, ce bol de coco n&rsquo;est pas seulement fonctionnel, il \u00e9voque \u00e9galement le charme des plages et des paysages paradisiaques des Cara\u00efbes. Son design vibrant, en plus d&rsquo;attirer l&rsquo;attention, raconte une histoire culturelle, repr\u00e9sentant la chaleur et l&rsquo;hospitalit\u00e9 des r\u00e9gions tropicales.<\/p>\n<p>Chez Ol\u00e9 Mosaic, nous nous sp\u00e9cialisons dans la distribution de souvenirs authentiques et originaux, et ce bol est une excellente option pour les boutiques de cadeaux touristiques \u00e0 la recherche d&rsquo;articles uniques et repr\u00e9sentatifs. Avec son attrait visuel et son lien culturel, ce bol de coco fuchsia est le souvenir parfait des merveilles des Cara\u00efbes, id\u00e9al pour les touristes qui souhaitent emporter un petit morceau de ce monde vibrant.<\/p>\n","protected":false},"excerpt":{"rendered":"<p>Bol de coco fuchsia d\u00e9cor\u00e9 de motifs d&rsquo;hibiscus, id\u00e9al pour ajouter une touche de couleur \u00e0 n&rsquo;importe quel environnement. Cette pi\u00e8ce attrayante est fabriqu\u00e9e artisanalement, avec une finition brillante et une fleur tropicale au centre, entour\u00e9e de c\u0153urs fuchsia. Son design vibrant et joyeux \u00e9voque la culture et le charme des Cara\u00efbes, en faisant un accessoire parfait pour la table ou la d\u00e9coration int\u00e9rieure.<\/p>\n","protected":false},"featured_media":13453,"template":"","meta":{"_acf_changed":false},"product_brand":[],"product_cat":[521],"product_tag":[],"class_list":{"0":"post-25951","1":"product","2":"type-product","3":"status-publish","4":"has-post-thumbnail","6":"product_cat-bols","7":"pa_motivo-hibiscus","9":"first","10":"instock","11":"shipping-taxable","12":"product-type-simple"},"acf":[],"_links":{"self":[{"href":"https:\/\/olemosaic.orbitalia.org\/fr\/wp-json\/wp\/v2\/product\/25951","targetHints":{"allow":["GET"]}}],"collection":[{"href":"https:\/\/olemosaic.orbitalia.org\/fr\/wp-json\/wp\/v2\/product"}],"about":[{"href":"https:\/\/olemosaic.orbitalia.org\/fr\/wp-json\/wp\/v2\/types\/product"}],"wp:featuredmedia":[{"embeddable":true,"href":"https:\/\/olemosaic.orbitalia.org\/fr\/wp-json\/wp\/v2\/media\/13453"}],"wp:attachment":[{"href":"https:\/\/olemosaic.orbitalia.org\/fr\/wp-json\/wp\/v2\/media?parent=25951"}],"wp:term":[{"taxonomy":"product_brand","embeddable":true,"href":"https:\/\/olemosaic.orbitalia.org\/fr\/wp-json\/wp\/v2\/product_brand?post=25951"},{"taxonomy":"product_cat","embeddable":true,"href":"https:\/\/olemosaic.orbitalia.org\/fr\/wp-json\/wp\/v2\/product_cat?post=25951"},{"taxonomy":"product_tag","embeddable":true,"href":"https:\/\/olemosaic.orbitalia.org\/fr\/wp-json\/wp\/v2\/product_tag?post=25951"}],"curies":[{"name":"wp","href":"https:\/\/api.w.org\/{rel}","templated":true}]}}