{"id":25947,"date":"2025-02-20T23:28:01","date_gmt":"2025-02-20T22:28:01","guid":{"rendered":"https:\/\/olemosaic.orbitalia.org\/producto\/bol-de-coco-naranja-delfin-gran-canaria\/"},"modified":"2025-07-25T18:48:06","modified_gmt":"2025-07-25T16:48:06","slug":"bol-en-noix-de-coco-orange-dauphin-gran-canaria","status":"publish","type":"product","link":"https:\/\/olemosaic.orbitalia.org\/fr\/produit\/bol-en-noix-de-coco-orange-dauphin-gran-canaria\/","title":{"rendered":"Bol en noix de coco orange. Dauphin. Gran Canaria."},"content":{"rendered":"<p>Bol d\u00e9coratif en noix de coco de Gran Canaria, peint \u00e0 la main dans des tons orang\u00e9s vibrants et orn\u00e9 d&rsquo;une magnifique illustration de deux dauphins, symboles de la richesse marine de l&rsquo;archipel des Canaries. Ce bol, m\u00e9ticuleusement fabriqu\u00e9 \u00e0 partir de coque de noix de coco, se distingue par sa texture organique et son design unique, capturant l&rsquo;essence de l&rsquo;environnement maritime de Gran Canaria. Les dauphins, repr\u00e9sent\u00e9s dans des tons doux de bleu et de gris, semblent danser \u00e0 la surface du bol, \u00e9voquant la joie et la libert\u00e9 de l&rsquo;oc\u00e9an.<\/p>\n<p>De plus, \u00e0 la base du bol se trouve un d\u00e9licat d\u00e9tail en nacre qui ajoute une touche d&rsquo;\u00e9l\u00e9gance et d&rsquo;authenticit\u00e9 \u00e0 la pi\u00e8ce, en faisant un article d\u00e9coratif id\u00e9al aussi bien pour la maison que pour ceux qui souhaitent un souvenir sp\u00e9cial de leur visite dans cette magnifique destination. La combinaison de sa finition artisanale et du symbolisme des dauphins en fait un cadeau significatif, parfait pour ceux qui recherchent des souvenirs repr\u00e9sentatifs de Gran Canaria.<\/p>\n<p>Chez Ol\u00e9 Mosaic, nous proposons des produits authentiques et de qualit\u00e9 en gros, garantissant que chaque souvenir, comme ce bol en noix de coco, ne soit pas seulement un cadeau, mais une repr\u00e9sentation culturelle significative du riche h\u00e9ritage des \u00eeles Canaries. Cet article est une excellente option pour les boutiques de cadeaux touristiques souhaitant attirer les visiteurs avec des souvenirs authentiques et \u00e9vocateurs.<\/p>\n","protected":false},"excerpt":{"rendered":"<p>Bol en noix de coco orang\u00e9, d\u00e9cor\u00e9 d&rsquo;une illustration de deux dauphins \u00e9voquant la beaut\u00e9 marine de Gran Canaria. Ce pr\u00e9cieux bol, fabriqu\u00e9 \u00e0 partir de coque de noix de coco, pr\u00e9sente une technique de design artisanal, peint \u00e0 la main, qui souligne sa texture unique et ses tons orang\u00e9s chaleureux. \u00c0 la base, un d\u00e9tail nacr\u00e9 capture l&rsquo;essence de l&rsquo;archipel canarien, en faisant un objet d\u00e9coratif id\u00e9al pour n&rsquo;importe quel foyer ou comme souvenir.<\/p>\n","protected":false},"featured_media":10149,"template":"","meta":{"_acf_changed":false},"product_brand":[],"product_cat":[521],"product_tag":[530],"class_list":{"0":"post-25947","1":"product","2":"type-product","3":"status-publish","4":"has-post-thumbnail","6":"product_cat-bols","7":"product_tag-animaux","8":"pa_ciudad-gran-canaria","9":"pa_motivo-dauphins","10":"pa_pais-espana","12":"first","13":"instock","14":"shipping-taxable","15":"product-type-simple"},"acf":[],"_links":{"self":[{"href":"https:\/\/olemosaic.orbitalia.org\/fr\/wp-json\/wp\/v2\/product\/25947","targetHints":{"allow":["GET"]}}],"collection":[{"href":"https:\/\/olemosaic.orbitalia.org\/fr\/wp-json\/wp\/v2\/product"}],"about":[{"href":"https:\/\/olemosaic.orbitalia.org\/fr\/wp-json\/wp\/v2\/types\/product"}],"wp:featuredmedia":[{"embeddable":true,"href":"https:\/\/olemosaic.orbitalia.org\/fr\/wp-json\/wp\/v2\/media\/10149"}],"wp:attachment":[{"href":"https:\/\/olemosaic.orbitalia.org\/fr\/wp-json\/wp\/v2\/media?parent=25947"}],"wp:term":[{"taxonomy":"product_brand","embeddable":true,"href":"https:\/\/olemosaic.orbitalia.org\/fr\/wp-json\/wp\/v2\/product_brand?post=25947"},{"taxonomy":"product_cat","embeddable":true,"href":"https:\/\/olemosaic.orbitalia.org\/fr\/wp-json\/wp\/v2\/product_cat?post=25947"},{"taxonomy":"product_tag","embeddable":true,"href":"https:\/\/olemosaic.orbitalia.org\/fr\/wp-json\/wp\/v2\/product_tag?post=25947"}],"curies":[{"name":"wp","href":"https:\/\/api.w.org\/{rel}","templated":true}]}}