{"id":25938,"date":"2025-02-20T23:28:00","date_gmt":"2025-02-20T22:28:00","guid":{"rendered":"https:\/\/olemosaic.orbitalia.org\/producto\/bol-de-coco-con-flores-salamandra-tenerife\/"},"modified":"2025-07-25T18:34:58","modified_gmt":"2025-07-25T16:34:58","slug":"bol-noix-de-coco-fleurs-salamandre-tenerife","status":"publish","type":"product","link":"https:\/\/olemosaic.orbitalia.org\/fr\/produit\/bol-noix-de-coco-fleurs-salamandre-tenerife\/","title":{"rendered":"Bol en noix de coco avec fleurs. Salamandre. Tenerife."},"content":{"rendered":"<p>Bol en noix de coco d\u00e9cor\u00e9 de fleurs color\u00e9es et d&rsquo;illustrations de salamandres, repr\u00e9sentant l&rsquo;essence de Tenerife. Ce joyau de l&rsquo;artisanat canarien, \u00e9labor\u00e9 de mani\u00e8re artisanale avec un effet peint \u00e0 la main, est unique pour chaque pi\u00e8ce. Son design vibrant, sur une base de tons jaunes, est compl\u00e9t\u00e9 par des motifs floraux en bleu, rouge et dor\u00e9, cr\u00e9ant une d\u00e9coration joyeuse et vibrante qui \u00e9voque l&rsquo;ambiance tropicale des \u00eeles Canaries. Au centre, se d\u00e9tache l&rsquo;illustration de deux salamandres, symboles de la richesse naturelle et culturelle de Tenerife, entour\u00e9es d&rsquo;une mosa\u00efque qui ajoute une touche d&rsquo;\u00e9l\u00e9gance et de tradition.<\/p>\n<p>Ce bol n&rsquo;est pas seulement id\u00e9al pour servir des aliments, il peut aussi \u00eatre un objet d\u00e9coratif impressionnant dans n&rsquo;importe quel foyer. Son authenticit\u00e9 en tant que souvenir refl\u00e8te la culture et les traditions de Tenerife, devenant un souvenir in\u00e9galable pour les touristes souhaitant emporter un morceau de l&rsquo;\u00eele. Chez Ol\u00e9 Mosaic, nous proposons des souvenirs repr\u00e9sentatifs de grande qualit\u00e9 et attractifs, et ce bol en noix de coco est une option exceptionnelle pour les boutiques de cadeaux touristiques recherchant des produits artisanaux \u00e0 forte valeur culturelle. En tant que grossistes de souvenirs, nous garantissons que chaque pi\u00e8ce se distingue par son design cr\u00e9atif et son lien avec l&rsquo;identit\u00e9 de Tenerife.<\/p>\n","protected":false},"excerpt":{"rendered":"<p>Bol en noix de coco d\u00e9cor\u00e9 de fleurs color\u00e9es et d&rsquo;une illustration de salamandres, \u00e9voquant l&rsquo;essence de Tenerife. Ce produit artisanal pr\u00e9sente un design vibrant avec une base dans des tons jaunes et des motifs floraux en bleu, rouge et dor\u00e9, cr\u00e9ant un attrait visuel unique. Peint dans un style artisanal, ce bol allie tradition et cr\u00e9ativit\u00e9, id\u00e9al pour servir ou pour \u00eatre expos\u00e9 comme \u00e9l\u00e9ment d\u00e9coratif dans la maison. Un souvenir distinctif des \u00eeles Canaries.<\/p>\n","protected":false},"featured_media":10336,"template":"","meta":{"_acf_changed":false},"product_brand":[],"product_cat":[521],"product_tag":[530],"class_list":{"0":"post-25938","1":"product","2":"type-product","3":"status-publish","4":"has-post-thumbnail","6":"product_cat-bols","7":"product_tag-animaux","8":"pa_ciudad-tenerife","9":"pa_motivo-salamandres","10":"pa_pais-espana","12":"first","13":"instock","14":"shipping-taxable","15":"product-type-simple"},"acf":[],"_links":{"self":[{"href":"https:\/\/olemosaic.orbitalia.org\/fr\/wp-json\/wp\/v2\/product\/25938","targetHints":{"allow":["GET"]}}],"collection":[{"href":"https:\/\/olemosaic.orbitalia.org\/fr\/wp-json\/wp\/v2\/product"}],"about":[{"href":"https:\/\/olemosaic.orbitalia.org\/fr\/wp-json\/wp\/v2\/types\/product"}],"wp:featuredmedia":[{"embeddable":true,"href":"https:\/\/olemosaic.orbitalia.org\/fr\/wp-json\/wp\/v2\/media\/10336"}],"wp:attachment":[{"href":"https:\/\/olemosaic.orbitalia.org\/fr\/wp-json\/wp\/v2\/media?parent=25938"}],"wp:term":[{"taxonomy":"product_brand","embeddable":true,"href":"https:\/\/olemosaic.orbitalia.org\/fr\/wp-json\/wp\/v2\/product_brand?post=25938"},{"taxonomy":"product_cat","embeddable":true,"href":"https:\/\/olemosaic.orbitalia.org\/fr\/wp-json\/wp\/v2\/product_cat?post=25938"},{"taxonomy":"product_tag","embeddable":true,"href":"https:\/\/olemosaic.orbitalia.org\/fr\/wp-json\/wp\/v2\/product_tag?post=25938"}],"curies":[{"name":"wp","href":"https:\/\/api.w.org\/{rel}","templated":true}]}}