{"id":25937,"date":"2025-02-20T23:28:00","date_gmt":"2025-02-20T22:28:00","guid":{"rendered":"https:\/\/olemosaic.orbitalia.org\/producto\/bol-de-coco-con-flores-delfin-gran-canaria\/"},"modified":"2025-07-25T19:02:52","modified_gmt":"2025-07-25T17:02:52","slug":"bol-noix-de-coco-fleurs-dauphin-grande-canarie","status":"publish","type":"product","link":"https:\/\/olemosaic.orbitalia.org\/fr\/produit\/bol-noix-de-coco-fleurs-dauphin-grande-canarie\/","title":{"rendered":"Bol en noix de coco avec fleurs. Dauphin. Grande Canarie."},"content":{"rendered":"<p>Bol en noix de coco d\u00e9cor\u00e9 \u00e0 la main, inspir\u00e9 par la beaut\u00e9 de la Grande Canarie. Ce bol original pr\u00e9sente un design vibrant et joyeux, orn\u00e9 de motifs complexes de dauphins et de fleurs. \u00c0 l&rsquo;int\u00e9rieur, la combinaison de couleurs multicolores resplendit dans des tons jaunes, bleus et rouges, cr\u00e9ant un effet visuel captivant qui \u00e9voque les eaux cristallines et la flore tropicale de l&rsquo;\u00eele. La technique de peinture \u00e0 la main garantit que chaque pi\u00e8ce est unique, soulignant le d\u00e9vouement et le savoir-faire des artisans locaux. Le texte \u00ab\u00a0Gran Canaria\u00a0\u00bb est pr\u00e9sent\u00e9 \u00e9l\u00e9gamment, ajoutant une touche distinctive et personnelle au bol.<\/p>\n<p>Ce bol en noix de coco n&rsquo;est pas seulement une pi\u00e8ce d\u00e9corative exquise, il sert \u00e9galement d&rsquo;accessoire fonctionnel pour la maison, id\u00e9al pour servir des ap\u00e9ritifs ou comme \u00e9l\u00e9ment d\u00e9coratif dans n&rsquo;importe quelle pi\u00e8ce. Son lien culturel est ind\u00e9niable, refl\u00e9tant l&rsquo;essence de la Grande Canarie et devenant un souvenir significatif pour ceux qui la visitent. De plus, c&rsquo;est une excellente option pour les touristes \u00e0 la recherche de souvenirs authentiques et color\u00e9s, parfaits pour se rem\u00e9morer leur exp\u00e9rience sur l&rsquo;\u00eele. Chez Ol\u00e9 Mosaic, nous sommes fiers de proposer des souvenirs de la Grande Canarie qui c\u00e9l\u00e8brent la riche culture et les traditions de la r\u00e9gion, faisant de ce bol une pi\u00e8ce ma\u00eetresse de toute collection.<\/p>\n","protected":false},"excerpt":{"rendered":"<p>Bol en noix de coco d\u00e9cor\u00e9 dans un style artisanal, inspir\u00e9 par la beaut\u00e9 de la Grande Canarie. Ce bol original pr\u00e9sente un design joyeux avec des motifs de dauphins et de fleurs, soulignant sa d\u00e9coration multicolore complexe dans des tons jaunes, bleus et rouges. La technique de design artisanal, peint \u00e0 la main, souligne la singularit\u00e9 de chaque pi\u00e8ce, et l&rsquo;inscription \u00ab\u00a0Gran Canaria\u00a0\u00bb ajoute une touche distinctive. Parfait comme souvenir ou pour donner une touche exotique \u00e0 n&rsquo;importe quel foyer.<\/p>\n","protected":false},"featured_media":10360,"template":"","meta":{"_acf_changed":false},"product_brand":[],"product_cat":[521],"product_tag":[530],"class_list":{"0":"post-25937","1":"product","2":"type-product","3":"status-publish","4":"has-post-thumbnail","6":"product_cat-bols","7":"product_tag-animaux","8":"pa_ciudad-gran-canaria","9":"pa_motivo-dauphins","10":"pa_pais-espana","12":"first","13":"instock","14":"shipping-taxable","15":"product-type-simple"},"acf":[],"_links":{"self":[{"href":"https:\/\/olemosaic.orbitalia.org\/fr\/wp-json\/wp\/v2\/product\/25937","targetHints":{"allow":["GET"]}}],"collection":[{"href":"https:\/\/olemosaic.orbitalia.org\/fr\/wp-json\/wp\/v2\/product"}],"about":[{"href":"https:\/\/olemosaic.orbitalia.org\/fr\/wp-json\/wp\/v2\/types\/product"}],"wp:featuredmedia":[{"embeddable":true,"href":"https:\/\/olemosaic.orbitalia.org\/fr\/wp-json\/wp\/v2\/media\/10360"}],"wp:attachment":[{"href":"https:\/\/olemosaic.orbitalia.org\/fr\/wp-json\/wp\/v2\/media?parent=25937"}],"wp:term":[{"taxonomy":"product_brand","embeddable":true,"href":"https:\/\/olemosaic.orbitalia.org\/fr\/wp-json\/wp\/v2\/product_brand?post=25937"},{"taxonomy":"product_cat","embeddable":true,"href":"https:\/\/olemosaic.orbitalia.org\/fr\/wp-json\/wp\/v2\/product_cat?post=25937"},{"taxonomy":"product_tag","embeddable":true,"href":"https:\/\/olemosaic.orbitalia.org\/fr\/wp-json\/wp\/v2\/product_tag?post=25937"}],"curies":[{"name":"wp","href":"https:\/\/api.w.org\/{rel}","templated":true}]}}