{"id":25935,"date":"2025-02-20T23:27:59","date_gmt":"2025-02-20T22:27:59","guid":{"rendered":"https:\/\/olemosaic.orbitalia.org\/producto\/bol-de-coco-beige-tortuga-barcelona\/"},"modified":"2025-07-25T20:02:46","modified_gmt":"2025-07-25T18:02:46","slug":"bol-noix-de-coco-beige-tortue-barcelone","status":"publish","type":"product","link":"https:\/\/olemosaic.orbitalia.org\/fr\/produit\/bol-noix-de-coco-beige-tortue-barcelone\/","title":{"rendered":"Bol en noix de coco beige. Tortue. Barcelone."},"content":{"rendered":"<p>Bol en noix de coco beige d\u00e9cor\u00e9 d&rsquo;une tortue, inspir\u00e9 par la faune marine de Barcelone. Ce bol exquis est une v\u00e9ritable \u0153uvre d&rsquo;art qui fusionne la nature et la culture locale, parfait pour ceux qui recherchent un souvenir significatif de leur visite dans la vibrante cit\u00e9 comtale. La tortue \u00e0 l&rsquo;effet peint \u00e0 la main au centre capte imm\u00e9diatement l&rsquo;attention, symbolisant la riche biodiversit\u00e9 des eaux m\u00e9diterran\u00e9ennes et l&rsquo;engagement de Barcelone envers la conservation de l&rsquo;environnement. Son design, entour\u00e9 de formes ovales imitant des coquillages, utilise une palette de tons doux et naturels qui \u00e9voquent la tranquillit\u00e9 des plages et l&rsquo;essence de la mer.<\/p>\n<p>Le mat\u00e9riau en noix de coco apporte non seulement un aspect organique et durable, mais ajoute \u00e9galement de la robustesse au produit, ce qui le rend id\u00e9al tant pour un usage d\u00e9coratif que comme r\u00e9cipient pratique dans la maison. Le texte \u00ab\u00a0Barcelone\u00a0\u00bb ressort clairement, soulignant le lien avec la ville et faisant de ce bol un souvenir embl\u00e9matique. Ce bol en noix de coco est un choix exceptionnel pour les boutiques de cadeaux touristiques \u00e0 la recherche de souvenirs authentiques et culturellement significatifs. Chez Ol\u00e9 Mosaic, notre engagement en tant que distributeurs de souvenirs est de proposer des produits qui ne sont pas seulement beaux, mais qui transmettent \u00e9galement l&rsquo;histoire et la magie de l&rsquo;Espagne, constituant un cadeau parfait et pertinent pour les visiteurs souhaitant emporter un morceau de Barcelone.<\/p>\n","protected":false},"excerpt":{"rendered":"<p>Bol en noix de coco beige d\u00e9cor\u00e9 d&rsquo;une tortue, inspir\u00e9 par la faune marine de Barcelone. Ce bol attrayant pr\u00e9sente un design \u00e9l\u00e9gant, o\u00f9 se distingue la tortue au design artisanal, peinte \u00e0 la main, au centre, entour\u00e9e de formes ovales simulant des coquillages, le tout dans des tons doux et naturels. Le mat\u00e9riau en noix de coco apporte une touche organique, tandis que l&rsquo;inscription \u00ab\u00a0Barcelone\u00a0\u00bb souligne son lien avec la ville. Id\u00e9al comme \u00e9l\u00e9ment d\u00e9coratif ou r\u00e9cipient pratique.<\/p>\n","protected":false},"featured_media":11875,"template":"","meta":{"_acf_changed":false},"product_brand":[],"product_cat":[521],"product_tag":[530],"class_list":{"0":"post-25935","1":"product","2":"type-product","3":"status-publish","4":"has-post-thumbnail","6":"product_cat-bols","7":"product_tag-animaux","8":"pa_ciudad-barcelona","9":"pa_motivo-tortues","10":"pa_pais-espana","12":"first","13":"instock","14":"shipping-taxable","15":"product-type-simple"},"acf":[],"_links":{"self":[{"href":"https:\/\/olemosaic.orbitalia.org\/fr\/wp-json\/wp\/v2\/product\/25935","targetHints":{"allow":["GET"]}}],"collection":[{"href":"https:\/\/olemosaic.orbitalia.org\/fr\/wp-json\/wp\/v2\/product"}],"about":[{"href":"https:\/\/olemosaic.orbitalia.org\/fr\/wp-json\/wp\/v2\/types\/product"}],"wp:featuredmedia":[{"embeddable":true,"href":"https:\/\/olemosaic.orbitalia.org\/fr\/wp-json\/wp\/v2\/media\/11875"}],"wp:attachment":[{"href":"https:\/\/olemosaic.orbitalia.org\/fr\/wp-json\/wp\/v2\/media?parent=25935"}],"wp:term":[{"taxonomy":"product_brand","embeddable":true,"href":"https:\/\/olemosaic.orbitalia.org\/fr\/wp-json\/wp\/v2\/product_brand?post=25935"},{"taxonomy":"product_cat","embeddable":true,"href":"https:\/\/olemosaic.orbitalia.org\/fr\/wp-json\/wp\/v2\/product_cat?post=25935"},{"taxonomy":"product_tag","embeddable":true,"href":"https:\/\/olemosaic.orbitalia.org\/fr\/wp-json\/wp\/v2\/product_tag?post=25935"}],"curies":[{"name":"wp","href":"https:\/\/api.w.org\/{rel}","templated":true}]}}