{"id":25930,"date":"2025-02-20T23:27:59","date_gmt":"2025-02-20T22:27:59","guid":{"rendered":"https:\/\/olemosaic.orbitalia.org\/producto\/bol-de-coco-azul-bailaora\/"},"modified":"2025-07-25T18:48:10","modified_gmt":"2025-07-25T16:48:10","slug":"bol-de-coco-bleu-danseuse-flamenco","status":"publish","type":"product","link":"https:\/\/olemosaic.orbitalia.org\/fr\/produit\/bol-de-coco-bleu-danseuse-flamenco\/","title":{"rendered":"Bol de coco bleu. Danseuse de flamenco. C\u0153urs."},"content":{"rendered":"<p>Bol de coco bleu d\u00e9cor\u00e9 de la silhouette d&rsquo;une danseuse de flamenco, un authentique souvenir qui capture l&rsquo;essence du folklore andalou. Ce bol exquis est m\u00e9ticuleusement peint \u00e0 la main, avec une belle combinaison de tons vibrants, tels que le bleu, le vert et le rose, formant une d\u00e9licate bordure de c\u0153urs qui mettent en valeur la figure centrale. \u00c0 l&rsquo;int\u00e9rieur, la silhouette d&rsquo;une danseuse en plein mouvement \u00e9voque la passion et l&rsquo;art du flamenco, symbolisant le riche h\u00e9ritage culturel de l&rsquo;Andalousie.<\/p>\n<p>Le bol de coco n&rsquo;est pas seulement fonctionnel, mais aussi un \u00e9l\u00e9ment d\u00e9coratif qui ajoute une touche de joie et d&rsquo;authenticit\u00e9 \u00e0 n&rsquo;importe quel espace. Son design capture l&rsquo;\u00e9nergie et l&rsquo;esprit de la danse flamenco, offrant une repr\u00e9sentation visuelle unique qui ravira ceux qui appr\u00e9cient la culture espagnole. Cet article est id\u00e9al pour les touristes \u00e0 la recherche de souvenirs authentiques de leur voyage en Andalousie, ainsi que pour les boutiques de cadeaux touristiques souhaitant proposer des produits de qualit\u00e9 avec une profonde signification culturelle.<\/p>\n<p>Chez Ol\u00e9 Mosaic, nous nous sp\u00e9cialisons dans la distribution de souvenirs en gros, y compris ce bol de coco exclusif, parfait pour ceux qui recherchent l&rsquo;authenticit\u00e9 et des d\u00e9tails artistiques dans leurs produits. Avec ce bol de coco bleu, les clients ne rapportent pas seulement un souvenir chez eux, mais aussi un morceau de la riche tradition flamenca.<\/p>\n","protected":false},"excerpt":{"rendered":"<p>Bol de coco bleu d\u00e9cor\u00e9 de la silhouette d&rsquo;une danseuse de flamenco, repr\u00e9sentant la passion et l&rsquo;art de la danse andalouse. Ce bol exquis se distingue par son magnifique design artisanal, peint \u00e0 la main, o\u00f9 des couleurs vibrantes en forme de c\u0153urs encadrent la figure centrale. La combinaison de tons bleus, verts et roses apporte une touche joyeuse et distinctive, id\u00e9ale pour ajouter une touche culturelle \u00e0 n&rsquo;importe quel espace.<\/p>\n","protected":false},"featured_media":13498,"template":"","meta":{"_acf_changed":false},"product_brand":[],"product_cat":[521],"product_tag":[],"class_list":{"0":"post-25930","1":"product","2":"type-product","3":"status-publish","4":"has-post-thumbnail","6":"product_cat-bols","7":"pa_motivo-danseurs","9":"first","10":"instock","11":"shipping-taxable","12":"product-type-simple"},"acf":[],"_links":{"self":[{"href":"https:\/\/olemosaic.orbitalia.org\/fr\/wp-json\/wp\/v2\/product\/25930","targetHints":{"allow":["GET"]}}],"collection":[{"href":"https:\/\/olemosaic.orbitalia.org\/fr\/wp-json\/wp\/v2\/product"}],"about":[{"href":"https:\/\/olemosaic.orbitalia.org\/fr\/wp-json\/wp\/v2\/types\/product"}],"wp:featuredmedia":[{"embeddable":true,"href":"https:\/\/olemosaic.orbitalia.org\/fr\/wp-json\/wp\/v2\/media\/13498"}],"wp:attachment":[{"href":"https:\/\/olemosaic.orbitalia.org\/fr\/wp-json\/wp\/v2\/media?parent=25930"}],"wp:term":[{"taxonomy":"product_brand","embeddable":true,"href":"https:\/\/olemosaic.orbitalia.org\/fr\/wp-json\/wp\/v2\/product_brand?post=25930"},{"taxonomy":"product_cat","embeddable":true,"href":"https:\/\/olemosaic.orbitalia.org\/fr\/wp-json\/wp\/v2\/product_cat?post=25930"},{"taxonomy":"product_tag","embeddable":true,"href":"https:\/\/olemosaic.orbitalia.org\/fr\/wp-json\/wp\/v2\/product_tag?post=25930"}],"curies":[{"name":"wp","href":"https:\/\/api.w.org\/{rel}","templated":true}]}}