{"id":25929,"date":"2025-02-20T23:27:58","date_gmt":"2025-02-20T22:27:58","guid":{"rendered":"https:\/\/olemosaic.orbitalia.org\/producto\/bol-de-coco-azul-gran-canaria\/"},"modified":"2025-07-25T18:43:17","modified_gmt":"2025-07-25T16:43:17","slug":"bol-de-coco-bleu-gran-canaria","status":"publish","type":"product","link":"https:\/\/olemosaic.orbitalia.org\/fr\/produit\/bol-de-coco-bleu-gran-canaria\/","title":{"rendered":"Bol de coco bleu. Gran Canaria."},"content":{"rendered":"<p>Bol de coco bleu d\u00e9cor\u00e9 \u00e0 la main, inspir\u00e9 par la beaut\u00e9 naturelle de Gran Canaria. Ce r\u00e9cipient \u00e9l\u00e9gant pr\u00e9sente une base de couleur terre cuite, qui contraste merveilleusement avec le design int\u00e9rieur complexe, une combinaison de tons bleus et dor\u00e9s \u00e9voquant l&rsquo;\u00e9clat de l&rsquo;oc\u00e9an Atlantique qui baigne l&rsquo;\u00eele. La technique artisanale utilis\u00e9e pour peindre ce bol t\u00e9moigne de la riche tradition c\u00e9ramique canarienne, o\u00f9 chaque pi\u00e8ce est m\u00e9ticuleusement \u00e9labor\u00e9e \u00e0 la main, garantissant que chaque bol soit unique et sp\u00e9cial. Au centre du bol, l&rsquo;inscription \u00ab\u00a0Gran Canaria\u00a0\u00bb se distingue, d\u00e9licatement grav\u00e9e en dor\u00e9 sur le fond bleu, ajoutant une touche suppl\u00e9mentaire d&rsquo;authenticit\u00e9 et de connexion avec la r\u00e9gion.<\/p>\n<p>Ce bol est non seulement id\u00e9al comme pi\u00e8ce d\u00e9corative, mais il peut \u00e9galement \u00eatre utilis\u00e9 pour servir des ap\u00e9ritifs, devenant ainsi un \u00e9l\u00e9ment polyvalent pour toute occasion. En tant que symbole de l&rsquo;artisanat canarien, il repr\u00e9sente un lien culturel profond avec l&rsquo;\u00eele, ce qui en fait un souvenir parfait pour ceux qui cherchent \u00e0 emporter un morceau de Gran Canaria. Chez Ol\u00e9 Mosaic, nous proposons ce bol de coco bleu dans le cadre de notre collection exclusive de souvenirs, parfaits pour les boutiques de cadeaux touristiques qui appr\u00e9cient l&rsquo;authenticit\u00e9 et la beaut\u00e9 de chaque produit. Ce bol est sans aucun doute une excellente option pour les touristes souhaitant un souvenir repr\u00e9sentatif de leur visite aux \u00eeles.<\/p>\n","protected":false},"excerpt":{"rendered":"<p>Bol de coco bleu d\u00e9cor\u00e9 dans un style artisanal, inspir\u00e9 par la beaut\u00e9 naturelle de Gran Canaria. Ce r\u00e9cipient \u00e9l\u00e9gant pr\u00e9sente une base couleur terre cuite avec un design complexe combinant des tons bleus et dor\u00e9s, \u00e9voquant l&rsquo;\u00e9clat de l&rsquo;oc\u00e9an. \u00c0 l&rsquo;int\u00e9rieur, l&rsquo;inscription \u00ab\u00a0Gran Canaria\u00a0\u00bb se distingue, grav\u00e9e avec d\u00e9licatesse. Id\u00e9al comme pi\u00e8ce d\u00e9corative ou pour servir des ap\u00e9ritifs, c&rsquo;est un v\u00e9ritable symbole de l&rsquo;artisanat canarien.<\/p>\n","protected":false},"featured_media":10100,"template":"","meta":{"_acf_changed":false},"product_brand":[],"product_cat":[521],"product_tag":[],"class_list":{"0":"post-25929","1":"product","2":"type-product","3":"status-publish","4":"has-post-thumbnail","6":"product_cat-bols","7":"pa_ciudad-gran-canaria","8":"pa_pais-espana","10":"first","11":"instock","12":"shipping-taxable","13":"product-type-simple"},"acf":[],"_links":{"self":[{"href":"https:\/\/olemosaic.orbitalia.org\/fr\/wp-json\/wp\/v2\/product\/25929","targetHints":{"allow":["GET"]}}],"collection":[{"href":"https:\/\/olemosaic.orbitalia.org\/fr\/wp-json\/wp\/v2\/product"}],"about":[{"href":"https:\/\/olemosaic.orbitalia.org\/fr\/wp-json\/wp\/v2\/types\/product"}],"wp:featuredmedia":[{"embeddable":true,"href":"https:\/\/olemosaic.orbitalia.org\/fr\/wp-json\/wp\/v2\/media\/10100"}],"wp:attachment":[{"href":"https:\/\/olemosaic.orbitalia.org\/fr\/wp-json\/wp\/v2\/media?parent=25929"}],"wp:term":[{"taxonomy":"product_brand","embeddable":true,"href":"https:\/\/olemosaic.orbitalia.org\/fr\/wp-json\/wp\/v2\/product_brand?post=25929"},{"taxonomy":"product_cat","embeddable":true,"href":"https:\/\/olemosaic.orbitalia.org\/fr\/wp-json\/wp\/v2\/product_cat?post=25929"},{"taxonomy":"product_tag","embeddable":true,"href":"https:\/\/olemosaic.orbitalia.org\/fr\/wp-json\/wp\/v2\/product_tag?post=25929"}],"curies":[{"name":"wp","href":"https:\/\/api.w.org\/{rel}","templated":true}]}}