{"id":25877,"date":"2025-02-20T22:27:57","date_gmt":"2025-02-20T22:27:57","guid":{"rendered":"https:\/\/olemosaic.orbitalia.org\/producto\/saleros-de-ceramica-bogavante-blanco\/"},"modified":"2025-07-25T18:54:02","modified_gmt":"2025-07-25T16:54:02","slug":"salieres-en-ceramique-homard-blanc","status":"publish","type":"product","link":"https:\/\/olemosaic.orbitalia.org\/fr\/produit\/salieres-en-ceramique-homard-blanc\/","title":{"rendered":"Sali\u00e8res en c\u00e9ramique. Homard. Blanc."},"content":{"rendered":"<p>Nous pr\u00e9sentons ces charmantes sali\u00e8res en c\u00e9ramique, con\u00e7ues pour c\u00e9l\u00e9brer la riche culture gastronomique de la c\u00f4te espagnole. Chaque sali\u00e8re affiche des illustrations vibrantes de homards en rouge, jaune et vert, qui ressortent sur une base blanche brillante. Ce contraste apporte non seulement de la fra\u00eecheur au design, mais rehausse \u00e9galement la beaut\u00e9 des d\u00e9tails artistiques, faisant de chaque sali\u00e8re une pi\u00e8ce unique. Les motifs d\u00e9coratifs, avec un fond d&rsquo;azulejos et leurs motifs traditionnels, \u00e9voquent l&rsquo;h\u00e9ritage culturel m\u00e9diterran\u00e9en et ajoutent une touche folklorique \u00e0 la pr\u00e9sentation de n&rsquo;importe quelle table.<\/p>\n<p>Parfaites pour les amateurs de cuisine m\u00e9diterran\u00e9enne, ces sali\u00e8res ne sont pas seulement fonctionnelles, mais aussi une pi\u00e8ce d\u00e9corative qui enrichit l&rsquo;ambiance des repas de famille ou des c\u00e9l\u00e9brations entre amis. En incorporant des \u00e9l\u00e9ments caract\u00e9ristiques de la gastronomie c\u00f4ti\u00e8re, comme le homard, ce produit devient un souvenir authentique qui refl\u00e8te la passion pour la nourriture et la tradition culinaire de l&rsquo;Espagne.<\/p>\n<p>Chez Ol\u00e9 Mosaic, en tant que grossistes de souvenirs, nous proposons ces sali\u00e8res en c\u00e9ramique en gros, id\u00e9ales pour les boutiques de cadeaux touristiques. Ce souvenir n&rsquo;est pas seulement un objet utile, mais un v\u00e9ritable ambassadeur des traditions espagnoles, parfait pour ceux qui recherchent un morceau de culture dans leur foyer.<\/p>\n","protected":false},"excerpt":{"rendered":"<p>Sali\u00e8res en c\u00e9ramique d\u00e9cor\u00e9es d&rsquo;illustrations vibrantes de homards, \u00e9voquant la riche culture gastronomique de la c\u00f4te espagnole. Leur design en blanc fait ressortir les d\u00e9tails color\u00e9s dans les tons rouges, jaunes et verts, sur un fond aux motifs d&rsquo;azulejos qui apportent une touche traditionnelle. Ces sali\u00e8res sont parfaites pour ajouter une touche artistique et folklorique \u00e0 n&rsquo;importe quelle table, id\u00e9ales pour les amateurs de cuisine m\u00e9diterran\u00e9enne.<\/p>\n","protected":false},"featured_media":9469,"template":"","meta":{"_acf_changed":false},"product_brand":[],"product_cat":[817],"product_tag":[530,585],"class_list":{"0":"post-25877","1":"product","2":"type-product","3":"status-publish","4":"has-post-thumbnail","6":"product_cat-salieres","7":"product_tag-animaux","8":"product_tag-ceramique","9":"pa_motivo-homards","11":"first","12":"instock","13":"shipping-taxable","14":"product-type-simple"},"acf":[],"_links":{"self":[{"href":"https:\/\/olemosaic.orbitalia.org\/fr\/wp-json\/wp\/v2\/product\/25877","targetHints":{"allow":["GET"]}}],"collection":[{"href":"https:\/\/olemosaic.orbitalia.org\/fr\/wp-json\/wp\/v2\/product"}],"about":[{"href":"https:\/\/olemosaic.orbitalia.org\/fr\/wp-json\/wp\/v2\/types\/product"}],"wp:featuredmedia":[{"embeddable":true,"href":"https:\/\/olemosaic.orbitalia.org\/fr\/wp-json\/wp\/v2\/media\/9469"}],"wp:attachment":[{"href":"https:\/\/olemosaic.orbitalia.org\/fr\/wp-json\/wp\/v2\/media?parent=25877"}],"wp:term":[{"taxonomy":"product_brand","embeddable":true,"href":"https:\/\/olemosaic.orbitalia.org\/fr\/wp-json\/wp\/v2\/product_brand?post=25877"},{"taxonomy":"product_cat","embeddable":true,"href":"https:\/\/olemosaic.orbitalia.org\/fr\/wp-json\/wp\/v2\/product_cat?post=25877"},{"taxonomy":"product_tag","embeddable":true,"href":"https:\/\/olemosaic.orbitalia.org\/fr\/wp-json\/wp\/v2\/product_tag?post=25877"}],"curies":[{"name":"wp","href":"https:\/\/api.w.org\/{rel}","templated":true}]}}