{"id":25819,"date":"2025-02-20T22:27:54","date_gmt":"2025-02-20T22:27:54","guid":{"rendered":"https:\/\/olemosaic.orbitalia.org\/producto\/funda-de-telefono-para-iphone-14-tpu-panoramica-barcelona-blanco\/"},"modified":"2025-07-25T18:42:44","modified_gmt":"2025-07-25T16:42:44","slug":"coque-de-telephone-pour-iphone-14-tpu-panoramique-barcelone-blanc","status":"publish","type":"product","link":"https:\/\/olemosaic.orbitalia.org\/fr\/produit\/coque-de-telephone-pour-iphone-14-tpu-panoramique-barcelone-blanc\/","title":{"rendered":"Coque de t\u00e9l\u00e9phone pour iPhone 14 (TPU). Panoramique. Barcelone. Blanc"},"content":{"rendered":"<p>Coque pour iPhone 14 &#8211; Barcelone<\/p>\n<p>Cette coque pour iPhone 14 est la combinaison parfaite de fonctionnalit\u00e9 et d&rsquo;art, con\u00e7ue pour ceux qui souhaitent emporter avec eux un morceau de la ville vibrante de Barcelone. Fabriqu\u00e9e en TPU, cet accessoire se distingue par sa l\u00e9g\u00e8ret\u00e9 et sa durabilit\u00e9, assurant une protection optimale contre les chocs et les rayures. Son design color\u00e9 montre une vue panoramique \u00e9vocatrice, inspir\u00e9e des mosa\u00efques embl\u00e9matiques de la Sagrada Familia, l&rsquo;\u0153uvre c\u00e9l\u00e8bre de Gaud\u00ed, compl\u00e9t\u00e9e par d&rsquo;autres \u00e9l\u00e9ments repr\u00e9sentatifs de la ville. Le fond blanc fait ressortir les tons \u00e9clatants de bleu, rouge, jaune et vert, cr\u00e9ant une image qui irradie d&rsquo;\u00e9nergie et de cr\u00e9ativit\u00e9.<\/p>\n<p>Le texte stylis\u00e9 \u00ab\u00a0Barcelona\u00a0\u00bb ajoute une touche distinctive qui connecte \u00e9motionnellement le visiteur, lui rappelant la richesse culturelle et historique de cette m\u00e9tropole catalane. Ce souvenir n&rsquo;est pas seulement un accessoire pratique, mais aussi un splendide souvenir visuel qui c\u00e9l\u00e8bre l&rsquo;architecture et l&rsquo;art de Barcelone. Parfaite pour les touristes \u00e0 la recherche de souvenirs authentiques, cette coque encapsule l&rsquo;essence de la ville, ce qui en fait un excellent article pour les boutiques de cadeaux touristiques. Chez Ol\u00e9 Mosaic, en tant que grossistes d&rsquo;accessoires et de souvenirs authentiques, nous proposons cette coque de t\u00e9l\u00e9phone comme une option id\u00e9ale pour ceux qui souhaitent offrir \u00e0 leurs clients un souvenir significatif et repr\u00e9sentatif de Barcelone.<\/p>\n","protected":false},"excerpt":{"rendered":"<p>Coque pour iPhone 14 fabriqu\u00e9e en TPU, d\u00e9cor\u00e9e d&rsquo;une vue panoramique vibrante de Barcelone. La coque pr\u00e9sente un design color\u00e9 inspir\u00e9 des mosa\u00efques de la Sagrada Familia, l&rsquo;\u0153uvre c\u00e9l\u00e8bre de Gaud\u00ed, et d&rsquo;autres \u00e9l\u00e9ments embl\u00e9matiques de la ville. Son fond blanc fait ressortir les tons \u00e9clatants de bleu, rouge, jaune et vert, ainsi que le texte \u00ab\u00a0Barcelona\u00a0\u00bb stylis\u00e9, offrant une protection moderne et artistique pour votre appareil.<\/p>\n","protected":false},"featured_media":12354,"template":"","meta":{"_acf_changed":false},"product_brand":[],"product_cat":[674],"product_tag":[],"class_list":{"0":"post-25819","1":"product","2":"type-product","3":"status-publish","4":"has-post-thumbnail","6":"product_cat-etuis-pour-telephones-portables","7":"pa_ciudad-barcelona","8":"pa_motivo-panoramas","9":"pa_pais-espana","11":"first","12":"instock","13":"shipping-taxable","14":"product-type-simple"},"acf":[],"_links":{"self":[{"href":"https:\/\/olemosaic.orbitalia.org\/fr\/wp-json\/wp\/v2\/product\/25819","targetHints":{"allow":["GET"]}}],"collection":[{"href":"https:\/\/olemosaic.orbitalia.org\/fr\/wp-json\/wp\/v2\/product"}],"about":[{"href":"https:\/\/olemosaic.orbitalia.org\/fr\/wp-json\/wp\/v2\/types\/product"}],"wp:featuredmedia":[{"embeddable":true,"href":"https:\/\/olemosaic.orbitalia.org\/fr\/wp-json\/wp\/v2\/media\/12354"}],"wp:attachment":[{"href":"https:\/\/olemosaic.orbitalia.org\/fr\/wp-json\/wp\/v2\/media?parent=25819"}],"wp:term":[{"taxonomy":"product_brand","embeddable":true,"href":"https:\/\/olemosaic.orbitalia.org\/fr\/wp-json\/wp\/v2\/product_brand?post=25819"},{"taxonomy":"product_cat","embeddable":true,"href":"https:\/\/olemosaic.orbitalia.org\/fr\/wp-json\/wp\/v2\/product_cat?post=25819"},{"taxonomy":"product_tag","embeddable":true,"href":"https:\/\/olemosaic.orbitalia.org\/fr\/wp-json\/wp\/v2\/product_tag?post=25819"}],"curies":[{"name":"wp","href":"https:\/\/api.w.org\/{rel}","templated":true}]}}