{"id":25811,"date":"2025-02-20T22:27:53","date_gmt":"2025-02-20T22:27:53","guid":{"rendered":"https:\/\/olemosaic.orbitalia.org\/producto\/funda-de-telefono-para-samsung-a13-tpu-forjas-azul\/"},"modified":"2025-07-25T18:47:39","modified_gmt":"2025-07-25T16:47:39","slug":"coque-de-telephone-pour-samsung-a13-tpu-fer-forge-bleu","status":"publish","type":"product","link":"https:\/\/olemosaic.orbitalia.org\/fr\/produit\/coque-de-telephone-pour-samsung-a13-tpu-fer-forge-bleu\/","title":{"rendered":"Coque de t\u00e9l\u00e9phone pour Samsung A13 (TPU). Fer forg\u00e9. Bleu"},"content":{"rendered":"<p>Coque d\u00e9corative pour Samsung A13<\/p>\n<p>D\u00e9couvrez l&rsquo;\u00e9l\u00e9gance et la sophistication de notre coque pour Samsung A13, une pi\u00e8ce qui fusionne parfaitement fonctionnalit\u00e9 et design. Fabriqu\u00e9e en TPU de haute qualit\u00e9, cette coque prot\u00e8ge non seulement votre appareil des chocs et des rayures, mais ajoute \u00e9galement une touche distinctive gr\u00e2ce \u00e0 sa couleur bleue vibrante. Le design complexe de fer forg\u00e9 en blanc qui orne sa surface \u00e9voque le riche artisanat du fer forg\u00e9, si appr\u00e9ci\u00e9 dans diverses r\u00e9gions d&rsquo;Espagne. Ce motif refl\u00e8te la beaut\u00e9 des \u00e9l\u00e9ments architecturaux qui ornent les places et les jardins, soulignant la tradition culturelle qui perdure dans la vie quotidienne.<\/p>\n<p>Avec un design stylis\u00e9 et contemporain, cette coque est parfaite pour ceux qui appr\u00e9cient autant l&rsquo;esth\u00e9tique que la protection. Sa finition douce offre une excellente prise en main, garantissant que votre t\u00e9l\u00e9phone s&rsquo;adapte confortablement \u00e0 votre hand. Id\u00e9ale pour les touristes et les locaux, cette coque n&rsquo;est pas seulement un accessoire pratique, mais aussi un souvenir qui capture l&rsquo;essence de la culture espagnole. Chez Ol\u00e9 Mosaic, nous distribuons des articles authentiques et repr\u00e9sentatifs, et cette coque est une option id\u00e9ale pour les boutiques de souvenirs touristiques \u00e0 la recherche de souvenirs originaux refl\u00e9tant le patrimoine culturel. Avec son authenticit\u00e9 et son attrait, cette coque en fer forg\u00e9 est un incontournable pour tout amateur de design.<\/p>\n","protected":false},"excerpt":{"rendered":"<p>Coque de t\u00e9l\u00e9phone pour Samsung A13 en TPU, d\u00e9cor\u00e9e d&rsquo;un magnifique design de fer forg\u00e9 dans un bleu vibrant. La coque pr\u00e9sente des motifs blancs complexes \u00e9voquant l&rsquo;\u00e9l\u00e9gant artisanat du fer forg\u00e9, si typique de l&rsquo;Espagne. Son design stylis\u00e9 et contemporain prot\u00e8ge non seulement le mobile, mais lui ajoute \u00e9galement une touche de sophistication, en faisant un accessoire indispensable pour ceux qui appr\u00e9cient l&rsquo;esth\u00e9tique et la fonctionnalit\u00e9.<\/p>\n","protected":false},"featured_media":12528,"template":"","meta":{"_acf_changed":false},"product_brand":[],"product_cat":[674],"product_tag":[],"class_list":{"0":"post-25811","1":"product","2":"type-product","3":"status-publish","4":"has-post-thumbnail","6":"product_cat-etuis-pour-telephones-portables","7":"pa_motivo-forges","9":"first","10":"instock","11":"shipping-taxable","12":"product-type-simple"},"acf":[],"_links":{"self":[{"href":"https:\/\/olemosaic.orbitalia.org\/fr\/wp-json\/wp\/v2\/product\/25811","targetHints":{"allow":["GET"]}}],"collection":[{"href":"https:\/\/olemosaic.orbitalia.org\/fr\/wp-json\/wp\/v2\/product"}],"about":[{"href":"https:\/\/olemosaic.orbitalia.org\/fr\/wp-json\/wp\/v2\/types\/product"}],"wp:featuredmedia":[{"embeddable":true,"href":"https:\/\/olemosaic.orbitalia.org\/fr\/wp-json\/wp\/v2\/media\/12528"}],"wp:attachment":[{"href":"https:\/\/olemosaic.orbitalia.org\/fr\/wp-json\/wp\/v2\/media?parent=25811"}],"wp:term":[{"taxonomy":"product_brand","embeddable":true,"href":"https:\/\/olemosaic.orbitalia.org\/fr\/wp-json\/wp\/v2\/product_brand?post=25811"},{"taxonomy":"product_cat","embeddable":true,"href":"https:\/\/olemosaic.orbitalia.org\/fr\/wp-json\/wp\/v2\/product_cat?post=25811"},{"taxonomy":"product_tag","embeddable":true,"href":"https:\/\/olemosaic.orbitalia.org\/fr\/wp-json\/wp\/v2\/product_tag?post=25811"}],"curies":[{"name":"wp","href":"https:\/\/api.w.org\/{rel}","templated":true}]}}