{"id":25805,"date":"2025-02-20T23:27:52","date_gmt":"2025-02-20T22:27:52","guid":{"rendered":"https:\/\/olemosaic.orbitalia.org\/producto\/gato-figura-de-resina-de-11-cm-pintada-a-mano\/"},"modified":"2025-07-25T18:55:08","modified_gmt":"2025-07-25T16:55:08","slug":"chat-figurine-resine-11-cm-peinte-a-la-main","status":"publish","type":"product","link":"https:\/\/olemosaic.orbitalia.org\/fr\/produit\/chat-figurine-resine-11-cm-peinte-a-la-main\/","title":{"rendered":"Chat. Figurine mosa\u00efque de 11 cm."},"content":{"rendered":"<p>Figurine de chat en r\u00e9sine<\/p>\n<p>D\u00e9couvrez cette authentique figurine en r\u00e9sine de 11 cm en forme de chat, orn\u00e9e d&rsquo;une mosa\u00efque vibrante de couleurs qui \u00e9voque l&rsquo;essence de l&rsquo;art populaire espagnol. Ce chat charmant, soigneusement peint \u00e0 la main, pr\u00e9sente un m\u00e9lange captivant de tons rouges, bleus, jaunes et verts, qui non seulement attire le regard, mais raconte aussi une histoire culturelle riche et vibrante. Son design stylis\u00e9 et moderne se distingue par l&rsquo;utilisation de formes g\u00e9om\u00e9triques, cr\u00e9ant un attrait visuel unique qui compl\u00e8te n&rsquo;importe quel espace, que ce soit dans une boutique de souvenirs ou dans la d\u00e9coration d&rsquo;une maison.<\/p>\n<p>Ce chat n&rsquo;est pas seulement un ornement, mais un symbole du folklore espagnol qui souligne la cr\u00e9ativit\u00e9 et l&rsquo;ing\u00e9niosit\u00e9 de l&rsquo;artisanat local. Chaque figurine refl\u00e8te la tradition et la culture dont elle s&rsquo;inspire, devenant un excellent souvenir pour les touristes souhaitant emporter un morceau d&rsquo;Espagne ou du Portugal.<\/p>\n<p>Chez Ol\u00e9 Mosaic, nous sommes distributeurs en gros d&rsquo;articles artisanaux comme cette figurine de chat, parfaite pour les boutiques de cadeaux touristiques qui recherchent l&rsquo;authenticit\u00e9 et la qualit\u00e9 dans leur offre. Ce chat adorable peint \u00e0 la main est un souvenir id\u00e9al qui, en plus de d\u00e9corer, raconte l&rsquo;histoire de l&rsquo;art populaire espagnol, id\u00e9al pour ceux qui souhaitent se souvenir de leur visite dans la p\u00e9ninsule ib\u00e9rique.<\/p>\n","protected":false},"excerpt":{"rendered":"<p>Figurine de 11 cm en forme de chat, peinte en mosa\u00efque de couleurs vibrantes. Ce chat charmant, qui \u00e9voque l&rsquo;art populaire, pr\u00e9sente une combinaison de tons rouges, bleus, jaunes et verts, rappelant le folklore espagnol. Son design unique et stylis\u00e9 se distingue par l&rsquo;utilisation de formes g\u00e9om\u00e9triques qui lui donnent une touche moderne et artistique, en faisant un souvenir ou un ornement id\u00e9al pour n&rsquo;importe quel espace.<\/p>\n","protected":false},"featured_media":8760,"template":"","meta":{"_acf_changed":false},"product_brand":[],"product_cat":[540],"product_tag":[530],"class_list":{"0":"post-25805","1":"product","2":"type-product","3":"status-publish","4":"has-post-thumbnail","6":"product_cat-chiffres","7":"product_tag-animaux","8":"pa_motivo-chats","10":"first","11":"instock","12":"shipping-taxable","13":"product-type-simple"},"acf":[],"_links":{"self":[{"href":"https:\/\/olemosaic.orbitalia.org\/fr\/wp-json\/wp\/v2\/product\/25805","targetHints":{"allow":["GET"]}}],"collection":[{"href":"https:\/\/olemosaic.orbitalia.org\/fr\/wp-json\/wp\/v2\/product"}],"about":[{"href":"https:\/\/olemosaic.orbitalia.org\/fr\/wp-json\/wp\/v2\/types\/product"}],"wp:featuredmedia":[{"embeddable":true,"href":"https:\/\/olemosaic.orbitalia.org\/fr\/wp-json\/wp\/v2\/media\/8760"}],"wp:attachment":[{"href":"https:\/\/olemosaic.orbitalia.org\/fr\/wp-json\/wp\/v2\/media?parent=25805"}],"wp:term":[{"taxonomy":"product_brand","embeddable":true,"href":"https:\/\/olemosaic.orbitalia.org\/fr\/wp-json\/wp\/v2\/product_brand?post=25805"},{"taxonomy":"product_cat","embeddable":true,"href":"https:\/\/olemosaic.orbitalia.org\/fr\/wp-json\/wp\/v2\/product_cat?post=25805"},{"taxonomy":"product_tag","embeddable":true,"href":"https:\/\/olemosaic.orbitalia.org\/fr\/wp-json\/wp\/v2\/product_tag?post=25805"}],"curies":[{"name":"wp","href":"https:\/\/api.w.org\/{rel}","templated":true}]}}