{"id":25803,"date":"2025-02-20T23:27:52","date_gmt":"2025-02-20T22:27:52","guid":{"rendered":"https:\/\/olemosaic.orbitalia.org\/producto\/botella-inox-350-ml-mosaico\/"},"modified":"2025-07-25T18:50:04","modified_gmt":"2025-07-25T16:50:04","slug":"bouteille-inox-350-ml-mosaique","status":"publish","type":"product","link":"https:\/\/olemosaic.orbitalia.org\/fr\/produit\/bouteille-inox-350-ml-mosaique\/","title":{"rendered":"Bouteille inox 350 ml. Mosa\u00efque."},"content":{"rendered":"<p>Bouteille en acier inoxydable mosa\u00efque de 350 ml<\/p>\n<p>D\u00e9couvrez notre bouteille exclusive en acier inoxydable de 350 ml, d\u00e9cor\u00e9e d&rsquo;un design de mosa\u00efque vibrant qui \u00e9voque le riche h\u00e9ritage artistique de l&rsquo;Espagne. Ce jardin de motifs g\u00e9om\u00e9triques et floraux multicolores capture l&rsquo;essence de la culture m\u00e9diterran\u00e9enne, transformant chaque gorg\u00e9e en un voyage visuel \u00e0 travers les splendides azulejos qui ornent les monuments et les places des villes espagnoles. Le bouchon en acier brillant assure non seulement une fermeture herm\u00e9tique, mais ajoute \u00e9galement une touche d&rsquo;\u00e9l\u00e9gance. Le mousqueton pratique facilite son transport, permettant de l&#8217;emporter partout, que ce soit en excursion, en promenade en ville ou lors d&rsquo;activit\u00e9s de plein air.<\/p>\n<p>Le design unique de cette bouteille est non seulement visuellement attrayant, mais aussi fonctionnel. Elle est parfaite pour rester hydrat\u00e9 avec style et pour contribuer \u00e0 la conservation de l&rsquo;environnement en rempla\u00e7ant les bouteilles en plastique jetables. En tant qu&rsquo;authentique souvenir d&rsquo;Espagne, cette bouteille en mosa\u00efque est un cadeau id\u00e9al pour les touristes \u00e0 la recherche d&rsquo;un souvenir repr\u00e9sentatif et utile de leur visite. Chez Ol\u00e9 Mosaic, nous sommes sp\u00e9cialis\u00e9s dans la distribution en gros de produits qui c\u00e9l\u00e8brent la diversit\u00e9 culturelle et l&rsquo;artisanat espagnol, c&rsquo;est pourquoi cette bouteille est un choix de premier plan dans toute boutique de cadeaux touristiques. Avec sa pertinence culturelle et esth\u00e9tique, c&rsquo;est un article qui \u00e9merveillera vos clients et leur permettra d&#8217;emporter un petit morceau d&rsquo;Espagne.<\/p>\n","protected":false},"excerpt":{"rendered":"<p>Bouteille en acier inoxydable de 350 ml avec un design de mosa\u00efque vibrant, id\u00e9ale pour les amoureux de la culture m\u00e9diterran\u00e9enne. Elle pr\u00e9sente une vari\u00e9t\u00e9 color\u00e9e de motifs g\u00e9om\u00e9triques et floraux qui \u00e9voquent le riche h\u00e9ritage artistique espagnol. Avec un bouchon en acier brillant et un mousqueton pratique, cette bouteille est parfaite pour \u00eatre emport\u00e9e partout. Son design attrayant et sa fonctionnalit\u00e9 en font un souvenir unique et utile.<\/p>\n","protected":false},"featured_media":11140,"template":"","meta":{"_acf_changed":false},"product_brand":[],"product_cat":[784],"product_tag":[],"class_list":{"0":"post-25803","1":"product","2":"type-product","3":"status-publish","4":"has-post-thumbnail","6":"product_cat-bouteilles-inox","7":"pa_motivo-mosaique","9":"first","10":"instock","11":"shipping-taxable","12":"product-type-simple"},"acf":[],"_links":{"self":[{"href":"https:\/\/olemosaic.orbitalia.org\/fr\/wp-json\/wp\/v2\/product\/25803","targetHints":{"allow":["GET"]}}],"collection":[{"href":"https:\/\/olemosaic.orbitalia.org\/fr\/wp-json\/wp\/v2\/product"}],"about":[{"href":"https:\/\/olemosaic.orbitalia.org\/fr\/wp-json\/wp\/v2\/types\/product"}],"wp:featuredmedia":[{"embeddable":true,"href":"https:\/\/olemosaic.orbitalia.org\/fr\/wp-json\/wp\/v2\/media\/11140"}],"wp:attachment":[{"href":"https:\/\/olemosaic.orbitalia.org\/fr\/wp-json\/wp\/v2\/media?parent=25803"}],"wp:term":[{"taxonomy":"product_brand","embeddable":true,"href":"https:\/\/olemosaic.orbitalia.org\/fr\/wp-json\/wp\/v2\/product_brand?post=25803"},{"taxonomy":"product_cat","embeddable":true,"href":"https:\/\/olemosaic.orbitalia.org\/fr\/wp-json\/wp\/v2\/product_cat?post=25803"},{"taxonomy":"product_tag","embeddable":true,"href":"https:\/\/olemosaic.orbitalia.org\/fr\/wp-json\/wp\/v2\/product_tag?post=25803"}],"curies":[{"name":"wp","href":"https:\/\/api.w.org\/{rel}","templated":true}]}}