{"id":25802,"date":"2025-02-20T23:27:52","date_gmt":"2025-02-20T22:27:52","guid":{"rendered":"https:\/\/olemosaic.orbitalia.org\/producto\/botella-inox-500-ml-motivos-marinos\/"},"modified":"2025-07-25T18:45:15","modified_gmt":"2025-07-25T16:45:15","slug":"bouteille-inox-500-ml-motifs-marins","status":"publish","type":"product","link":"https:\/\/olemosaic.orbitalia.org\/fr\/produit\/bouteille-inox-500-ml-motifs-marins\/","title":{"rendered":"Bouteille inox 500 ml. Motifs marins."},"content":{"rendered":"<p>Bouteille en acier inoxydable de 500 ml avec motifs marins<\/p>\n<p>D\u00e9couvrez notre bouteille en acier inoxydable de 500 ml, con\u00e7ue avec des motifs marins vibrants qui \u00e9voquent la beaut\u00e9 de l&rsquo;oc\u00e9an. Son design attrayant pr\u00e9sente un fond bleu marine intense, o\u00f9 se d\u00e9ploie une vari\u00e9t\u00e9 d&rsquo;esp\u00e8ces aquatiques telles que des dauphins, des tortues et des sardines, illustr\u00e9es dans un style de mosa\u00efque artistique qui capture l&rsquo;essence de la vie marine. Chaque d\u00e9tail, du mouvement enjou\u00e9 des dauphins \u00e0 l&rsquo;\u00e9clat subtil des tortues, c\u00e9l\u00e8bre la diversit\u00e9 et la vitalit\u00e9 de l&rsquo;environnement marin, faisant de cette bouteille un v\u00e9ritable hommage \u00e0 la nature.<\/p>\n<p>Le bouchon en acier inoxydable, en plus d&rsquo;\u00eatre durable, garantit une fermeture herm\u00e9tique, gardant vos boissons froides pendant longtemps. Parfaite pour emporter \u00e0 la plage, faire de la randonn\u00e9e ou profiter d&rsquo;une journ\u00e9e en ville, cette bouteille est id\u00e9ale pour ceux qui recherchent une option pratique et esth\u00e9tique, contribuant \u00e0 un mode de vie durable.<\/p>\n<p>Chez Ol\u00e9 Mosaic, nous sommes sp\u00e9cialis\u00e9s dans la distribution de souvenirs en gros, et cette bouteille aux motifs marins repr\u00e9sente une magnifique option pour les boutiques de cadeaux touristiques \u00e0 la recherche d&rsquo;articles authentiques et de qualit\u00e9. Un souvenir inoubliable qui est non seulement fonctionnel, mais qui souligne \u00e9galement le lien culturel avec les c\u00f4tes et la vie marine que l&rsquo;Espagne et le Portugal appr\u00e9cient tant. Ce produit est parfait pour les touristes qui souhaitent ramener un petit morceau d&rsquo;oc\u00e9an \u00e0 la maison.<\/p>\n","protected":false},"excerpt":{"rendered":"<p>Bouteille en acier inoxydable de 500 ml, d\u00e9cor\u00e9e de joyeux motifs marins. Son design accrocheur pr\u00e9sente une vari\u00e9t\u00e9 d&rsquo;esp\u00e8ces aquatiques, comme des dauphins et des tortues, illustr\u00e9es dans un style color\u00e9 et en mosa\u00efque sur un fond bleu marine intense. Le bouchon en acier, robuste et herm\u00e9tique, est id\u00e9al pour garder les boissons froides. Parfaite pour ceux qui recherchent une touche artistique et durable au quotidien.<\/p>\n","protected":false},"featured_media":9786,"template":"","meta":{"_acf_changed":false},"product_brand":[],"product_cat":[784],"product_tag":[530],"class_list":{"0":"post-25802","1":"product","2":"type-product","3":"status-publish","4":"has-post-thumbnail","6":"product_cat-bouteilles-inox","7":"product_tag-animaux","8":"pa_motivo-animaux-marins","10":"first","11":"instock","12":"shipping-taxable","13":"product-type-simple"},"acf":[],"_links":{"self":[{"href":"https:\/\/olemosaic.orbitalia.org\/fr\/wp-json\/wp\/v2\/product\/25802","targetHints":{"allow":["GET"]}}],"collection":[{"href":"https:\/\/olemosaic.orbitalia.org\/fr\/wp-json\/wp\/v2\/product"}],"about":[{"href":"https:\/\/olemosaic.orbitalia.org\/fr\/wp-json\/wp\/v2\/types\/product"}],"wp:featuredmedia":[{"embeddable":true,"href":"https:\/\/olemosaic.orbitalia.org\/fr\/wp-json\/wp\/v2\/media\/9786"}],"wp:attachment":[{"href":"https:\/\/olemosaic.orbitalia.org\/fr\/wp-json\/wp\/v2\/media?parent=25802"}],"wp:term":[{"taxonomy":"product_brand","embeddable":true,"href":"https:\/\/olemosaic.orbitalia.org\/fr\/wp-json\/wp\/v2\/product_brand?post=25802"},{"taxonomy":"product_cat","embeddable":true,"href":"https:\/\/olemosaic.orbitalia.org\/fr\/wp-json\/wp\/v2\/product_cat?post=25802"},{"taxonomy":"product_tag","embeddable":true,"href":"https:\/\/olemosaic.orbitalia.org\/fr\/wp-json\/wp\/v2\/product_tag?post=25802"}],"curies":[{"name":"wp","href":"https:\/\/api.w.org\/{rel}","templated":true}]}}