{"id":24374,"date":"2025-02-20T23:31:48","date_gmt":"2025-02-20T22:31:48","guid":{"rendered":"https:\/\/olemosaic.orbitalia.org\/producto\/cheval-figure-en-mosaique-de-85-cm\/"},"modified":"2025-02-20T23:31:48","modified_gmt":"2025-02-20T22:31:48","slug":"cheval-figure-en-mosaique-de-85-cm","status":"publish","type":"product","link":"https:\/\/olemosaic.orbitalia.org\/fr\/produit\/cheval-figure-en-mosaique-de-85-cm\/","title":{"rendered":"Cheval. Figure en mosa\u00efque de 8,5 cm."},"content":{"rendered":"<p>Ce charmant cheval en r\u00e9sine est un magnifique souvenir peint \u00e0 la main qui capture l&rsquo;essence de l&rsquo;art et de la culture espagnols. Mesurant 8,5 cm de haut, cette figurine se distingue par sa palette de couleurs \u00e9clatantes, qui comprend des nuances vives de bleu, de rose, de jaune et de vert. Chaque d\u00e9tail de la figurine a \u00e9t\u00e9 minutieusement travaill\u00e9, refl\u00e9tant l&rsquo;\u00e9nergie et la beaut\u00e9 du cheval, symbole de force, de libert\u00e9 et de tradition en Espagne. Sa conception en mosa\u00efque ne met pas seulement en valeur les comp\u00e9tences artistiques des artisans locaux, mais \u00e9voque \u00e9galement le riche patrimoine culturel de r\u00e9gions telles que l&rsquo;Andalousie, o\u00f9 les chevaux ont jou\u00e9 un r\u00f4le fondamental dans l&rsquo;histoire et le folklore.   <\/p>\n<p>Cette figurine est id\u00e9ale pour les collectionneurs et les personnes \u00e0 la recherche d&rsquo;une pi\u00e8ce d\u00e9corative unique qui suscite l&rsquo;admiration et la conversation. Il s&rsquo;agit \u00e9galement d&rsquo;un excellent cadeau pour les visiteurs de l&rsquo;Espagne qui souhaitent ramener chez eux un morceau de sa culture vibrante. Chez Ol\u00e9 Mosaic, en tant que distributeur de souvenirs en gros, nous proposons ce cheval en r\u00e9sine comme repr\u00e9sentant authentique de la tradition artistique espagnole. Parfait pour les boutiques de cadeaux touristiques, ce cheval est un souvenir inoubliable qui ravira ceux qui recherchent une touche d&rsquo;authenticit\u00e9 dans leurs achats.   <\/p>\n","protected":false},"excerpt":{"rendered":"<p>Figure de cheval de 8,5 cm, conception artisanale, peinte \u00e0 la main, avec une combinaison vibrante de couleurs. Ce charmant souvenir repr\u00e9sente la tradition artistique espagnole, avec un motif en mosa\u00efque qui combine des nuances de bleu, de rose, de jaune et de vert. Chaque d\u00e9tail est minutieusement travaill\u00e9, mettant en valeur la beaut\u00e9 et l&rsquo;\u00e9nergie du cheval, symbole de force et de libert\u00e9 dans la culture espagnole. Id\u00e9al pour les collectionneurs ou comme d\u00e9coration unique.   <\/p>\n","protected":false},"featured_media":11058,"template":"","meta":{"_acf_changed":false},"product_brand":[],"product_cat":[540],"product_tag":[530],"class_list":{"0":"post-24374","1":"product","2":"type-product","3":"status-publish","4":"has-post-thumbnail","6":"product_cat-chiffres","7":"product_tag-animaux","8":"pa_motivo-chevaux","10":"first","11":"instock","12":"shipping-taxable","13":"product-type-simple"},"acf":[],"_links":{"self":[{"href":"https:\/\/olemosaic.orbitalia.org\/fr\/wp-json\/wp\/v2\/product\/24374","targetHints":{"allow":["GET"]}}],"collection":[{"href":"https:\/\/olemosaic.orbitalia.org\/fr\/wp-json\/wp\/v2\/product"}],"about":[{"href":"https:\/\/olemosaic.orbitalia.org\/fr\/wp-json\/wp\/v2\/types\/product"}],"wp:featuredmedia":[{"embeddable":true,"href":"https:\/\/olemosaic.orbitalia.org\/fr\/wp-json\/wp\/v2\/media\/11058"}],"wp:attachment":[{"href":"https:\/\/olemosaic.orbitalia.org\/fr\/wp-json\/wp\/v2\/media?parent=24374"}],"wp:term":[{"taxonomy":"product_brand","embeddable":true,"href":"https:\/\/olemosaic.orbitalia.org\/fr\/wp-json\/wp\/v2\/product_brand?post=24374"},{"taxonomy":"product_cat","embeddable":true,"href":"https:\/\/olemosaic.orbitalia.org\/fr\/wp-json\/wp\/v2\/product_cat?post=24374"},{"taxonomy":"product_tag","embeddable":true,"href":"https:\/\/olemosaic.orbitalia.org\/fr\/wp-json\/wp\/v2\/product_tag?post=24374"}],"curies":[{"name":"wp","href":"https:\/\/api.w.org\/{rel}","templated":true}]}}