{"id":24364,"date":"2025-02-20T23:31:57","date_gmt":"2025-02-20T22:31:57","guid":{"rendered":"https:\/\/olemosaic.orbitalia.org\/producto\/aimant-en-ceramique-cour-seville-blanc\/"},"modified":"2025-11-21T13:23:40","modified_gmt":"2025-11-21T12:23:40","slug":"aimant-en-ceramique-cour-seville-blanc","status":"publish","type":"product","link":"https:\/\/olemosaic.orbitalia.org\/fr\/produit\/aimant-en-ceramique-cour-seville-blanc\/","title":{"rendered":"Aimant en c\u00e9ramique. Cour. S\u00e9ville. Blanc."},"content":{"rendered":"<p>Cet aimant en c\u00e9ramique au motif vibrant de la cour andalouse de S\u00e9ville est le souvenir id\u00e9al pour ceux qui veulent ramener chez eux un morceau de la riche culture flamenco de S\u00e9ville. D&rsquo;une \u00e9l\u00e9gante finition blanche, cet aimant pr\u00e9sente une illustration joyeuse d&rsquo;un couple dansant le flamenco, entour\u00e9 de d\u00e9tails embl\u00e9matiques du folklore s\u00e9villan, tels qu&rsquo;une guitare et un r\u00e9verb\u00e8re. Les c\u00e9ramiques sont faites \u00e0 la main, ce qui conf\u00e8re \u00e0 chaque pi\u00e8ce une touche unique et authentique. La bailaora, v\u00eatue d&rsquo;un spectaculaire costume rouge \u00e0 volants, et le bailaor, v\u00eatu d&rsquo;une chemise blanche et d&rsquo;un chapeau \u00e0 larges bords, \u00e9voluent dans un d\u00e9cor color\u00e9 qui refl\u00e8te la joie des f\u00eates andalouses.   <\/p>\n<p>Le nom \u00ab\u00a0S\u00e9ville\u00a0\u00bb est imprim\u00e9 en \u00e9vidence, soulignant son lien avec cette ville espagnole embl\u00e9matique, connue pour ses traditions flamandes et son architecture captivante. Cet aimant n&rsquo;est pas seulement une pi\u00e8ce d\u00e9corative, il \u00e9voque \u00e9galement l&rsquo;essence de l&rsquo;art et de la culture andalouse, ce qui en fait un cadeau id\u00e9al pour les touristes \u00e0 la recherche de souvenirs authentiques et repr\u00e9sentatifs. Chez Ol\u00e9 MOSAIC, en tant que distributeurs de souvenirs de qualit\u00e9, nous garantissons que cet aimant en c\u00e9ramique sera un brillant rappel de la beaut\u00e9 de S\u00e9ville, parfait pour les magasins qui recherchent des produits ayant une valeur culturelle et un attrait visuel.  <\/p>\n","protected":false},"excerpt":{"rendered":"<p>Aimant en c\u00e9ramique repr\u00e9sentant la cour andalouse de S\u00e9ville. Cet aimant attrayant, de couleur blanche, pr\u00e9sente une illustration color\u00e9e d&rsquo;un couple dansant le flamenco, entour\u00e9 de fleurs et d&rsquo;\u00e9l\u00e9ments typiques du folklore s\u00e9villan, tels qu&rsquo;une guitare et un r\u00e9verb\u00e8re. La c\u00e9ramique fabriqu\u00e9e \u00e0 la main apporte une touche artistique et le nom \u00ab\u00a0Sevilla\u00a0\u00bb y est imprim\u00e9, ce qui en fait un parfait souvenir de la culture andalouse.  <\/p>\n","protected":false},"featured_media":8333,"template":"","meta":{"_acf_changed":false},"product_brand":[],"product_cat":[697],"product_tag":[585],"class_list":{"0":"post-24364","1":"product","2":"type-product","3":"status-publish","4":"has-post-thumbnail","6":"product_cat-aimants","7":"product_tag-ceramique","8":"pa_ciudad-sevilla","9":"pa_motivo-cours-interieures","10":"pa_pais-espana","12":"first","13":"instock","14":"shipping-taxable","15":"product-type-simple"},"acf":[],"_links":{"self":[{"href":"https:\/\/olemosaic.orbitalia.org\/fr\/wp-json\/wp\/v2\/product\/24364","targetHints":{"allow":["GET"]}}],"collection":[{"href":"https:\/\/olemosaic.orbitalia.org\/fr\/wp-json\/wp\/v2\/product"}],"about":[{"href":"https:\/\/olemosaic.orbitalia.org\/fr\/wp-json\/wp\/v2\/types\/product"}],"wp:featuredmedia":[{"embeddable":true,"href":"https:\/\/olemosaic.orbitalia.org\/fr\/wp-json\/wp\/v2\/media\/8333"}],"wp:attachment":[{"href":"https:\/\/olemosaic.orbitalia.org\/fr\/wp-json\/wp\/v2\/media?parent=24364"}],"wp:term":[{"taxonomy":"product_brand","embeddable":true,"href":"https:\/\/olemosaic.orbitalia.org\/fr\/wp-json\/wp\/v2\/product_brand?post=24364"},{"taxonomy":"product_cat","embeddable":true,"href":"https:\/\/olemosaic.orbitalia.org\/fr\/wp-json\/wp\/v2\/product_cat?post=24364"},{"taxonomy":"product_tag","embeddable":true,"href":"https:\/\/olemosaic.orbitalia.org\/fr\/wp-json\/wp\/v2\/product_tag?post=24364"}],"curies":[{"name":"wp","href":"https:\/\/api.w.org\/{rel}","templated":true}]}}