{"id":24362,"date":"2025-02-20T23:31:57","date_gmt":"2025-02-20T22:31:57","guid":{"rendered":"https:\/\/olemosaic.orbitalia.org\/producto\/aimant-en-ceramique-cour-madrid-blanc\/"},"modified":"2025-11-21T13:23:49","modified_gmt":"2025-11-21T12:23:49","slug":"aimant-en-ceramique-cour-madrid-blanc","status":"publish","type":"product","link":"https:\/\/olemosaic.orbitalia.org\/fr\/produit\/aimant-en-ceramique-cour-madrid-blanc\/","title":{"rendered":"Aimant en c\u00e9ramique. Cour. Madrid. Blanc."},"content":{"rendered":"<p>Cet aimant en forme de cuill\u00e8re en c\u00e9ramique est un souvenir attrayant qui incarne la culture vibrante de Madrid. Peint \u00e0 la main, il repr\u00e9sente une sc\u00e8ne anim\u00e9e d&rsquo;une cour typique de la capitale, avec une danseuse v\u00eatue d&rsquo;une captivante robe rouge \u00e0 pois et un homme v\u00eatu d&rsquo;un \u00e9l\u00e9gant costume de charro, tous deux profitant d&rsquo;une atmosph\u00e8re festive. Le fond blanc fait ressortir les couleurs vives de l&rsquo;aimant, ajoutant une touche de luminosit\u00e9 et de fra\u00eecheur au dessin. Les \u00e9l\u00e9ments d\u00e9coratifs, tels que les fleurs et les lanternes color\u00e9es, ainsi que le texte \u00ab\u00a0MADRID\u00a0\u00bb, ajoutent un aspect authentique et repr\u00e9sentatif du folklore madril\u00e8ne, \u00e9voquant les festivit\u00e9s traditionnelles et la chaleur de ses habitants.   <\/p>\n<p>Cet aimant est non seulement un excellent souvenir de votre visite \u00e0 Madrid, mais aussi un morceau de la culture espagnole \u00e0 ramener chez vous. Parfait comme souvenir pour ceux qui recherchent un lien plus profond avec la ville et une repr\u00e9sentation de son esprit festif, cet aimant est id\u00e9al pour les boutiques de cadeaux touristiques qui souhaitent offrir des produits authentiques et charmants. Chez Ol\u00e9 Mosaic, nous sommes distributeurs en gros de souvenirs en c\u00e9ramique, garantissant l&rsquo;authenticit\u00e9, la qualit\u00e9 et l&rsquo;esth\u00e9tique de chaque pi\u00e8ce. Cet aimant en c\u00e9ramique est sans aucun doute un choix exceptionnel pour tout touriste souhaitant ramener un souvenir significatif de Madrid.   <\/p>\n","protected":false},"excerpt":{"rendered":"<p>Aimant en c\u00e9ramique en forme de cuill\u00e8re, d\u00e9cor\u00e9 d&rsquo;une sc\u00e8ne anim\u00e9e d&rsquo;une cour madril\u00e8ne typique. Ce joli souvenir pr\u00e9sente un motif artisanal peint \u00e0 la main, dans lequel une danseuse v\u00eatue d&rsquo;une robe \u00e0 pois rouges et un homme en costume de charro profitent d&rsquo;une soir\u00e9e festive, entour\u00e9s de fleurs et de lanternes color\u00e9es. Le fond blanc met en valeur les couleurs vives et le texte \u00ab\u00a0MADRID\u00a0\u00bb, refl\u00e9tant ainsi l&rsquo;essence du folklore madril\u00e8ne.  <\/p>\n","protected":false},"featured_media":7981,"template":"","meta":{"_acf_changed":false},"product_brand":[],"product_cat":[697],"product_tag":[585],"class_list":{"0":"post-24362","1":"product","2":"type-product","3":"status-publish","4":"has-post-thumbnail","6":"product_cat-aimants","7":"product_tag-ceramique","8":"pa_ciudad-madrid","9":"pa_motivo-cours-interieures","10":"pa_pais-espana","12":"first","13":"instock","14":"shipping-taxable","15":"product-type-simple"},"acf":[],"_links":{"self":[{"href":"https:\/\/olemosaic.orbitalia.org\/fr\/wp-json\/wp\/v2\/product\/24362","targetHints":{"allow":["GET"]}}],"collection":[{"href":"https:\/\/olemosaic.orbitalia.org\/fr\/wp-json\/wp\/v2\/product"}],"about":[{"href":"https:\/\/olemosaic.orbitalia.org\/fr\/wp-json\/wp\/v2\/types\/product"}],"wp:featuredmedia":[{"embeddable":true,"href":"https:\/\/olemosaic.orbitalia.org\/fr\/wp-json\/wp\/v2\/media\/7981"}],"wp:attachment":[{"href":"https:\/\/olemosaic.orbitalia.org\/fr\/wp-json\/wp\/v2\/media?parent=24362"}],"wp:term":[{"taxonomy":"product_brand","embeddable":true,"href":"https:\/\/olemosaic.orbitalia.org\/fr\/wp-json\/wp\/v2\/product_brand?post=24362"},{"taxonomy":"product_cat","embeddable":true,"href":"https:\/\/olemosaic.orbitalia.org\/fr\/wp-json\/wp\/v2\/product_cat?post=24362"},{"taxonomy":"product_tag","embeddable":true,"href":"https:\/\/olemosaic.orbitalia.org\/fr\/wp-json\/wp\/v2\/product_tag?post=24362"}],"curies":[{"name":"wp","href":"https:\/\/api.w.org\/{rel}","templated":true}]}}