{"id":24345,"date":"2025-02-20T23:32:03","date_gmt":"2025-02-20T22:32:03","guid":{"rendered":"https:\/\/olemosaic.orbitalia.org\/producto\/aimant-en-ceramique-patio-andalou-blanc\/"},"modified":"2025-02-20T23:32:03","modified_gmt":"2025-02-20T22:32:03","slug":"aimant-en-ceramique-patio-andalou-blanc","status":"publish","type":"product","link":"https:\/\/olemosaic.orbitalia.org\/fr\/produit\/aimant-en-ceramique-patio-andalou-blanc\/","title":{"rendered":"Aimant en c\u00e9ramique. Patio andalou. Blanc."},"content":{"rendered":"<p>Cet aimant en c\u00e9ramique repr\u00e9sente une cour andalouse anim\u00e9e, capturant l&rsquo;essence de la culture flamenco dans une \u0153uvre d&rsquo;art quotidienne. Sur un fond blanc lumineux, l&rsquo;objet comporte une illustration peinte \u00e0 la main repr\u00e9sentant un couple dansant le flamenco. La bailaora se distingue par sa robe rouge \u00e0 pois et son parasol color\u00e9, tandis que le bailaor, dans son costume noir classique, compl\u00e8te la composition avec une touche d&rsquo;\u00e9l\u00e9gance et de sophistication. Les d\u00e9tails aux couleurs vives \u00e9voquent l&rsquo;atmosph\u00e8re festive et joyeuse des traditions espagnoles, ce qui fait de cet aimant un souvenir id\u00e9al pour ceux qui souhaitent emporter un petit morceau d&rsquo;Andalousie chez eux.   <\/p>\n<p>Ce souvenir, au design attrayant, n&rsquo;est pas seulement fonctionnel pour conserver des notes ou des photos sur le r\u00e9frig\u00e9rateur, mais il est \u00e9galement repr\u00e9sentatif du riche patrimoine culturel espagnol. Chez Ol\u00e9 Mosaic, nous sommes sp\u00e9cialis\u00e9s dans la distribution en gros de souvenirs authentiques, offrant des produits qui refl\u00e8tent l&rsquo;art et la culture locale. Cet aimant en c\u00e9ramique est un excellent choix pour les boutiques de cadeaux touristiques \u00e0 la recherche d&rsquo;articles de qualit\u00e9 et culturellement pertinents, combinant tradition et fonctionnalit\u00e9 en un seul produit. Parfait pour les touristes qui souhaitent se rappeler la beaut\u00e9 et la joie de l&rsquo;Andalousie, c&rsquo;est un souvenir charmant qui enrichira n&rsquo;importe quelle collection.   <\/p>\n","protected":false},"excerpt":{"rendered":"<p>Aimant en c\u00e9ramique repr\u00e9sentant une cour andalouse anim\u00e9e. Ce joli magnet \u00e0 fond blanc est orn\u00e9 d&rsquo;une illustration artisanale peinte \u00e0 la main d&rsquo;un couple dansant le flamenco : une bailaora en robe \u00e0 pois rouges et un bailaor en costume classique. Les d\u00e9tails color\u00e9s ajoutent une touche festive, \u00e9voquant l&rsquo;atmosph\u00e8re joyeuse et color\u00e9e des traditions espagnoles. Id\u00e9al pour rappeler la beaut\u00e9 de l&rsquo;Andalousie.   <\/p>\n","protected":false},"featured_media":8432,"template":"","meta":{"_acf_changed":false},"product_brand":[],"product_cat":[697],"product_tag":[585],"class_list":{"0":"post-24345","1":"product","2":"type-product","3":"status-publish","4":"has-post-thumbnail","6":"product_cat-aimants","7":"product_tag-ceramique","8":"pa_motivo-cours-interieures","10":"first","11":"instock","12":"shipping-taxable","13":"product-type-simple"},"acf":[],"_links":{"self":[{"href":"https:\/\/olemosaic.orbitalia.org\/fr\/wp-json\/wp\/v2\/product\/24345","targetHints":{"allow":["GET"]}}],"collection":[{"href":"https:\/\/olemosaic.orbitalia.org\/fr\/wp-json\/wp\/v2\/product"}],"about":[{"href":"https:\/\/olemosaic.orbitalia.org\/fr\/wp-json\/wp\/v2\/types\/product"}],"wp:featuredmedia":[{"embeddable":true,"href":"https:\/\/olemosaic.orbitalia.org\/fr\/wp-json\/wp\/v2\/media\/8432"}],"wp:attachment":[{"href":"https:\/\/olemosaic.orbitalia.org\/fr\/wp-json\/wp\/v2\/media?parent=24345"}],"wp:term":[{"taxonomy":"product_brand","embeddable":true,"href":"https:\/\/olemosaic.orbitalia.org\/fr\/wp-json\/wp\/v2\/product_brand?post=24345"},{"taxonomy":"product_cat","embeddable":true,"href":"https:\/\/olemosaic.orbitalia.org\/fr\/wp-json\/wp\/v2\/product_cat?post=24345"},{"taxonomy":"product_tag","embeddable":true,"href":"https:\/\/olemosaic.orbitalia.org\/fr\/wp-json\/wp\/v2\/product_tag?post=24345"}],"curies":[{"name":"wp","href":"https:\/\/api.w.org\/{rel}","templated":true}]}}