{"id":24340,"date":"2025-02-20T23:32:03","date_gmt":"2025-02-20T22:32:03","guid":{"rendered":"https:\/\/olemosaic.orbitalia.org\/producto\/aimant-en-ceramique-salamandre-et-fleurs-espagne-blanc\/"},"modified":"2025-11-21T13:23:15","modified_gmt":"2025-11-21T12:23:15","slug":"aimant-en-ceramique-salamandre-et-fleurs-espagne-blanc","status":"publish","type":"product","link":"https:\/\/olemosaic.orbitalia.org\/fr\/produit\/aimant-en-ceramique-salamandre-et-fleurs-espagne-blanc\/","title":{"rendered":"Aimant en c\u00e9ramique. Salamandre et fleurs. Espagne. Blanc."},"content":{"rendered":"<p>Cet aimant en c\u00e9ramique pr\u00e9sente un design vibrant qui capture l&rsquo;essence du folklore espagnol, id\u00e9al comme souvenir pour les amoureux de la culture et de la nature. Sur un fond blanc \u00e9clatant, il repr\u00e9sente une salamandre color\u00e9e, entour\u00e9e de fleurs luxuriantes symbolisant la riche biodiversit\u00e9 de la p\u00e9ninsule ib\u00e9rique. La salamandre, peinte dans des tons bleus et verts, prend vie au centre de l&rsquo;aimant, tandis que les fleurs jaunes et rouges, fabriqu\u00e9es \u00e0 partir d&rsquo;une mosa\u00efque de c\u00e9ramique, ajoutent un attrait visuel qui souligne la joie de la culture m\u00e9diterran\u00e9enne.  <\/p>\n<p>Cet aimant, en plus d&rsquo;\u00eatre fonctionnel, est un souvenir significatif, \u00e9voquant la beaut\u00e9 du paysage espagnol et de ses habitants. M\u00e9ticuleusement fabriqu\u00e9e, cette pi\u00e8ce est une fusion d&rsquo;art et de tradition, parfaite pour ceux qui recherchent des souvenirs authentiques qui capturent l&rsquo;essence de leur exp\u00e9rience en Espagne. Chez Ol\u00e9 Mosaic, nous nous engageons \u00e0 offrir des articles de qualit\u00e9, et cet aimant en c\u00e9ramique est un excellent choix pour les boutiques de cadeaux touristiques d\u00e9sireuses d&rsquo;offrir des produits uniques et repr\u00e9sentatifs de la culture espagnole. Avec son design attrayant, cet aimant en forme de salamandre est un article indispensable pour toute collection de souvenirs en c\u00e9ramique.   <\/p>\n","protected":false},"excerpt":{"rendered":"<p>Aimant en c\u00e9ramique au motif vibrant repr\u00e9sentant une salamandre entour\u00e9e de fleurs color\u00e9es, symbole de la richesse du folklore espagnol. Sur un fond blanc, cet objet est d\u00e9cor\u00e9 de mosa\u00efques en c\u00e9ramique de diff\u00e9rentes couleurs, telles que le bleu, le vert et le rouge, cr\u00e9ant un effet visuel captivant. La salamandre, dans les tons bleu et vert, est entrelac\u00e9e de fleurs jaunes et rouges, ce qui rappelle joliment les \u00e9l\u00e9ments naturels de l&rsquo;Espagne. Id\u00e9al pour ajouter une touche de couleur \u00e0 toute surface m\u00e9tallique.   <\/p>\n","protected":false},"featured_media":8368,"template":"","meta":{"_acf_changed":false},"product_brand":[],"product_cat":[697],"product_tag":[530,585],"class_list":{"0":"post-24340","1":"product","2":"type-product","3":"status-publish","4":"has-post-thumbnail","6":"product_cat-aimants","7":"product_tag-animaux","8":"product_tag-ceramique","9":"pa_motivo-salamandres","11":"first","12":"instock","13":"shipping-taxable","14":"product-type-simple"},"acf":[],"_links":{"self":[{"href":"https:\/\/olemosaic.orbitalia.org\/fr\/wp-json\/wp\/v2\/product\/24340","targetHints":{"allow":["GET"]}}],"collection":[{"href":"https:\/\/olemosaic.orbitalia.org\/fr\/wp-json\/wp\/v2\/product"}],"about":[{"href":"https:\/\/olemosaic.orbitalia.org\/fr\/wp-json\/wp\/v2\/types\/product"}],"wp:featuredmedia":[{"embeddable":true,"href":"https:\/\/olemosaic.orbitalia.org\/fr\/wp-json\/wp\/v2\/media\/8368"}],"wp:attachment":[{"href":"https:\/\/olemosaic.orbitalia.org\/fr\/wp-json\/wp\/v2\/media?parent=24340"}],"wp:term":[{"taxonomy":"product_brand","embeddable":true,"href":"https:\/\/olemosaic.orbitalia.org\/fr\/wp-json\/wp\/v2\/product_brand?post=24340"},{"taxonomy":"product_cat","embeddable":true,"href":"https:\/\/olemosaic.orbitalia.org\/fr\/wp-json\/wp\/v2\/product_cat?post=24340"},{"taxonomy":"product_tag","embeddable":true,"href":"https:\/\/olemosaic.orbitalia.org\/fr\/wp-json\/wp\/v2\/product_tag?post=24340"}],"curies":[{"name":"wp","href":"https:\/\/api.w.org\/{rel}","templated":true}]}}