{"id":24334,"date":"2025-02-20T23:31:58","date_gmt":"2025-02-20T22:31:58","guid":{"rendered":"https:\/\/olemosaic.orbitalia.org\/producto\/aimant-en-ceramique-coqs-blanc\/"},"modified":"2025-02-20T23:31:58","modified_gmt":"2025-02-20T22:31:58","slug":"aimant-en-ceramique-coqs-blanc","status":"publish","type":"product","link":"https:\/\/olemosaic.orbitalia.org\/fr\/produit\/aimant-en-ceramique-coqs-blanc\/","title":{"rendered":"Aimant en c\u00e9ramique. Coqs. Blanc."},"content":{"rendered":"<p>Cet aimant en c\u00e9ramique repr\u00e9sentant un coq est un souvenir authentique qui capture l&rsquo;essence du folklore portugais. Au centre de cet aimant accrocheur se trouve un coq noir, symbole embl\u00e9matique du Portugal, orn\u00e9 de d\u00e9tails et de c\u0153urs rouges, le tout sur un fond blanc parsem\u00e9 de bleu. Ce motif vibrant enrichit non seulement l&rsquo;esth\u00e9tique de l&rsquo;objet, mais \u00e9voque \u00e9galement la joie et la vitalit\u00e9 de la culture portugaise. L&rsquo;effet de la c\u00e9ramique peinte \u00e0 la main lui conf\u00e8re une touche artisanale unique qui \u00e9l\u00e8ve cet aimant au-dessus de la production de masse, faisant de chaque pi\u00e8ce un investissement dans l&rsquo;originalit\u00e9 et la tradition.   <\/p>\n<p>Le coq, largement reconnu comme un embl\u00e8me de la gastronomie et de la culture portugaises, \u00e9voque l&rsquo;histoire des march\u00e9s de rue et des festivit\u00e9s typiques. Cet aimant devient un symbole de la vitalit\u00e9 des traditions locales, offrant un lien direct avec l&rsquo;authenticit\u00e9 du pays. Chez Ol\u00e9 Mosaic, nous sommes fiers de proposer des souvenirs qui repr\u00e9sentent la richesse culturelle et artistique du Portugal. Cet aimant en c\u00e9ramique n&rsquo;est pas seulement un cadeau parfait, mais aussi une option fantastique pour les boutiques de cadeaux touristiques qui cherchent \u00e0 offrir des souvenirs authentiques de qualit\u00e9 \u00e0 leurs clients. Gr\u00e2ce \u00e0 cet aimant, chaque visiteur pourra ramener chez lui un petit morceau du Portugal, en se souvenant de son voyage \u00e0 travers le symbole du coq.    <\/p>\n","protected":false},"excerpt":{"rendered":"<p>Aimant en c\u00e9ramique d\u00e9cor\u00e9 d&rsquo;un coq, symbole embl\u00e9matique du Portugal. Ce magnet attrayant pr\u00e9sente un design vibrant, avec un coq noir orn\u00e9 de d\u00e9tails et de c\u0153urs rouges, sur un fond blanc parsem\u00e9 de bleu. La c\u00e9ramique semble avoir \u00e9t\u00e9 peinte \u00e0 la main, ce qui lui conf\u00e8re une touche artisanale unique. Ce souvenir capture l&rsquo;essence du folklore portugais, ce qui en fait un cadeau parfait ou un rappel des traditions du pays voisin.   <\/p>\n","protected":false},"featured_media":8906,"template":"","meta":{"_acf_changed":false},"product_brand":[],"product_cat":[697],"product_tag":[530,585],"class_list":{"0":"post-24334","1":"product","2":"type-product","3":"status-publish","4":"has-post-thumbnail","6":"product_cat-aimants","7":"product_tag-animaux","8":"product_tag-ceramique","9":"pa_motivo-coqs","11":"first","12":"instock","13":"shipping-taxable","14":"product-type-simple"},"acf":[],"_links":{"self":[{"href":"https:\/\/olemosaic.orbitalia.org\/fr\/wp-json\/wp\/v2\/product\/24334","targetHints":{"allow":["GET"]}}],"collection":[{"href":"https:\/\/olemosaic.orbitalia.org\/fr\/wp-json\/wp\/v2\/product"}],"about":[{"href":"https:\/\/olemosaic.orbitalia.org\/fr\/wp-json\/wp\/v2\/types\/product"}],"wp:featuredmedia":[{"embeddable":true,"href":"https:\/\/olemosaic.orbitalia.org\/fr\/wp-json\/wp\/v2\/media\/8906"}],"wp:attachment":[{"href":"https:\/\/olemosaic.orbitalia.org\/fr\/wp-json\/wp\/v2\/media?parent=24334"}],"wp:term":[{"taxonomy":"product_brand","embeddable":true,"href":"https:\/\/olemosaic.orbitalia.org\/fr\/wp-json\/wp\/v2\/product_brand?post=24334"},{"taxonomy":"product_cat","embeddable":true,"href":"https:\/\/olemosaic.orbitalia.org\/fr\/wp-json\/wp\/v2\/product_cat?post=24334"},{"taxonomy":"product_tag","embeddable":true,"href":"https:\/\/olemosaic.orbitalia.org\/fr\/wp-json\/wp\/v2\/product_tag?post=24334"}],"curies":[{"name":"wp","href":"https:\/\/api.w.org\/{rel}","templated":true}]}}