{"id":24298,"date":"2025-02-20T23:31:52","date_gmt":"2025-02-20T22:31:52","guid":{"rendered":"https:\/\/olemosaic.orbitalia.org\/producto\/mug-en-ceramique-fleurs-blanc-95-cm\/"},"modified":"2025-02-20T23:31:52","modified_gmt":"2025-02-20T22:31:52","slug":"mug-en-ceramique-fleurs-blanc-95-cm","status":"publish","type":"product","link":"https:\/\/olemosaic.orbitalia.org\/fr\/produit\/mug-en-ceramique-fleurs-blanc-95-cm\/","title":{"rendered":"Mug en c\u00e9ramique. Fleurs. Blanc. 9,5 cm."},"content":{"rendered":"<p>Il s&rsquo;agit d&rsquo;une tasse en c\u00e9ramique au design unique, d\u00e9cor\u00e9e d&rsquo;une mosa\u00efque florale vibrante et color\u00e9e qui \u00e9voque le style du c\u00e9l\u00e8bre architecte Antoni Gaud\u00ed. D&rsquo;une hauteur de 9,5 cm, cette charmante tasse pr\u00e9sente un ext\u00e9rieur orn\u00e9 d&rsquo;une explosion de couleurs : rouges, jaunes, bleus et noirs, qui entrem\u00ealent une s\u00e9rie de fleurs, cr\u00e9ant ainsi une esth\u00e9tique joyeuse et contemporaine. L&rsquo;anse originale de la tasse, avec sa forme distinctive, compl\u00e8te parfaitement le d\u00e9cor, faisant de chaque gorg\u00e9e une exp\u00e9rience unique et amusante. L&rsquo;int\u00e9rieur, dans un ton orange chaud, met en valeur les d\u00e9tails de l&rsquo;ext\u00e9rieur, offrant un contraste visuel attrayant.   <\/p>\n<p>Ce produit n&rsquo;est pas seulement une pi\u00e8ce fonctionnelle, id\u00e9ale pour d\u00e9guster votre caf\u00e9 ou votre th\u00e9 pr\u00e9f\u00e9r\u00e9, mais il repr\u00e9sente \u00e9galement un lien culturel significatif avec la riche tradition artistique de l&rsquo;Espagne. Les motifs floraux s&rsquo;inspirent de l&rsquo;h\u00e9ritage de Gaud\u00ed, connu pour ses chefs-d&rsquo;\u0153uvre du modernisme catalan, qui ont transform\u00e9 l&rsquo;architecture de Barcelone. En tant que souvenir authentique, cette tasse en c\u00e9ramique est un excellent choix pour les touristes qui souhaitent emporter une \u0153uvre d&rsquo;art espagnole chez eux. Chez Ol\u00e9 Mosaic, nous sommes fiers d&rsquo;offrir de tels souvenirs en c\u00e9ramique en gros, parfaits pour les boutiques de cadeaux touristiques qui souhaitent mettre en valeur la beaut\u00e9 et la culture de l&rsquo;Espagne.   <\/p>\n","protected":false},"excerpt":{"rendered":"<p>Mug en c\u00e9ramique d\u00e9cor\u00e9 d&rsquo;un vibrant motif floral en rouge, jaune, bleu et noir, \u00e9voquant le style de la c\u00e9l\u00e8bre mosa\u00efque de Gaudi. Mesurant 9,5 cm de hauteur, cette belle tasse est dot\u00e9e d&rsquo;une anse de forme unique qui compl\u00e8te son esth\u00e9tique joyeuse et color\u00e9e. L&rsquo;int\u00e9rieur orange met en valeur les d\u00e9tails de l&rsquo;ext\u00e9rieur, ce qui fait de ce mug une pi\u00e8ce fonctionnelle et d\u00e9corative id\u00e9ale pour tout amateur de culture espagnole.  <\/p>\n","protected":false},"featured_media":8915,"template":"","meta":{"_acf_changed":false},"product_brand":[],"product_cat":[728],"product_tag":[585],"class_list":{"0":"post-24298","1":"product","2":"type-product","3":"status-publish","4":"has-post-thumbnail","6":"product_cat-mugs","7":"product_tag-ceramique","8":"pa_motivo-fleurs","10":"first","11":"instock","12":"shipping-taxable","13":"product-type-simple"},"acf":[],"_links":{"self":[{"href":"https:\/\/olemosaic.orbitalia.org\/fr\/wp-json\/wp\/v2\/product\/24298","targetHints":{"allow":["GET"]}}],"collection":[{"href":"https:\/\/olemosaic.orbitalia.org\/fr\/wp-json\/wp\/v2\/product"}],"about":[{"href":"https:\/\/olemosaic.orbitalia.org\/fr\/wp-json\/wp\/v2\/types\/product"}],"wp:featuredmedia":[{"embeddable":true,"href":"https:\/\/olemosaic.orbitalia.org\/fr\/wp-json\/wp\/v2\/media\/8915"}],"wp:attachment":[{"href":"https:\/\/olemosaic.orbitalia.org\/fr\/wp-json\/wp\/v2\/media?parent=24298"}],"wp:term":[{"taxonomy":"product_brand","embeddable":true,"href":"https:\/\/olemosaic.orbitalia.org\/fr\/wp-json\/wp\/v2\/product_brand?post=24298"},{"taxonomy":"product_cat","embeddable":true,"href":"https:\/\/olemosaic.orbitalia.org\/fr\/wp-json\/wp\/v2\/product_cat?post=24298"},{"taxonomy":"product_tag","embeddable":true,"href":"https:\/\/olemosaic.orbitalia.org\/fr\/wp-json\/wp\/v2\/product_tag?post=24298"}],"curies":[{"name":"wp","href":"https:\/\/api.w.org\/{rel}","templated":true}]}}