{"id":24252,"date":"2025-02-20T23:32:00","date_gmt":"2025-02-20T22:32:00","guid":{"rendered":"https:\/\/olemosaic.orbitalia.org\/producto\/aimant-en-ceramique-salamandre-et-fleurs-majorque-blanc\/"},"modified":"2025-02-20T23:32:00","modified_gmt":"2025-02-20T22:32:00","slug":"aimant-en-ceramique-salamandre-et-fleurs-majorque-blanc","status":"publish","type":"product","link":"https:\/\/olemosaic.orbitalia.org\/fr\/produit\/aimant-en-ceramique-salamandre-et-fleurs-majorque-blanc\/","title":{"rendered":"Aimant en c\u00e9ramique. Salamandre et fleurs. Majorque. Blanc."},"content":{"rendered":"<p>Cet aimant d\u00e9coratif en c\u00e9ramique repr\u00e9sente une salamandre vibrante encadr\u00e9e par une explosion luxuriante de fleurs color\u00e9es, capturant l&rsquo;essence de Majorque dans les moindres d\u00e9tails. Sur un fond blanc qui rehausse son attrait visuel, cet aimant se distingue par son motif en mosa\u00efque peint \u00e0 la main, o\u00f9 les tons vifs de bleu, de rouge, de jaune et de vert se combinent harmonieusement, \u00e9voquant \u00e0 la fois le riche folklore majorquin et la beaut\u00e9 naturelle de l&rsquo;\u00eele. La salamandre, symbole de la biodiversit\u00e9 locale, est repr\u00e9sent\u00e9e dans une pose dynamique, entour\u00e9e de fleurs stylis\u00e9es qui apportent une touche de fra\u00eecheur et de vitalit\u00e9. Le mot \u00ab\u00a0MALLORCA\u00a0\u00bb est \u00e9l\u00e9gamment imprim\u00e9 en bas, renfor\u00e7ant l&rsquo;authenticit\u00e9 de ce souvenir.   <\/p>\n<p>Cet aimant est le souvenir id\u00e9al pour les touristes qui souhaitent ramener chez eux un morceau de la culture et de la nature locales. Chez Ol\u00e9 Mosaic, nous nous consacrons \u00e0 la distribution de souvenirs en gros, et cet aimant en c\u00e9ramique n&rsquo;est pas seulement un objet d\u00e9coratif, mais aussi un souvenir significatif de Majorque, parfait pour les boutiques de cadeaux touristiques qui souhaitent offrir des produits repr\u00e9sentatifs et authentiques. En tant que grossistes en souvenirs, nous garantissons la qualit\u00e9 et la valeur culturelle de chaque pi\u00e8ce, afin que chaque client trouve dans cet aimant une excellente repr\u00e9sentation de la tradition majorquine.  <\/p>\n","protected":false},"excerpt":{"rendered":"<p>Aimant d\u00e9coratif en c\u00e9ramique repr\u00e9sentant une salamandre vibrante entour\u00e9e de fleurs color\u00e9es, ic\u00f4ne de Majorque. Ce charmant aimant, pos\u00e9 sur une base blanche, se distingue par son motif en mosa\u00efque peint \u00e0 la main dans des tons vifs de bleu, de rouge, de jaune et de vert, capturant l&rsquo;essence du folklore majorquin. Le mot \u00ab\u00a0MALLORCA\u00a0\u00bb est \u00e9l\u00e9gamment imprim\u00e9, ajoutant une touche d&rsquo;authenticit\u00e9 \u00e0 ce souvenir id\u00e9al pour les amoureux de l&rsquo;\u00eele.  <\/p>\n","protected":false},"featured_media":8053,"template":"","meta":{"_acf_changed":false},"product_brand":[],"product_cat":[697],"product_tag":[530,585],"class_list":{"0":"post-24252","1":"product","2":"type-product","3":"status-publish","4":"has-post-thumbnail","6":"product_cat-aimants","7":"product_tag-animaux","8":"product_tag-ceramique","9":"pa_ciudad-mallorca","10":"pa_motivo-salamandres","11":"pa_pais-espana","13":"first","14":"instock","15":"shipping-taxable","16":"product-type-simple"},"acf":[],"_links":{"self":[{"href":"https:\/\/olemosaic.orbitalia.org\/fr\/wp-json\/wp\/v2\/product\/24252","targetHints":{"allow":["GET"]}}],"collection":[{"href":"https:\/\/olemosaic.orbitalia.org\/fr\/wp-json\/wp\/v2\/product"}],"about":[{"href":"https:\/\/olemosaic.orbitalia.org\/fr\/wp-json\/wp\/v2\/types\/product"}],"wp:featuredmedia":[{"embeddable":true,"href":"https:\/\/olemosaic.orbitalia.org\/fr\/wp-json\/wp\/v2\/media\/8053"}],"wp:attachment":[{"href":"https:\/\/olemosaic.orbitalia.org\/fr\/wp-json\/wp\/v2\/media?parent=24252"}],"wp:term":[{"taxonomy":"product_brand","embeddable":true,"href":"https:\/\/olemosaic.orbitalia.org\/fr\/wp-json\/wp\/v2\/product_brand?post=24252"},{"taxonomy":"product_cat","embeddable":true,"href":"https:\/\/olemosaic.orbitalia.org\/fr\/wp-json\/wp\/v2\/product_cat?post=24252"},{"taxonomy":"product_tag","embeddable":true,"href":"https:\/\/olemosaic.orbitalia.org\/fr\/wp-json\/wp\/v2\/product_tag?post=24252"}],"curies":[{"name":"wp","href":"https:\/\/api.w.org\/{rel}","templated":true}]}}