{"id":24240,"date":"2025-02-20T23:31:58","date_gmt":"2025-02-20T22:31:58","guid":{"rendered":"https:\/\/olemosaic.orbitalia.org\/producto\/aimant-en-ceramique-sagrada-familia-gaudi-barcelone-blanc\/"},"modified":"2025-02-20T23:31:58","modified_gmt":"2025-02-20T22:31:58","slug":"aimant-en-ceramique-sagrada-familia-gaudi-barcelone-blanc","status":"publish","type":"product","link":"https:\/\/olemosaic.orbitalia.org\/fr\/produit\/aimant-en-ceramique-sagrada-familia-gaudi-barcelone-blanc\/","title":{"rendered":"Aimant en c\u00e9ramique. Sagrada Familia. Gaudi. Barcelone. Blanc."},"content":{"rendered":"<p>Cet aimant en c\u00e9ramique de Barcelone est une repr\u00e9sentation vibrante et stylis\u00e9e de l&#8217;embl\u00e9matique Sagrada Familia, l&rsquo;un des monuments les plus embl\u00e9matiques de la ville. Avec un design qui se d\u00e9tache sur un fond blanc, cet aimant permet aux couleurs vives de la basilique de ressortir de fa\u00e7on spectaculaire, offrant une vision captivante qui capture l&rsquo;essence de l&rsquo;art moderniste d&rsquo;Antoni Gaud\u00ed. Au bas de l&rsquo;aimant, les tours de la Sagrada Familia, minutieusement illustr\u00e9es, sont orn\u00e9es de d\u00e9tails en mosa\u00efque qui \u00e9voquent la cr\u00e9ativit\u00e9 unique de Gaudi, tandis que des motifs abstraits entourent l&rsquo;image, lui apportant une touche contemporaine.  <\/p>\n<p>Le texte \u00ab\u00a0Barcelona\u00a0\u00bb est clairement imprim\u00e9 sur le dessus, ce qui garantit que cet aimant deviendra un souvenir m\u00e9morable pour ceux qui ont visit\u00e9 la ville. Ce souvenir n&rsquo;est pas seulement un objet d\u00e9coratif, mais une pi\u00e8ce qui incarne la riche histoire et l&rsquo;attrait culturel de Barcelone, id\u00e9ale pour les touristes et les amateurs d&rsquo;architecture. Chez Ol\u00e9 Mosaic, nous sommes sp\u00e9cialis\u00e9s dans la distribution de souvenirs en gros, offrant des produits authentiques qui repr\u00e9sentent le meilleur de l&rsquo;Espagne. Cet aimant, avec son design attrayant et sa pertinence culturelle, est un excellent choix pour les boutiques de cadeaux touristiques \u00e0 la recherche d&rsquo;articles uniques et repr\u00e9sentatifs, parfaits pour ceux qui veulent emporter un petit morceau de Barcelone chez eux.   <\/p>\n","protected":false},"excerpt":{"rendered":"<p>Aimant en c\u00e9ramique de forme stylis\u00e9e, inspir\u00e9 de l&#8217;embl\u00e9matique Sagrada Familia de Barcelone. Sur un fond blanc qui met en valeur les couleurs vives utilis\u00e9es, l&rsquo;aimant pr\u00e9sente un dessin d\u00e9taill\u00e9 des tours de la basilique, entour\u00e9 de motifs abstraits rappelant le style de Gaud\u00ed. Le mot \u00ab\u00a0Barcelona\u00a0\u00bb est clairement imprim\u00e9 en haut, ce qui fait de cet aimant un souvenir parfait pour les amoureux de l&rsquo;architecture et de l&rsquo;art catalans.  <\/p>\n","protected":false},"featured_media":9516,"template":"","meta":{"_acf_changed":false},"product_brand":[],"product_cat":[697],"product_tag":[585],"class_list":{"0":"post-24240","1":"product","2":"type-product","3":"status-publish","4":"has-post-thumbnail","6":"product_cat-aimants","7":"product_tag-ceramique","8":"pa_ciudad-barcelona","9":"pa_pais-espana","11":"first","12":"instock","13":"shipping-taxable","14":"product-type-simple"},"acf":[],"_links":{"self":[{"href":"https:\/\/olemosaic.orbitalia.org\/fr\/wp-json\/wp\/v2\/product\/24240","targetHints":{"allow":["GET"]}}],"collection":[{"href":"https:\/\/olemosaic.orbitalia.org\/fr\/wp-json\/wp\/v2\/product"}],"about":[{"href":"https:\/\/olemosaic.orbitalia.org\/fr\/wp-json\/wp\/v2\/types\/product"}],"wp:featuredmedia":[{"embeddable":true,"href":"https:\/\/olemosaic.orbitalia.org\/fr\/wp-json\/wp\/v2\/media\/9516"}],"wp:attachment":[{"href":"https:\/\/olemosaic.orbitalia.org\/fr\/wp-json\/wp\/v2\/media?parent=24240"}],"wp:term":[{"taxonomy":"product_brand","embeddable":true,"href":"https:\/\/olemosaic.orbitalia.org\/fr\/wp-json\/wp\/v2\/product_brand?post=24240"},{"taxonomy":"product_cat","embeddable":true,"href":"https:\/\/olemosaic.orbitalia.org\/fr\/wp-json\/wp\/v2\/product_cat?post=24240"},{"taxonomy":"product_tag","embeddable":true,"href":"https:\/\/olemosaic.orbitalia.org\/fr\/wp-json\/wp\/v2\/product_tag?post=24240"}],"curies":[{"name":"wp","href":"https:\/\/api.w.org\/{rel}","templated":true}]}}