{"id":24181,"date":"2025-02-20T23:31:50","date_gmt":"2025-02-20T22:31:50","guid":{"rendered":"https:\/\/olemosaic.orbitalia.org\/producto\/tasse-en-ceramique-bailaora-madrid-beige\/"},"modified":"2025-11-21T13:21:13","modified_gmt":"2025-11-21T12:21:13","slug":"tasse-en-ceramique-bailaora-madrid-beige","status":"publish","type":"product","link":"https:\/\/olemosaic.orbitalia.org\/fr\/produit\/tasse-en-ceramique-bailaora-madrid-beige\/","title":{"rendered":"Tasse en c\u00e9ramique. Bailaora. Madrid. Beige."},"content":{"rendered":"<p>Cette charmante tasse en c\u00e9ramique pr\u00e9sente une illustration vibrante d&rsquo;une danseuse de flamenco, capturant l&rsquo;essence culturelle de Madrid d&rsquo;une mani\u00e8re extraordinaire. Sur un fond beige qui rehausse son \u00e9l\u00e9gance, cette tasse peinte \u00e0 la main pr\u00e9sente un motif audacieux qui inclut l&rsquo;image d&rsquo;une danseuse de flamenco dans une robe color\u00e9e orn\u00e9e de fleurs rouges, repr\u00e9sentant la passion et l&rsquo;art du flamenco. Le mot \u00ab\u00a0MADRID\u00a0\u00bb, imprim\u00e9 en lettres joyeuses, ajoute une touche amusante et attrayante, faisant de cette tasse un excellent souvenir de la capitale espagnole.  <\/p>\n<p>Il s&rsquo;agit d&rsquo;un produit con\u00e7u non seulement pour \u00eatre fonctionnel, mais aussi pour \u00e9voquer la riche tradition culturelle du flamenco, symbole de l&rsquo;identit\u00e9 espagnole. Id\u00e9ale pour d\u00e9guster un caf\u00e9, un th\u00e9 ou toute autre boisson chaude, cette tasse comprend \u00e9galement une cuill\u00e8re en c\u00e9ramique assortie, parfaite pour compl\u00e9ter son utilisation quotidienne. En tant que souvenir de Madrid, cette tasse est un choix exceptionnel pour les touristes qui souhaitent ramener chez eux un morceau de la culture madril\u00e8ne. Chez Ol\u00e9 Mosaic, nous nous consacrons \u00e0 la distribution de souvenirs en gros, offrant des articles authentiques qui repr\u00e9sentent la beaut\u00e9 et la diversit\u00e9 de l&rsquo;Espagne, comme cette charmante tasse bailaora, parfaite pour les boutiques de cadeaux touristiques qui cherchent \u00e0 offrir des produits authentiques et de qualit\u00e9.   <\/p>\n","protected":false},"excerpt":{"rendered":"<p>Tasse en c\u00e9ramique avec une illustration vibrante d&rsquo;une danseuse de flamenco, repr\u00e9sentant l&rsquo;essence culturelle de Madrid. Cette charmante tasse aux tons beiges pr\u00e9sente un motif artisanal peint \u00e0 la main avec des d\u00e9tails de costumes color\u00e9s et des fleurs rouges ornant la sc\u00e8ne. Le mot \u00ab\u00a0MADRID\u00a0\u00bb est imprim\u00e9 en lettres joyeuses, compl\u00e9tant ainsi son attrait artistique. Il est accompagn\u00e9 d&rsquo;une cuill\u00e8re en c\u00e9ramique assortie, parfaite pour d\u00e9guster votre boisson pr\u00e9f\u00e9r\u00e9e avec style.   <\/p>\n","protected":false},"featured_media":6828,"template":"","meta":{"_acf_changed":false},"product_brand":[],"product_cat":[728],"product_tag":[585],"class_list":{"0":"post-24181","1":"product","2":"type-product","3":"status-publish","4":"has-post-thumbnail","6":"product_cat-mugs","7":"product_tag-ceramique","8":"pa_ciudad-madrid","9":"pa_motivo-danseurs","10":"pa_pais-espana","12":"first","13":"instock","14":"shipping-taxable","15":"product-type-simple"},"acf":[],"_links":{"self":[{"href":"https:\/\/olemosaic.orbitalia.org\/fr\/wp-json\/wp\/v2\/product\/24181","targetHints":{"allow":["GET"]}}],"collection":[{"href":"https:\/\/olemosaic.orbitalia.org\/fr\/wp-json\/wp\/v2\/product"}],"about":[{"href":"https:\/\/olemosaic.orbitalia.org\/fr\/wp-json\/wp\/v2\/types\/product"}],"wp:featuredmedia":[{"embeddable":true,"href":"https:\/\/olemosaic.orbitalia.org\/fr\/wp-json\/wp\/v2\/media\/6828"}],"wp:attachment":[{"href":"https:\/\/olemosaic.orbitalia.org\/fr\/wp-json\/wp\/v2\/media?parent=24181"}],"wp:term":[{"taxonomy":"product_brand","embeddable":true,"href":"https:\/\/olemosaic.orbitalia.org\/fr\/wp-json\/wp\/v2\/product_brand?post=24181"},{"taxonomy":"product_cat","embeddable":true,"href":"https:\/\/olemosaic.orbitalia.org\/fr\/wp-json\/wp\/v2\/product_cat?post=24181"},{"taxonomy":"product_tag","embeddable":true,"href":"https:\/\/olemosaic.orbitalia.org\/fr\/wp-json\/wp\/v2\/product_tag?post=24181"}],"curies":[{"name":"wp","href":"https:\/\/api.w.org\/{rel}","templated":true}]}}