{"id":24124,"date":"2025-02-20T23:31:55","date_gmt":"2025-02-20T22:31:55","guid":{"rendered":"https:\/\/olemosaic.orbitalia.org\/producto\/boule-de-noel-avec-sa-boite-vue-panoramique-plaza-mayor-madrid\/"},"modified":"2025-02-20T23:31:55","modified_gmt":"2025-02-20T22:31:55","slug":"boule-de-noel-avec-sa-boite-vue-panoramique-plaza-mayor-madrid","status":"publish","type":"product","link":"https:\/\/olemosaic.orbitalia.org\/fr\/produit\/boule-de-noel-avec-sa-boite-vue-panoramique-plaza-mayor-madrid\/","title":{"rendered":"Boule de No\u00ebl avec sa bo\u00eete. Vue panoramique. Plaza Mayor. Madrid."},"content":{"rendered":"<p>Cet exquis souvenir de No\u00ebl est une boule de No\u00ebl en bo\u00eete con\u00e7ue pour capturer l&rsquo;essence magique de Madrid pendant les f\u00eates de fin d&rsquo;ann\u00e9e. Le cadran pr\u00e9sente un panorama color\u00e9 de l&#8217;embl\u00e9matique Plaza Mayor, avec des personnages v\u00eatus de costumes traditionnels qui \u00e9voquent la riche histoire culturelle de la capitale espagnole. L&rsquo;arbre de No\u00ebl vibrant au centre du design ajoute une touche festive qui rehausse l&rsquo;esprit de c\u00e9l\u00e9bration qui caract\u00e9rise Madrid en d\u00e9cembre.  <\/p>\n<p>Fabriqu\u00e9e dans un mat\u00e9riau durable, cette boule se distingue par sa long\u00e9vit\u00e9 et ses couleurs vives, dans un magnifique motif en mosa\u00efque qui est attrayant sous tous les angles. La finition brillante de la boule ajoute une touche d&rsquo;\u00e9l\u00e9gance suppl\u00e9mentaire, ce qui en fait un \u00e9l\u00e9ment qui rehausse n&rsquo;importe quel arbre de No\u00ebl ou d\u00e9coration festive. La boule est pr\u00e9sent\u00e9e dans une bo\u00eete \u00e9l\u00e9gante, ce qui en fait un cadeau id\u00e9al pour la famille et les amis. Elle incarne l&rsquo;essence de No\u00ebl et l&rsquo;amour de la capitale espagnole.  <\/p>\n<p>Chez Ol\u00e9 MOSAIC, nous sommes des distributeurs de souvenirs authentiques, et cette boule de No\u00ebl au motif de la Plaza Mayor est un choix parfait pour les boutiques de cadeaux touristiques qui cherchent \u00e0 offrir des souvenirs uniques et repr\u00e9sentatifs de Madrid. Elle se positionnera sans aucun doute comme un souvenir de qualit\u00e9 qui s\u00e9duira les touristes \u00e0 la recherche d&rsquo;un objet culturel et festif c\u00e9l\u00e9brant leurs exp\u00e9riences dans la ville. <\/p>\n","protected":false},"excerpt":{"rendered":"<p>Boule de No\u00ebl avec bo\u00eete, d\u00e9cor\u00e9e d&rsquo;un panorama color\u00e9 de Madrid. Ce cadran pr\u00e9sente un motif exclusif repr\u00e9sentant l&#8217;embl\u00e9matique Plaza Mayor, avec des personnages habill\u00e9s de fa\u00e7on traditionnelle et un arbre de No\u00ebl au centre. Fabriqu\u00e9e dans un mat\u00e9riau durable, la boule pr\u00e9sente des couleurs vives en mosa\u00efque et une finition brillante. Elle est livr\u00e9e dans un \u00e9l\u00e9gant coffret pour un cadeau parfait, qui incarne l&rsquo;essence de No\u00ebl de la capitale espagnole.   <\/p>\n","protected":false},"featured_media":9851,"template":"","meta":{"_acf_changed":false},"product_brand":[],"product_cat":[659],"product_tag":[646],"class_list":{"0":"post-24124","1":"product","2":"type-product","3":"status-publish","4":"has-post-thumbnail","6":"product_cat-boules-de-noel","7":"product_tag-noel","8":"pa_ciudad-madrid","9":"pa_motivo-panoramas","10":"pa_pais-espana","12":"first","13":"instock","14":"shipping-taxable","15":"product-type-simple"},"acf":[],"_links":{"self":[{"href":"https:\/\/olemosaic.orbitalia.org\/fr\/wp-json\/wp\/v2\/product\/24124","targetHints":{"allow":["GET"]}}],"collection":[{"href":"https:\/\/olemosaic.orbitalia.org\/fr\/wp-json\/wp\/v2\/product"}],"about":[{"href":"https:\/\/olemosaic.orbitalia.org\/fr\/wp-json\/wp\/v2\/types\/product"}],"wp:featuredmedia":[{"embeddable":true,"href":"https:\/\/olemosaic.orbitalia.org\/fr\/wp-json\/wp\/v2\/media\/9851"}],"wp:attachment":[{"href":"https:\/\/olemosaic.orbitalia.org\/fr\/wp-json\/wp\/v2\/media?parent=24124"}],"wp:term":[{"taxonomy":"product_brand","embeddable":true,"href":"https:\/\/olemosaic.orbitalia.org\/fr\/wp-json\/wp\/v2\/product_brand?post=24124"},{"taxonomy":"product_cat","embeddable":true,"href":"https:\/\/olemosaic.orbitalia.org\/fr\/wp-json\/wp\/v2\/product_cat?post=24124"},{"taxonomy":"product_tag","embeddable":true,"href":"https:\/\/olemosaic.orbitalia.org\/fr\/wp-json\/wp\/v2\/product_tag?post=24124"}],"curies":[{"name":"wp","href":"https:\/\/api.w.org\/{rel}","templated":true}]}}