{"id":24101,"date":"2025-02-20T23:32:02","date_gmt":"2025-02-20T22:32:02","guid":{"rendered":"https:\/\/olemosaic.orbitalia.org\/producto\/aimant-en-ceramique-punt-de-trobada-trencadis-barcelona-blanc\/"},"modified":"2025-02-20T23:32:02","modified_gmt":"2025-02-20T22:32:02","slug":"aimant-en-ceramique-punt-de-trobada-trencadis-barcelona-blanc","status":"publish","type":"product","link":"https:\/\/olemosaic.orbitalia.org\/fr\/produit\/aimant-en-ceramique-punt-de-trobada-trencadis-barcelona-blanc\/","title":{"rendered":"Aimant en c\u00e9ramique. Punt de trobada. Trencad\u00eds. Barcelona. Blanc."},"content":{"rendered":"<p>Cet aimant en c\u00e9ramique est une repr\u00e9sentation vibrante de l&rsquo;architecture moderniste de Barcelone, con\u00e7ue pour capturer l&rsquo;essence de cette c\u00e9l\u00e8bre ville. Il pr\u00e9sente un motif abstrait avec des formes dynamiques qui \u00e9voquent le style unique des mosa\u00efques qui ornent nombre de ses b\u00e2timents embl\u00e9matiques. Avec une palette de couleurs intenses, dont le bleu, le rouge, le jaune et le vert, sur un fond blanc qui imite les c\u00e9ramiques catalanes typiques, cet aimant est un v\u00e9ritable reflet de l&rsquo;art et de la culture de Barcelone. En haut, le mot \u00ab\u00a0Barcelona\u00a0\u00bb se d\u00e9tache en typographie noire, apportant une touche textuelle qui souligne son lien culturel avec la r\u00e9gion.   <\/p>\n<p>Ce souvenir est id\u00e9al aussi bien pour ceux qui ont visit\u00e9 la ville que pour ceux qui souhaitent ramener chez eux un morceau de son riche patrimoine architectural. Son lien avec le modernisme catalan, repr\u00e9sent\u00e9 par des figures telles qu&rsquo;Antoni Gaud\u00ed, fait de cet aimant un souvenir authentique et significatif. Chez Ol\u00e9 Mosaic, en tant que distributeur de souvenirs en gros, nous proposons cet aimant en c\u00e9ramique comme un excellent choix pour les boutiques de cadeaux touristiques, garantissant un produit qui n&rsquo;est pas seulement fonctionnel, mais aussi un beau souvenir de l&rsquo;une des villes les plus captivantes d&rsquo;Espagne. C&rsquo;est un souvenir id\u00e9al pour les touristes qui recherchent des produits repr\u00e9sentatifs de la culture et de l&rsquo;histoire de Barcelone.   <\/p>\n","protected":false},"excerpt":{"rendered":"<p>Aimant en c\u00e9ramique au design color\u00e9 inspir\u00e9 de l&rsquo;architecture moderniste de Barcelone. Cet aimant pr\u00e9sente une repr\u00e9sentation abstraite avec des formes dynamiques dans les tons bleu, rouge, jaune et vert, sur un fond blanc qui \u00e9voque les c\u00e9l\u00e8bres mosa\u00efques de la ville. Il comporte \u00e9galement le mot \u00ab\u00a0Barcelone\u00a0\u00bb en typographie noire, soulignant son essence culturelle. Parfait pour se souvenir de la beaut\u00e9 de cette ville dynamique.   <\/p>\n","protected":false},"featured_media":9153,"template":"","meta":{"_acf_changed":false},"product_brand":[],"product_cat":[697],"product_tag":[585],"class_list":{"0":"post-24101","1":"product","2":"type-product","3":"status-publish","4":"has-post-thumbnail","6":"product_cat-aimants","7":"product_tag-ceramique","8":"pa_ciudad-barcelona","9":"pa_motivo-punt-de-trobada","10":"pa_pais-espana","12":"first","13":"instock","14":"shipping-taxable","15":"product-type-simple"},"acf":[],"_links":{"self":[{"href":"https:\/\/olemosaic.orbitalia.org\/fr\/wp-json\/wp\/v2\/product\/24101","targetHints":{"allow":["GET"]}}],"collection":[{"href":"https:\/\/olemosaic.orbitalia.org\/fr\/wp-json\/wp\/v2\/product"}],"about":[{"href":"https:\/\/olemosaic.orbitalia.org\/fr\/wp-json\/wp\/v2\/types\/product"}],"wp:featuredmedia":[{"embeddable":true,"href":"https:\/\/olemosaic.orbitalia.org\/fr\/wp-json\/wp\/v2\/media\/9153"}],"wp:attachment":[{"href":"https:\/\/olemosaic.orbitalia.org\/fr\/wp-json\/wp\/v2\/media?parent=24101"}],"wp:term":[{"taxonomy":"product_brand","embeddable":true,"href":"https:\/\/olemosaic.orbitalia.org\/fr\/wp-json\/wp\/v2\/product_brand?post=24101"},{"taxonomy":"product_cat","embeddable":true,"href":"https:\/\/olemosaic.orbitalia.org\/fr\/wp-json\/wp\/v2\/product_cat?post=24101"},{"taxonomy":"product_tag","embeddable":true,"href":"https:\/\/olemosaic.orbitalia.org\/fr\/wp-json\/wp\/v2\/product_tag?post=24101"}],"curies":[{"name":"wp","href":"https:\/\/api.w.org\/{rel}","templated":true}]}}