{"id":24099,"date":"2025-02-20T23:32:00","date_gmt":"2025-02-20T22:32:00","guid":{"rendered":"https:\/\/olemosaic.orbitalia.org\/producto\/aimant-en-ceramique-salamandre-et-fleurs-mosaique-espagne-blanc\/"},"modified":"2025-02-20T23:32:00","modified_gmt":"2025-02-20T22:32:00","slug":"aimant-en-ceramique-salamandre-et-fleurs-mosaique-espagne-blanc","status":"publish","type":"product","link":"https:\/\/olemosaic.orbitalia.org\/fr\/produit\/aimant-en-ceramique-salamandre-et-fleurs-mosaique-espagne-blanc\/","title":{"rendered":"Aimant en c\u00e9ramique. Salamandre et fleurs. Mosa\u00efque. Espagne. Blanc."},"content":{"rendered":"<p>Cet aimant en c\u00e9ramique en forme de salamandre est un souvenir charmant qui capture l&rsquo;essence de la chaleur et de la couleur de l&rsquo;Espagne. Son design vibrant et d\u00e9taill\u00e9 se caract\u00e9rise par une base blanche qui rehausse les couleurs intenses de la mosa\u00efque de rouge, jaune, bleu et vert, \u00e9voquant la joie et la couleur de la culture andalouse. La salamandre, symbole de lumi\u00e8re et de transformation, est habilement repr\u00e9sent\u00e9e avec une finition artistiquement peinte \u00e0 la main qui garantit que chaque pi\u00e8ce est unique.  <\/p>\n<p>Cet aimant attrayant n&rsquo;est pas seulement un accessoire pratique pour garder vos notes ou vos souvenirs visibles sur le r\u00e9frig\u00e9rateur, mais aussi un rappel des journ\u00e9es ensoleill\u00e9es et festives pass\u00e9es en Espagne. La technique de la c\u00e9ramique utilis\u00e9e est une tradition qui met en valeur la richesse du patrimoine culturel espagnol, ce qui en fait un souvenir authentique qui refl\u00e8te la passion artistique de la r\u00e9gion. <\/p>\n<p>Chez Ol\u00e9 MOSAIC, nous nous engageons \u00e0 distribuer des souvenirs authentiques en gros, et cet aimant en forme de salamandre est un choix parfait pour les boutiques de cadeaux touristiques \u00e0 la recherche de produits de qualit\u00e9 et culturellement pertinents. Avec son charme in\u00e9gal\u00e9, cet aimant est un excellent souvenir qui permettra aux touristes d&#8217;emporter avec eux un morceau de la culture vibrante de l&rsquo;Andalousie. <\/p>\n","protected":false},"excerpt":{"rendered":"<p>Aimant en c\u00e9ramique en forme de salamandre d\u00e9cor\u00e9e de fleurs, parfait pour \u00e9voquer la chaleur et les couleurs de l&rsquo;Espagne. Cet aimant attrayant pr\u00e9sente un motif vibrant et d\u00e9taill\u00e9 sur une base blanche qui met en valeur les couleurs vives de la mosa\u00efque, \u00e0 savoir le rouge, le jaune, le bleu et le vert. Sa technique de conception artisanale, peinte \u00e0 la main, garantit une finition unique, ce qui en fait un souvenir id\u00e9al pour ramener chez vous un morceau de la culture andalouse.  <\/p>\n","protected":false},"featured_media":8373,"template":"","meta":{"_acf_changed":false},"product_brand":[],"product_cat":[697],"product_tag":[530,585],"class_list":{"0":"post-24099","1":"product","2":"type-product","3":"status-publish","4":"has-post-thumbnail","6":"product_cat-aimants","7":"product_tag-animaux","8":"product_tag-ceramique","9":"pa_motivo-salamandres","11":"first","12":"instock","13":"shipping-taxable","14":"product-type-simple"},"acf":[],"_links":{"self":[{"href":"https:\/\/olemosaic.orbitalia.org\/fr\/wp-json\/wp\/v2\/product\/24099","targetHints":{"allow":["GET"]}}],"collection":[{"href":"https:\/\/olemosaic.orbitalia.org\/fr\/wp-json\/wp\/v2\/product"}],"about":[{"href":"https:\/\/olemosaic.orbitalia.org\/fr\/wp-json\/wp\/v2\/types\/product"}],"wp:featuredmedia":[{"embeddable":true,"href":"https:\/\/olemosaic.orbitalia.org\/fr\/wp-json\/wp\/v2\/media\/8373"}],"wp:attachment":[{"href":"https:\/\/olemosaic.orbitalia.org\/fr\/wp-json\/wp\/v2\/media?parent=24099"}],"wp:term":[{"taxonomy":"product_brand","embeddable":true,"href":"https:\/\/olemosaic.orbitalia.org\/fr\/wp-json\/wp\/v2\/product_brand?post=24099"},{"taxonomy":"product_cat","embeddable":true,"href":"https:\/\/olemosaic.orbitalia.org\/fr\/wp-json\/wp\/v2\/product_cat?post=24099"},{"taxonomy":"product_tag","embeddable":true,"href":"https:\/\/olemosaic.orbitalia.org\/fr\/wp-json\/wp\/v2\/product_tag?post=24099"}],"curies":[{"name":"wp","href":"https:\/\/api.w.org\/{rel}","templated":true}]}}