{"id":24089,"date":"2025-02-20T23:32:02","date_gmt":"2025-02-20T22:32:02","guid":{"rendered":"https:\/\/olemosaic.orbitalia.org\/producto\/aimant-en-ceramique-cour-adaluz-seville-blanc\/"},"modified":"2025-02-20T23:32:02","modified_gmt":"2025-02-20T22:32:02","slug":"aimant-en-ceramique-cour-adaluz-seville-blanc","status":"publish","type":"product","link":"https:\/\/olemosaic.orbitalia.org\/fr\/produit\/aimant-en-ceramique-cour-adaluz-seville-blanc\/","title":{"rendered":"Aimant en c\u00e9ramique. Cour Adaluz. S\u00e9ville. Blanc."},"content":{"rendered":"<p>Cet aimant en c\u00e9ramique peint \u00e0 la main est un reflet authentique de l&rsquo;atmosph\u00e8re vibrante de la cour s\u00e9villane et un souvenir parfait pour ceux qui souhaitent ramener chez eux un morceau de la riche culture andalouse. La pi\u00e8ce pr\u00e9sente une illustration enchanteresse d&rsquo;un couple dansant le flamenco, o\u00f9 la bailaora, v\u00eatue d&rsquo;une superbe robe rouge, et le bailaor, v\u00eatu d&rsquo;un costume traditionnel, capturent l&rsquo;\u00e9nergie et la passion de cette forme d&rsquo;art. L&rsquo;arri\u00e8re-plan est d\u00e9cor\u00e9 de pots de fleurs color\u00e9s et d&rsquo;un lampadaire classique, \u00e9l\u00e9ments qui \u00e9voquent les joyeuses festivit\u00e9s de S\u00e9ville, ce qui en fait un objet plein de vie et de couleurs.  <\/p>\n<p>Le design de l&rsquo;aimant, avec sa base blanche et ses d\u00e9tails \u00e9clatants, met en \u00e9vidence l&rsquo;habilet\u00e9 artistique avec laquelle il a \u00e9t\u00e9 r\u00e9alis\u00e9, en soulignant les nuances de rouge, de vert et de noir qui ajoutent de la profondeur \u00e0 la sc\u00e8ne. En haut, le nom \u00ab\u00a0Sevilla\u00a0\u00bb est pr\u00e9sent\u00e9 dans une typographie qui compl\u00e8te le style festif de l&rsquo;illustration. <\/p>\n<p>Cet aimant n&rsquo;est pas seulement un souvenir fonctionnel, mais aussi une pi\u00e8ce culturelle qui c\u00e9l\u00e8bre la tradition du flamenco, l&rsquo;essence de l&rsquo;identit\u00e9 s\u00e9villane. Chez Ol\u00e9 Mosaic, nous proposons une s\u00e9lection exquise de souvenirs qui repr\u00e9sentent le meilleur de la culture espagnole. Cet aimant en c\u00e9ramique est un excellent choix pour les boutiques de cadeaux touristiques qui recherchent des produits authentiques et significatifs. En tant que grossistes en souvenirs, nous garantissons la qualit\u00e9 et l&rsquo;originalit\u00e9 de chaque produit, ce qui est id\u00e9al pour satisfaire les exigences des touristes qui souhaitent ramener un souvenir authentique de leur visite \u00e0 S\u00e9ville.   <\/p>\n","protected":false},"excerpt":{"rendered":"<p>Aimant en c\u00e9ramique peint \u00e0 la main, inspir\u00e9 par l&rsquo;atmosph\u00e8re vibrante d&rsquo;une cour s\u00e9villane. Cet aimant attrayant pr\u00e9sente une illustration color\u00e9e d&rsquo;un couple dansant le flamenco : la danseuse porte une \u00e9l\u00e9gante robe rouge, tandis que le danseur est v\u00eatu d&rsquo;une tenue traditionnelle. \u00c0 l&rsquo;arri\u00e8re-plan, des fleurs en pot et un lampadaire \u00e9voquent la joie des f\u00eates de S\u00e9ville. La pi\u00e8ce comporte le mot \u00ab\u00a0Sevilla\u00a0\u00bb en haut, ce qui ajoute une touche locale.   <\/p>\n","protected":false},"featured_media":8335,"template":"","meta":{"_acf_changed":false},"product_brand":[],"product_cat":[697],"product_tag":[585],"class_list":{"0":"post-24089","1":"product","2":"type-product","3":"status-publish","4":"has-post-thumbnail","6":"product_cat-aimants","7":"product_tag-ceramique","8":"pa_ciudad-sevilla","9":"pa_motivo-cours-interieures","10":"pa_pais-espana","12":"first","13":"instock","14":"shipping-taxable","15":"product-type-simple"},"acf":[],"_links":{"self":[{"href":"https:\/\/olemosaic.orbitalia.org\/fr\/wp-json\/wp\/v2\/product\/24089","targetHints":{"allow":["GET"]}}],"collection":[{"href":"https:\/\/olemosaic.orbitalia.org\/fr\/wp-json\/wp\/v2\/product"}],"about":[{"href":"https:\/\/olemosaic.orbitalia.org\/fr\/wp-json\/wp\/v2\/types\/product"}],"wp:featuredmedia":[{"embeddable":true,"href":"https:\/\/olemosaic.orbitalia.org\/fr\/wp-json\/wp\/v2\/media\/8335"}],"wp:attachment":[{"href":"https:\/\/olemosaic.orbitalia.org\/fr\/wp-json\/wp\/v2\/media?parent=24089"}],"wp:term":[{"taxonomy":"product_brand","embeddable":true,"href":"https:\/\/olemosaic.orbitalia.org\/fr\/wp-json\/wp\/v2\/product_brand?post=24089"},{"taxonomy":"product_cat","embeddable":true,"href":"https:\/\/olemosaic.orbitalia.org\/fr\/wp-json\/wp\/v2\/product_cat?post=24089"},{"taxonomy":"product_tag","embeddable":true,"href":"https:\/\/olemosaic.orbitalia.org\/fr\/wp-json\/wp\/v2\/product_tag?post=24089"}],"curies":[{"name":"wp","href":"https:\/\/api.w.org\/{rel}","templated":true}]}}