{"id":24050,"date":"2025-02-20T23:31:57","date_gmt":"2025-02-20T22:31:57","guid":{"rendered":"https:\/\/olemosaic.orbitalia.org\/producto\/aimant-en-ceramique-gaudi-barcelone-bleu\/"},"modified":"2025-02-20T23:31:57","modified_gmt":"2025-02-20T22:31:57","slug":"aimant-en-ceramique-gaudi-barcelone-bleu","status":"publish","type":"product","link":"https:\/\/olemosaic.orbitalia.org\/fr\/produit\/aimant-en-ceramique-gaudi-barcelone-bleu\/","title":{"rendered":"Aimant en c\u00e9ramique. Gaudi. Barcelone.   Bleu."},"content":{"rendered":"<p>Cet aimant en c\u00e9ramique de Barcelone est un magnifique souvenir qui capture l&rsquo;essence de cette ville vibrante. D\u00e9cor\u00e9 d&rsquo;un panorama color\u00e9 de l&#8217;embl\u00e9matique Sagrada Familia, cet aimant pr\u00e9sente un design artistique qui \u00e9voque le c\u00e9l\u00e8bre style mosa\u00efque d&rsquo;Antoni Gaud\u00ed. Avec ses nuances vibrantes de bleu, de rouge et de vert, l&rsquo;aimant n&rsquo;est pas un simple objet d\u00e9coratif, mais une v\u00e9ritable \u0153uvre d&rsquo;art qui rend hommage \u00e0 l&rsquo;architecture moderniste de la ville. L&rsquo;inscription \u00ab\u00a0Barcelona\u00a0\u00bb, en caract\u00e8res gras, se d\u00e9tache dans la partie sup\u00e9rieure, ajoutant une touche distinctive \u00e0 l&rsquo;objet.   <\/p>\n<p>Le dessin inclut d&rsquo;autres monuments repr\u00e9sentatifs de Barcelone, cr\u00e9ant ainsi une sc\u00e8ne qui plongera les touristes dans la riche histoire et la culture de la r\u00e9gion. Cet aimant n&rsquo;est pas seulement un souvenir d&rsquo;une visite m\u00e9morable, mais aussi un symbole de l&rsquo;h\u00e9ritage culturel de la ville, id\u00e9al pour ceux qui souhaitent emporter un morceau de Barcelone chez eux. Chez Ol\u00e9 Mosaic, nous sommes fiers d&rsquo;offrir des souvenirs authentiques et de qualit\u00e9 \u00e0 des prix de gros, et cet aimant en c\u00e9ramique est un excellent choix pour les boutiques de cadeaux touristiques \u00e0 la recherche de produits uniques qui mettent en valeur la beaut\u00e9 et l&rsquo;esprit de Barcelone. Avec sa pertinence culturelle et son attrait visuel, il captivera les amateurs de souvenirs en c\u00e9ramique et d&rsquo;architecture espagnole.   <\/p>\n","protected":false},"excerpt":{"rendered":"<p>Aimant en c\u00e9ramique de Barcelone, d\u00e9cor\u00e9 d&rsquo;un panorama color\u00e9 de la Sagrada Familia et d&rsquo;autres monuments embl\u00e9matiques de la ville. Cet aimant attrayant pr\u00e9sente un dessin vibrant dans des tons de bleu, de rouge et de vert, \u00e9voquant le c\u00e9l\u00e8bre style mosa\u00efque de Gaud\u00ed. L&rsquo;inscription \u00ab\u00a0Barcelona\u00a0\u00bb en caract\u00e8res gras se d\u00e9tache dans la partie sup\u00e9rieure, faisant de cet aimant un excellent souvenir qui capture l&rsquo;essence architecturale et culturelle de la ville.  <\/p>\n","protected":false},"featured_media":12104,"template":"","meta":{"_acf_changed":false},"product_brand":[],"product_cat":[697],"product_tag":[585],"class_list":{"0":"post-24050","1":"product","2":"type-product","3":"status-publish","4":"has-post-thumbnail","6":"product_cat-aimants","7":"product_tag-ceramique","8":"pa_ciudad-barcelona","9":"pa_pais-espana","11":"first","12":"instock","13":"shipping-taxable","14":"product-type-simple"},"acf":[],"_links":{"self":[{"href":"https:\/\/olemosaic.orbitalia.org\/fr\/wp-json\/wp\/v2\/product\/24050","targetHints":{"allow":["GET"]}}],"collection":[{"href":"https:\/\/olemosaic.orbitalia.org\/fr\/wp-json\/wp\/v2\/product"}],"about":[{"href":"https:\/\/olemosaic.orbitalia.org\/fr\/wp-json\/wp\/v2\/types\/product"}],"wp:featuredmedia":[{"embeddable":true,"href":"https:\/\/olemosaic.orbitalia.org\/fr\/wp-json\/wp\/v2\/media\/12104"}],"wp:attachment":[{"href":"https:\/\/olemosaic.orbitalia.org\/fr\/wp-json\/wp\/v2\/media?parent=24050"}],"wp:term":[{"taxonomy":"product_brand","embeddable":true,"href":"https:\/\/olemosaic.orbitalia.org\/fr\/wp-json\/wp\/v2\/product_brand?post=24050"},{"taxonomy":"product_cat","embeddable":true,"href":"https:\/\/olemosaic.orbitalia.org\/fr\/wp-json\/wp\/v2\/product_cat?post=24050"},{"taxonomy":"product_tag","embeddable":true,"href":"https:\/\/olemosaic.orbitalia.org\/fr\/wp-json\/wp\/v2\/product_tag?post=24050"}],"curies":[{"name":"wp","href":"https:\/\/api.w.org\/{rel}","templated":true}]}}