{"id":23976,"date":"2025-02-20T23:31:52","date_gmt":"2025-02-20T22:31:52","guid":{"rendered":"https:\/\/olemosaic.orbitalia.org\/producto\/pichet-en-ceramique-vue-panoramique-parc-guell-barcelone-beige\/"},"modified":"2025-02-20T23:31:52","modified_gmt":"2025-02-20T22:31:52","slug":"pichet-en-ceramique-vue-panoramique-parc-guell-barcelone-beige","status":"publish","type":"product","link":"https:\/\/olemosaic.orbitalia.org\/fr\/produit\/pichet-en-ceramique-vue-panoramique-parc-guell-barcelone-beige\/","title":{"rendered":"Pichet en c\u00e9ramique. Vue panoramique. Parc G\u00fcell. Barcelone. Beige."},"content":{"rendered":"<p>Ce charmant souvenir est une tasse en c\u00e9ramique qui capture l&rsquo;essence de Barcelone gr\u00e2ce \u00e0 un magnifique effet panoramique peint \u00e0 la main. Pr\u00e9sent\u00e9e dans un ton beige subtil, la tasse pr\u00e9sente un design vibrant qui illustre les lieux embl\u00e9matiques de la ville, tels que l&rsquo;iconique Sagrada Familia et le color\u00e9 Parc Guell. Avec son anse rouge qui attire le regard, cette carafe n&rsquo;est pas seulement fonctionnelle, elle devient aussi un objet d\u00e9coratif qui ajoute une touche artistique \u00e0 n&rsquo;importe quel espace.  <\/p>\n<p>Les d\u00e9tails peints refl\u00e8tent l&rsquo;architecture moderniste incomparable d&rsquo;Antoni Gaud\u00ed et mettent en valeur le riche patrimoine culturel de Barcelone. Le mot \u00ab\u00a0Barcelona\u00a0\u00bb est d\u00e9licatement \u00e9crit sur la cruche, ce qui en fait un souvenir id\u00e9al pour ceux qui souhaitent emporter un morceau de la capitale catalane chez eux. Ce souvenir est parfait pour d\u00e9corer votre maison ou pour offrir \u00e0 vos proches, offrant une fa\u00e7on unique de partager l&rsquo;exp\u00e9rience de la visite de la ville.  <\/p>\n<p>Chez Ol\u00e9 Mosaic, nous sommes fiers d&rsquo;\u00eatre des distributeurs de souvenirs authentiques de Barcelone et d&rsquo;autres produits repr\u00e9sentatifs de la culture espagnole. Cette tasse en c\u00e9ramique est un excellent choix pour les boutiques de cadeaux touristiques qui cherchent \u00e0 offrir des articles de qualit\u00e9, pleins de sens et avec un design artistique unique qui donne vie aux souvenirs de leurs clients. <\/p>\n","protected":false},"excerpt":{"rendered":"<p>Tasse en c\u00e9ramique repr\u00e9sentant une charmante vue panoramique de Barcelone dans un ton beige doux. Cet objet, peint \u00e0 la main et con\u00e7u par un artisan, repr\u00e9sente les sites embl\u00e9matiques de la ville, tels que la Sagrada Familia et le parc G\u00fcell, orn\u00e9s de couleurs vives. Sa poign\u00e9e rouge et le mot \u00ab\u00a0Barcelona\u00a0\u00bb en font un souvenir attrayant qui capture l&rsquo;essence de l&rsquo;art et de l&rsquo;architecture de la capitale catalane. Parfait pour d\u00e9corer votre maison ou comme cadeau unique.   <\/p>\n","protected":false},"featured_media":7286,"template":"","meta":{"_acf_changed":false},"product_brand":[],"product_cat":[632],"product_tag":[585],"class_list":{"0":"post-23976","1":"product","2":"type-product","3":"status-publish","4":"has-post-thumbnail","6":"product_cat-jugs","7":"product_tag-ceramique","8":"pa_ciudad-barcelona","9":"pa_motivo-panoramas","10":"pa_pais-espana","12":"first","13":"instock","14":"shipping-taxable","15":"product-type-simple"},"acf":[],"_links":{"self":[{"href":"https:\/\/olemosaic.orbitalia.org\/fr\/wp-json\/wp\/v2\/product\/23976","targetHints":{"allow":["GET"]}}],"collection":[{"href":"https:\/\/olemosaic.orbitalia.org\/fr\/wp-json\/wp\/v2\/product"}],"about":[{"href":"https:\/\/olemosaic.orbitalia.org\/fr\/wp-json\/wp\/v2\/types\/product"}],"wp:featuredmedia":[{"embeddable":true,"href":"https:\/\/olemosaic.orbitalia.org\/fr\/wp-json\/wp\/v2\/media\/7286"}],"wp:attachment":[{"href":"https:\/\/olemosaic.orbitalia.org\/fr\/wp-json\/wp\/v2\/media?parent=23976"}],"wp:term":[{"taxonomy":"product_brand","embeddable":true,"href":"https:\/\/olemosaic.orbitalia.org\/fr\/wp-json\/wp\/v2\/product_brand?post=23976"},{"taxonomy":"product_cat","embeddable":true,"href":"https:\/\/olemosaic.orbitalia.org\/fr\/wp-json\/wp\/v2\/product_cat?post=23976"},{"taxonomy":"product_tag","embeddable":true,"href":"https:\/\/olemosaic.orbitalia.org\/fr\/wp-json\/wp\/v2\/product_tag?post=23976"}],"curies":[{"name":"wp","href":"https:\/\/api.w.org\/{rel}","templated":true}]}}