{"id":23963,"date":"2025-02-20T23:31:53","date_gmt":"2025-02-20T22:31:53","guid":{"rendered":"https:\/\/olemosaic.orbitalia.org\/producto\/bol-de-coeurs-en-noix-de-coco-ile-majorque\/"},"modified":"2025-02-20T23:31:53","modified_gmt":"2025-02-20T22:31:53","slug":"bol-de-coeurs-en-noix-de-coco-ile-majorque","status":"publish","type":"product","link":"https:\/\/olemosaic.orbitalia.org\/fr\/produit\/bol-de-coeurs-en-noix-de-coco-ile-majorque\/","title":{"rendered":"Bol de c\u0153urs en noix de coco. \u00cele. Majorque."},"content":{"rendered":"<p>Ce spectaculaire bol en noix de coco d\u00e9cor\u00e9 de c\u0153urs est un v\u00e9ritable symbole de la beaut\u00e9 de Majorque. Fabriqu\u00e9 \u00e0 la main, son design est mis en valeur par l&rsquo;\u00e9l\u00e9gante base en noix de coco polie qui rehausse la chaleur du mat\u00e9riau naturel. L&rsquo;originalit\u00e9 de cet objet r\u00e9side dans son motif mosa\u00efque complexe, compos\u00e9 de c\u0153urs color\u00e9s dans les tons bleu, orange et marron, qui \u00e9voquent la flore vibrante et la diversit\u00e9 culturelle de l&rsquo;\u00eele. Au centre, la silhouette de Majorque, minutieusement peinte \u00e0 la main, porte le nom \u00ab\u00a0Mallorca\u00a0\u00bb, un d\u00e9tail qui fait de cette coupe un rappel tangible de l&rsquo;\u00eele.   <\/p>\n<p>Ce bol n&rsquo;est pas seulement une pi\u00e8ce d\u00e9corative, il repr\u00e9sente aussi un morceau de la tradition artisanale des Bal\u00e9ares. Son design m\u00e9diterran\u00e9en apporte une touche d&rsquo;\u00e9l\u00e9gance et de fra\u00eecheur \u00e0 n&rsquo;importe quelle maison, ce qui le rend parfait pour ceux qui recherchent des souvenirs authentiques qui racontent une histoire. Chez Ol\u00e9 MOSAIC, nous distribuons ce bol en noix de coco aux boutiques de cadeaux touristiques, en proposant un produit qui allie fonctionnalit\u00e9 et esth\u00e9tique. Ce bol de c\u0153urs est un excellent choix pour les touristes qui souhaitent ramener chez eux un morceau de la culture majorquine et garder un souvenir inoubliable de leur visite sur l&rsquo;\u00eele.   <\/p>\n","protected":false},"excerpt":{"rendered":"<p>Bol en noix de coco d\u00e9cor\u00e9 de c\u0153urs color\u00e9s, repr\u00e9sentant la beaut\u00e9 de Majorque. Cet objet artisanal allie un design \u00e9l\u00e9gant aux caract\u00e9ristiques de l&rsquo;art insulaire, avec une base en noix de coco polie et un motif en mosa\u00efque dans les tons bleu, orange et marron. Au centre se trouve la silhouette de l&rsquo;\u00eele avec l&rsquo;inscription \u00ab\u00a0Mallorca\u00a0\u00bb, le tout peint et fabriqu\u00e9 \u00e0 la main, ce qui lui conf\u00e8re une touche unique et distinctive. Id\u00e9al pour ajouter une touche m\u00e9diterran\u00e9enne \u00e0 votre int\u00e9rieur.   <\/p>\n","protected":false},"featured_media":10309,"template":"","meta":{"_acf_changed":false},"product_brand":[],"product_cat":[521],"product_tag":[],"class_list":{"0":"post-23963","1":"product","2":"type-product","3":"status-publish","4":"has-post-thumbnail","6":"product_cat-bols","7":"pa_ciudad-mallorca","8":"pa_motivo-iles","9":"pa_pais-espana","11":"first","12":"instock","13":"shipping-taxable","14":"product-type-simple"},"acf":[],"_links":{"self":[{"href":"https:\/\/olemosaic.orbitalia.org\/fr\/wp-json\/wp\/v2\/product\/23963","targetHints":{"allow":["GET"]}}],"collection":[{"href":"https:\/\/olemosaic.orbitalia.org\/fr\/wp-json\/wp\/v2\/product"}],"about":[{"href":"https:\/\/olemosaic.orbitalia.org\/fr\/wp-json\/wp\/v2\/types\/product"}],"wp:featuredmedia":[{"embeddable":true,"href":"https:\/\/olemosaic.orbitalia.org\/fr\/wp-json\/wp\/v2\/media\/10309"}],"wp:attachment":[{"href":"https:\/\/olemosaic.orbitalia.org\/fr\/wp-json\/wp\/v2\/media?parent=23963"}],"wp:term":[{"taxonomy":"product_brand","embeddable":true,"href":"https:\/\/olemosaic.orbitalia.org\/fr\/wp-json\/wp\/v2\/product_brand?post=23963"},{"taxonomy":"product_cat","embeddable":true,"href":"https:\/\/olemosaic.orbitalia.org\/fr\/wp-json\/wp\/v2\/product_cat?post=23963"},{"taxonomy":"product_tag","embeddable":true,"href":"https:\/\/olemosaic.orbitalia.org\/fr\/wp-json\/wp\/v2\/product_tag?post=23963"}],"curies":[{"name":"wp","href":"https:\/\/api.w.org\/{rel}","templated":true}]}}