{"id":23910,"date":"2025-02-20T23:31:50","date_gmt":"2025-02-20T22:31:50","guid":{"rendered":"https:\/\/olemosaic.orbitalia.org\/producto\/porte-cles-en-bois-papillon\/"},"modified":"2025-02-20T23:31:50","modified_gmt":"2025-02-20T22:31:50","slug":"porte-cles-en-bois-papillon","status":"publish","type":"product","link":"https:\/\/olemosaic.orbitalia.org\/fr\/produit\/porte-cles-en-bois-papillon\/","title":{"rendered":"Porte-cl\u00e9s en bois. Papillon."},"content":{"rendered":"<p>Ce charmant porte-cl\u00e9s en bois en forme de papillon est une repr\u00e9sentation vibrante de la technique du trencad\u00eds, un style architectural embl\u00e9matique popularis\u00e9 par le c\u00e9l\u00e8bre artiste Antoni Gaud\u00ed. Le porte-cl\u00e9s pr\u00e9sente une riche palette de couleurs jaune, rouge, bleu et vert, dispos\u00e9es en mosa\u00efques qui \u00e9voquent la beaut\u00e9 naturelle et la diversit\u00e9 des paysages espagnols. La silhouette d\u00e9licate du papillon se d\u00e9tache sur un fond blanc, ce qui lui conf\u00e8re une touche contemporaine et artistique qui en fait un souvenir attrayant de l&rsquo;Espagne.  <\/p>\n<p>Chaque d\u00e9tail du porte-cl\u00e9s a \u00e9t\u00e9 soigneusement travaill\u00e9, capturant l&rsquo;essence du modernisme catalan et repr\u00e9sentant un lien unique avec la culture barcelonaise. Ce porte-cl\u00e9s n&rsquo;est pas seulement fonctionnel, il rappelle aussi la splendeur de l&rsquo;art de Gaud\u00ed. Il est parfait pour ceux qui recherchent une touche de cr\u00e9ativit\u00e9 et d&rsquo;authenticit\u00e9 dans leurs souvenirs. <\/p>\n<p>Chez Ol\u00e9 Mosaic, nous sommes sp\u00e9cialis\u00e9s dans la distribution en gros de souvenirs de haute qualit\u00e9, et ce porte-cl\u00e9s papillon est un excellent choix pour les boutiques de cadeaux touristiques qui souhaitent offrir des produits uniques repr\u00e9sentatifs de la culture espagnole. Ce souvenir classique est id\u00e9al pour tous ceux qui recherchent une pi\u00e8ce authentique et color\u00e9e qui capture l&rsquo;essence du riche h\u00e9ritage culturel de l&rsquo;Espagne, ce qui en fait un cadeau parfait pour les touristes et les voyageurs. <\/p>\n","protected":false},"excerpt":{"rendered":"<p>Porte-cl\u00e9s en bois en forme de papillon, inspir\u00e9 de la c\u00e9l\u00e8bre technique du trencad\u00eds de Gaud\u00ed. Ce porte-cl\u00e9s color\u00e9 pr\u00e9sente un design vibrant avec une large gamme de couleurs, dont le jaune, le rouge, le bleu et le vert, dispos\u00e9es dans des motifs qui \u00e9voquent la beaut\u00e9 de la nature. La d\u00e9licate silhouette du papillon se d\u00e9tache sur un fond blanc, ajoutant une touche artistique \u00e0 ce souvenir pratique d&rsquo;origine espagnole. Id\u00e9al pour ceux qui recherchent un souvenir de la riche culture espagnole.   <\/p>\n","protected":false},"featured_media":10981,"template":"","meta":{"_acf_changed":false},"product_brand":[],"product_cat":[607],"product_tag":[530],"class_list":{"0":"post-23910","1":"product","2":"type-product","3":"status-publish","4":"has-post-thumbnail","6":"product_cat-porte-cles","7":"product_tag-animaux","8":"pa_motivo-papillons","10":"first","11":"instock","12":"shipping-taxable","13":"product-type-simple"},"acf":[],"_links":{"self":[{"href":"https:\/\/olemosaic.orbitalia.org\/fr\/wp-json\/wp\/v2\/product\/23910","targetHints":{"allow":["GET"]}}],"collection":[{"href":"https:\/\/olemosaic.orbitalia.org\/fr\/wp-json\/wp\/v2\/product"}],"about":[{"href":"https:\/\/olemosaic.orbitalia.org\/fr\/wp-json\/wp\/v2\/types\/product"}],"wp:featuredmedia":[{"embeddable":true,"href":"https:\/\/olemosaic.orbitalia.org\/fr\/wp-json\/wp\/v2\/media\/10981"}],"wp:attachment":[{"href":"https:\/\/olemosaic.orbitalia.org\/fr\/wp-json\/wp\/v2\/media?parent=23910"}],"wp:term":[{"taxonomy":"product_brand","embeddable":true,"href":"https:\/\/olemosaic.orbitalia.org\/fr\/wp-json\/wp\/v2\/product_brand?post=23910"},{"taxonomy":"product_cat","embeddable":true,"href":"https:\/\/olemosaic.orbitalia.org\/fr\/wp-json\/wp\/v2\/product_cat?post=23910"},{"taxonomy":"product_tag","embeddable":true,"href":"https:\/\/olemosaic.orbitalia.org\/fr\/wp-json\/wp\/v2\/product_tag?post=23910"}],"curies":[{"name":"wp","href":"https:\/\/api.w.org\/{rel}","templated":true}]}}