{"id":23906,"date":"2025-02-20T22:31:50","date_gmt":"2025-02-20T22:31:50","guid":{"rendered":"https:\/\/olemosaic.orbitalia.org\/producto\/porte-cles-en-bois-lettre-a\/"},"modified":"2025-02-20T22:31:50","modified_gmt":"2025-02-20T21:31:50","slug":"porte-cles-en-bois-lettre-a","status":"publish","type":"product","link":"https:\/\/olemosaic.orbitalia.org\/fr\/produit\/porte-cles-en-bois-lettre-a\/","title":{"rendered":"Porte-cl\u00e9s en bois. Lettre A."},"content":{"rendered":"<p>Ce charmant porte-cl\u00e9s en bois avec la lettre \u00ab\u00a0A\u00a0\u00bb est une pi\u00e8ce unique qui capture l&rsquo;essence de l&rsquo;art et de la culture espagnols. D\u00e9cor\u00e9 d&rsquo;un vibrant motif de tuiles traditionnelles, le porte-cl\u00e9s pr\u00e9sente une splendide combinaison de motifs color\u00e9s dans des tons de rouge, de bleu et de jaune, qui \u00e9voquent le riche patrimoine artistique de l&rsquo;Espagne. Chaque motif refl\u00e8te le savoir-faire artisanal qui caract\u00e9rise les azulejos, \u00e9l\u00e9ments embl\u00e9matiques qui ornent de nombreuses villes espagnoles, en particulier en Andalousie et \u00e0 Lisbonne, o\u00f9 leur utilisation sur des b\u00e2timents historiques est un symbole vivant du patrimoine culturel.  <\/p>\n<p>Le porte-cl\u00e9s est m\u00e9ticuleusement fabriqu\u00e9 en bois, ce qui lui conf\u00e8re une finition robuste et naturelle qui compl\u00e8te son attrait visuel. Id\u00e9al pour transporter vos cl\u00e9s avec style, son design ergonomique offre une bonne prise en main et une facilit\u00e9 d&rsquo;utilisation au quotidien. Ce porte-cl\u00e9s n&rsquo;est pas seulement un objet fonctionnel, mais aussi un souvenir repr\u00e9sentatif qui relie son d\u00e9tenteur aux traditions artistiques et culturelles de l&rsquo;Espagne.  <\/p>\n<p>Chez Ol\u00e9 Mosaic, en tant que distributeurs de produits authentiques, nous proposons des souvenirs tels que ce porte-cl\u00e9s en bois, parfait pour les touristes \u00e0 la recherche d&rsquo;un souvenir sp\u00e9cial de leur visite. Cette pi\u00e8ce est une excellente option pour les boutiques de cadeaux touristiques qui souhaitent offrir un souvenir alliant esth\u00e9tique et fonctionnalit\u00e9, en attirant l&rsquo;attention de ceux qui appr\u00e9cient la culture espagnole dans leur vie quotidienne. <\/p>\n","protected":false},"excerpt":{"rendered":"<p>Porte-cl\u00e9s en bois en forme de lettre \u00ab\u00a0A\u00a0\u00bb, d\u00e9cor\u00e9 d&rsquo;un vibrant motif de tuiles traditionnelles. Cet objet attrayant pr\u00e9sente une vari\u00e9t\u00e9 de motifs color\u00e9s dans des tons de rouge, de bleu et de jaune, \u00e9voquant le riche patrimoine artistique de l&rsquo;Espagne. Id\u00e9al pour transporter vos cl\u00e9s avec style, ce porte-cl\u00e9s allie fonctionnalit\u00e9 et esth\u00e9tique gr\u00e2ce \u00e0 sa finition en bois et \u00e0 son design unique qui met en valeur la culture espagnole.  <\/p>\n","protected":false},"featured_media":9591,"template":"","meta":{"_acf_changed":false},"product_brand":[],"product_cat":[607],"product_tag":[614],"class_list":{"0":"post-23906","1":"product","2":"type-product","3":"status-publish","4":"has-post-thumbnail","6":"product_cat-porte-cles","7":"product_tag-lettres","8":"pa_motivo-lettre-a","10":"first","11":"instock","12":"shipping-taxable","13":"product-type-simple"},"acf":[],"_links":{"self":[{"href":"https:\/\/olemosaic.orbitalia.org\/fr\/wp-json\/wp\/v2\/product\/23906","targetHints":{"allow":["GET"]}}],"collection":[{"href":"https:\/\/olemosaic.orbitalia.org\/fr\/wp-json\/wp\/v2\/product"}],"about":[{"href":"https:\/\/olemosaic.orbitalia.org\/fr\/wp-json\/wp\/v2\/types\/product"}],"wp:featuredmedia":[{"embeddable":true,"href":"https:\/\/olemosaic.orbitalia.org\/fr\/wp-json\/wp\/v2\/media\/9591"}],"wp:attachment":[{"href":"https:\/\/olemosaic.orbitalia.org\/fr\/wp-json\/wp\/v2\/media?parent=23906"}],"wp:term":[{"taxonomy":"product_brand","embeddable":true,"href":"https:\/\/olemosaic.orbitalia.org\/fr\/wp-json\/wp\/v2\/product_brand?post=23906"},{"taxonomy":"product_cat","embeddable":true,"href":"https:\/\/olemosaic.orbitalia.org\/fr\/wp-json\/wp\/v2\/product_cat?post=23906"},{"taxonomy":"product_tag","embeddable":true,"href":"https:\/\/olemosaic.orbitalia.org\/fr\/wp-json\/wp\/v2\/product_tag?post=23906"}],"curies":[{"name":"wp","href":"https:\/\/api.w.org\/{rel}","templated":true}]}}