{"id":23902,"date":"2025-02-20T23:31:50","date_gmt":"2025-02-20T22:31:50","guid":{"rendered":"https:\/\/olemosaic.orbitalia.org\/producto\/porte-cles-en-bois-bouledogue\/"},"modified":"2025-02-20T23:31:50","modified_gmt":"2025-02-20T22:31:50","slug":"porte-cles-en-bois-bouledogue","status":"publish","type":"product","link":"https:\/\/olemosaic.orbitalia.org\/fr\/produit\/porte-cles-en-bois-bouledogue\/","title":{"rendered":"Porte-cl\u00e9s en bois. Bouledogue."},"content":{"rendered":"<p>Ce charmant porte-cl\u00e9s en bois au motif de bouledogue est une pi\u00e8ce unique qui allie art et fonctionnalit\u00e9, repr\u00e9sentant une mosa\u00efque color\u00e9e qui captivera les amoureux des animaux. Peint \u00e0 la main dans des tons vibrants de rouge, de bleu, de jaune et de vert, ce porte-cl\u00e9s \u00e9voque l&rsquo;esth\u00e9tique de l&rsquo;art moderne et met en valeur la silhouette d&rsquo;un bouledogue dans un style distinctif. Les formes angulaires et les couleurs vives s&rsquo;allient pour cr\u00e9er un objet visuellement attrayant et plein de personnalit\u00e9.  <\/p>\n<p>Id\u00e9al comme souvenir, ce porte-cl\u00e9s en forme de bouledogue est non seulement pratique pour transporter des cl\u00e9s, mais il devient aussi un souvenir inoubliable repr\u00e9sentant la cr\u00e9ativit\u00e9 culturelle et artistique de son origine. Son originalit\u00e9 le rend parfait pour les touristes \u00e0 la recherche d&rsquo;un hommage repr\u00e9sentatif de leur exp\u00e9rience en Espagne ou au Portugal. <\/p>\n<p>Chez Ol\u00e9 Mosaic, nous nous sp\u00e9cialisons dans la distribution de souvenirs en gros, et ce porte-cl\u00e9s bouledogue est une excellente proposition pour les boutiques de cadeaux touristiques qui souhaitent offrir des produits authentiques et pertinents. Suscitez l&rsquo;int\u00e9r\u00eat de vos clients avec un porte-cl\u00e9s qui n&rsquo;est pas seulement fonctionnel, mais aussi une \u0153uvre d&rsquo;art qui t\u00e9moigne de la richesse de la culture locale, ce qui en fait un cadeau id\u00e9al pour toute occasion. <\/p>\n","protected":false},"excerpt":{"rendered":"<p>Porte-cl\u00e9s en bois avec un bouledogue repr\u00e9sentant une mosa\u00efque color\u00e9e. Ce charmant porte-cl\u00e9s est une pi\u00e8ce artisanale peinte \u00e0 la main, repr\u00e9sentant un bouledogue dans des tons vibrants de rouge, de bleu, de jaune et de vert, \u00e9voquant l&rsquo;esth\u00e9tique de l&rsquo;art moderne. Id\u00e9al pour les amoureux des animaux, ce souvenir se distingue par son originalit\u00e9 et ses d\u00e9tails, ce qui en fait un accessoire parfait pour transporter vos cl\u00e9s avec style.  <\/p>\n","protected":false},"featured_media":10783,"template":"","meta":{"_acf_changed":false},"product_brand":[],"product_cat":[607],"product_tag":[530],"class_list":{"0":"post-23902","1":"product","2":"type-product","3":"status-publish","4":"has-post-thumbnail","6":"product_cat-porte-cles","7":"product_tag-animaux","8":"pa_motivo-bulldogs","10":"first","11":"instock","12":"shipping-taxable","13":"product-type-simple"},"acf":[],"_links":{"self":[{"href":"https:\/\/olemosaic.orbitalia.org\/fr\/wp-json\/wp\/v2\/product\/23902","targetHints":{"allow":["GET"]}}],"collection":[{"href":"https:\/\/olemosaic.orbitalia.org\/fr\/wp-json\/wp\/v2\/product"}],"about":[{"href":"https:\/\/olemosaic.orbitalia.org\/fr\/wp-json\/wp\/v2\/types\/product"}],"wp:featuredmedia":[{"embeddable":true,"href":"https:\/\/olemosaic.orbitalia.org\/fr\/wp-json\/wp\/v2\/media\/10783"}],"wp:attachment":[{"href":"https:\/\/olemosaic.orbitalia.org\/fr\/wp-json\/wp\/v2\/media?parent=23902"}],"wp:term":[{"taxonomy":"product_brand","embeddable":true,"href":"https:\/\/olemosaic.orbitalia.org\/fr\/wp-json\/wp\/v2\/product_brand?post=23902"},{"taxonomy":"product_cat","embeddable":true,"href":"https:\/\/olemosaic.orbitalia.org\/fr\/wp-json\/wp\/v2\/product_cat?post=23902"},{"taxonomy":"product_tag","embeddable":true,"href":"https:\/\/olemosaic.orbitalia.org\/fr\/wp-json\/wp\/v2\/product_tag?post=23902"}],"curies":[{"name":"wp","href":"https:\/\/api.w.org\/{rel}","templated":true}]}}