{"id":23852,"date":"2025-02-20T23:31:48","date_gmt":"2025-02-20T22:31:48","guid":{"rendered":"https:\/\/olemosaic.orbitalia.org\/producto\/hibou-figure-en-mosaique-de-6-cm-rouge\/"},"modified":"2025-02-20T23:31:48","modified_gmt":"2025-02-20T22:31:48","slug":"hibou-figure-en-mosaique-de-6-cm-rouge","status":"publish","type":"product","link":"https:\/\/olemosaic.orbitalia.org\/fr\/produit\/hibou-figure-en-mosaique-de-6-cm-rouge\/","title":{"rendered":"Hibou. Figure en mosa\u00efque de 6 cm. Rouge."},"content":{"rendered":"<p>Ce charmant hibou en r\u00e9sine de 6 cm de haut est un authentique cadeau folklorique espagnol, id\u00e9al pour ceux qui recherchent un souvenir qui capture l&rsquo;essence et la culture vibrante de l&rsquo;Espagne. Peint \u00e0 la main dans une explosion de couleurs vives telles que le rouge, le jaune, le bleu et le rose, ce hibou se distingue par son design m\u00e9ticuleux, qui comprend des \u00e9cailles d\u00e9taill\u00e9es et de grands yeux expressifs qui semblent prendre vie. Sa finition multicolore et brillante en fait non seulement un \u00e9l\u00e9ment d\u00e9coratif attrayant, mais aussi un symbole de sagesse et de bonne fortune, si cher \u00e0 de nombreuses traditions.  <\/p>\n<p>Cette figurine de hibou est un excellent rappel des l\u00e9gendes et des mythes qui entourent cet animal fascinant dans diverses cultures, notamment en Espagne, o\u00f9 il est souvent associ\u00e9 \u00e0 la protection et \u00e0 l&rsquo;intuition. Sa petite taille la rend id\u00e9ale pour orner une \u00e9tag\u00e8re, un bureau ou comme objet de conversation dans n&rsquo;importe quel espace. Chez Ol\u00e9 Mosaic, nous sommes sp\u00e9cialis\u00e9s dans la distribution de souvenirs en gros, et ce hibou attrayant se pr\u00e9sente comme un choix id\u00e9al pour les boutiques de cadeaux touristiques qui souhaitent offrir des produits authentiques et culturellement significatifs. Avec ce hibou en r\u00e9sine, les touristes pourront ramener chez eux un morceau du riche patrimoine culturel de l&rsquo;Espagne, ce qui en fait un article incontournable dans leur qu\u00eate de souvenirs uniques.   <\/p>\n","protected":false},"excerpt":{"rendered":"<p>Figurine de hibou de 6 cm, fabriqu\u00e9e et peinte \u00e0 la main, avec des couleurs vives rouge, jaune, bleu et rose. Cette charmante chouette est orn\u00e9e d&rsquo;\u00e9cailles d\u00e9taill\u00e9es et de grands yeux expressifs, refl\u00e9tant l&rsquo;essence du folklore espagnol. Sa finition multicolore et brillante en fait un souvenir attrayant, id\u00e9al pour ajouter une touche distinctive \u00e0 n&rsquo;importe quel espace ou comme cadeau \u00e9voquant la culture et la tradition.  <\/p>\n","protected":false},"featured_media":8119,"template":"","meta":{"_acf_changed":false},"product_brand":[],"product_cat":[540],"product_tag":[530],"class_list":{"0":"post-23852","1":"product","2":"type-product","3":"status-publish","4":"has-post-thumbnail","6":"product_cat-chiffres","7":"product_tag-animaux","8":"pa_motivo-hiboux","10":"first","11":"instock","12":"shipping-taxable","13":"product-type-simple"},"acf":[],"_links":{"self":[{"href":"https:\/\/olemosaic.orbitalia.org\/fr\/wp-json\/wp\/v2\/product\/23852","targetHints":{"allow":["GET"]}}],"collection":[{"href":"https:\/\/olemosaic.orbitalia.org\/fr\/wp-json\/wp\/v2\/product"}],"about":[{"href":"https:\/\/olemosaic.orbitalia.org\/fr\/wp-json\/wp\/v2\/types\/product"}],"wp:featuredmedia":[{"embeddable":true,"href":"https:\/\/olemosaic.orbitalia.org\/fr\/wp-json\/wp\/v2\/media\/8119"}],"wp:attachment":[{"href":"https:\/\/olemosaic.orbitalia.org\/fr\/wp-json\/wp\/v2\/media?parent=23852"}],"wp:term":[{"taxonomy":"product_brand","embeddable":true,"href":"https:\/\/olemosaic.orbitalia.org\/fr\/wp-json\/wp\/v2\/product_brand?post=23852"},{"taxonomy":"product_cat","embeddable":true,"href":"https:\/\/olemosaic.orbitalia.org\/fr\/wp-json\/wp\/v2\/product_cat?post=23852"},{"taxonomy":"product_tag","embeddable":true,"href":"https:\/\/olemosaic.orbitalia.org\/fr\/wp-json\/wp\/v2\/product_tag?post=23852"}],"curies":[{"name":"wp","href":"https:\/\/api.w.org\/{rel}","templated":true}]}}