{"id":23831,"date":"2025-02-20T23:31:47","date_gmt":"2025-02-20T22:31:47","guid":{"rendered":"https:\/\/olemosaic.orbitalia.org\/producto\/bol-a-noix-de-coco-bleu-dauphin-grande-canarie-coeurs-patrons\/"},"modified":"2025-11-21T13:14:47","modified_gmt":"2025-11-21T12:14:47","slug":"bol-a-noix-de-coco-bleu-dauphin-grande-canarie-coeurs-patrons","status":"publish","type":"product","link":"https:\/\/olemosaic.orbitalia.org\/fr\/produit\/bol-a-noix-de-coco-bleu-dauphin-grande-canarie-coeurs-patrons\/","title":{"rendered":"Bol \u00e0 noix de coco bleu. Dauphin.  Grande Canarie. C\u0153urs patrons."},"content":{"rendered":"<p>Ce charmant bol \u00e0 noix de coco bleu, d\u00e9cor\u00e9 de deux dauphins bondissants, est un authentique souvenir de la Grande Canarie, id\u00e9al pour conserver l&rsquo;essence de cette merveilleuse \u00eele. Chaque bol est m\u00e9ticuleusement fabriqu\u00e9 et pr\u00e9sente une finition bleue brillante qui capte la lumi\u00e8re et met en valeur les d\u00e9tails artistiques. Les formes de c\u0153ur qui entourent le haut du bol ajoutent une touche romantique et vibrante, cr\u00e9ant un contraste attrayant avec le fond sombre, ce qui lui donne de la profondeur et de l&rsquo;\u00e9l\u00e9gance.  <\/p>\n<p>Au centre de cette pi\u00e8ce unique, l&rsquo;inscription \u00ab\u00a0Gran Canaria\u00a0\u00bb identifie son origine et symbolise le lien avec la riche biodiversit\u00e9 marine de la r\u00e9gion. Les dauphins, connus pour leur intelligence et leur gr\u00e2ce, sont un symbole de la vie marine qui caract\u00e9rise les eaux cristallines de l&rsquo;\u00eele. Ce bol sert non seulement d&rsquo;\u00e9l\u00e9ment d\u00e9coratif, mais aussi de rappel tangible des exp\u00e9riences v\u00e9cues \u00e0 Gran Canaria, ce qui en fait un cadeau m\u00e9morable.  <\/p>\n<p>Chez Ol\u00e9 MOSAIC, nous sommes sp\u00e9cialis\u00e9s dans la distribution de souvenirs en gros qui refl\u00e8tent la culture et les traditions locales, et ce bol \u00e0 noix de coco bleu est parfait pour les boutiques de cadeaux touristiques qui cherchent \u00e0 offrir des produits authentiques et repr\u00e9sentatifs. Avec son design charmant et son lien culturel, c&rsquo;est un excellent choix pour ceux qui souhaitent ramener chez eux un petit morceau de la Grande Canarie. <\/p>\n","protected":false},"excerpt":{"rendered":"<p>Bol en noix de coco bleu d\u00e9cor\u00e9 de deux dauphins qui sautent, id\u00e9al comme souvenir de la Grande Canarie. Ce magnifique bol fabriqu\u00e9 \u00e0 la main pr\u00e9sente une finition bleue brillante entour\u00e9e de formes en forme de c\u0153ur, cr\u00e9ant un contraste attrayant avec le fond sombre. Au centre, l&rsquo;inscription \u00ab\u00a0Gran Canaria\u00a0\u00bb se d\u00e9tache, ce qui en fait un souvenir parfait qui capture l&rsquo;essence des merveilles marines de l&rsquo;\u00eele.  <\/p>\n","protected":false},"featured_media":10259,"template":"","meta":{"_acf_changed":false},"product_brand":[],"product_cat":[521],"product_tag":[530],"class_list":{"0":"post-23831","1":"product","2":"type-product","3":"status-publish","4":"has-post-thumbnail","6":"product_cat-bols","7":"product_tag-animaux","8":"pa_ciudad-gran-canaria","9":"pa_motivo-dauphins","10":"pa_pais-espana","12":"first","13":"instock","14":"shipping-taxable","15":"product-type-simple"},"acf":[],"_links":{"self":[{"href":"https:\/\/olemosaic.orbitalia.org\/fr\/wp-json\/wp\/v2\/product\/23831","targetHints":{"allow":["GET"]}}],"collection":[{"href":"https:\/\/olemosaic.orbitalia.org\/fr\/wp-json\/wp\/v2\/product"}],"about":[{"href":"https:\/\/olemosaic.orbitalia.org\/fr\/wp-json\/wp\/v2\/types\/product"}],"wp:featuredmedia":[{"embeddable":true,"href":"https:\/\/olemosaic.orbitalia.org\/fr\/wp-json\/wp\/v2\/media\/10259"}],"wp:attachment":[{"href":"https:\/\/olemosaic.orbitalia.org\/fr\/wp-json\/wp\/v2\/media?parent=23831"}],"wp:term":[{"taxonomy":"product_brand","embeddable":true,"href":"https:\/\/olemosaic.orbitalia.org\/fr\/wp-json\/wp\/v2\/product_brand?post=23831"},{"taxonomy":"product_cat","embeddable":true,"href":"https:\/\/olemosaic.orbitalia.org\/fr\/wp-json\/wp\/v2\/product_cat?post=23831"},{"taxonomy":"product_tag","embeddable":true,"href":"https:\/\/olemosaic.orbitalia.org\/fr\/wp-json\/wp\/v2\/product_tag?post=23831"}],"curies":[{"name":"wp","href":"https:\/\/api.w.org\/{rel}","templated":true}]}}