{"id":23581,"date":"2025-02-10T10:48:46","date_gmt":"2025-02-10T09:48:46","guid":{"rendered":"https:\/\/olemosaic.orbitalia.org\/politique-de-confidentialite\/"},"modified":"2026-01-09T21:03:50","modified_gmt":"2026-01-09T20:03:50","slug":"politique-de-confidentialite","status":"publish","type":"page","link":"https:\/\/olemosaic.orbitalia.org\/fr\/politique-de-confidentialite\/","title":{"rendered":"Politique de confidentialit\u00e9"},"content":{"rendered":"\t\t<div data-elementor-type=\"wp-page\" data-elementor-id=\"23581\" class=\"elementor elementor-23581 elementor-3\" data-elementor-post-type=\"page\">\n\t\t\t\t<div class=\"elementor-element elementor-element-216e28d hero e-flex e-con-boxed e-con e-parent\" data-id=\"216e28d\" data-element_type=\"container\" data-e-type=\"container\" data-settings=\"{&quot;background_background&quot;:&quot;classic&quot;}\">\n\t\t\t\t\t<div class=\"e-con-inner\">\n\t\t\t\t<div class=\"elementor-element elementor-element-477c864 elementor-widget__width-initial elementor-widget elementor-widget-heading\" data-id=\"477c864\" data-element_type=\"widget\" data-e-type=\"widget\" data-widget_type=\"heading.default\">\n\t\t\t\t<div class=\"elementor-widget-container\">\n\t\t\t\t\t<h1 class=\"elementor-heading-title elementor-size-default\">Politique en mati\u00e8re de confidentialit\u00e9 et de cookies<\/h1>\t\t\t\t<\/div>\n\t\t\t\t<\/div>\n\t\t\t\t\t<\/div>\n\t\t\t\t<\/div>\n\t\t<main class=\"elementor-element elementor-element-5aac3a8 e-flex e-con-boxed e-con e-parent\" data-id=\"5aac3a8\" data-element_type=\"container\" data-e-type=\"container\" data-settings=\"{&quot;background_background&quot;:&quot;classic&quot;}\">\n\t\t\t\t\t<div class=\"e-con-inner\">\n\t\t\t\t<div class=\"elementor-element elementor-element-8100250 elementor-widget elementor-widget-text-editor\" data-id=\"8100250\" data-element_type=\"widget\" data-e-type=\"widget\" data-widget_type=\"text-editor.default\">\n\t\t\t\t<div class=\"elementor-widget-container\">\n\t\t\t\t\t\t\t\t\t<div class=\"fusion-text fusion-text-11\">\n<p data-start=\"0\" data-end=\"206\">Conform\u00e9ment aux dispositions de la loi 34\/2002, du 11 juillet, sur les services de la soci\u00e9t\u00e9 de l&rsquo;information et le commerce \u00e9lectronique (LSSI-CE), nous vous informons que ce site web est la propri\u00e9t\u00e9 de :<\/p>\n<p data-start=\"208\" data-end=\"489\"><strong data-start=\"208\" data-end=\"225\">Nom de la soci\u00e9t\u00e9 :<\/strong> Ole Mosaic SL (ci-apr\u00e8s d\u00e9nomm\u00e9e Ole Mosaic)<br data-start=\"265\" data-end=\"268\" \/><strong data-start=\"268\" data-end=\"276\">NUM\u00c9RO DE TVA :<\/strong> B67396926<br data-start=\"286\" data-end=\"289\" \/><strong data-start=\"289\" data-end=\"310\">Si\u00e8ge social :<\/strong> Carrer de la Fusteria, 6-8, 2B. 08002 Barcelona (Espagne) <br data-start=\"367\" data-end=\"370\" \/><strong data-start=\"370\" data-end=\"383\">T\u00e9l\u00e9phone :<\/strong> 933 194 188<br data-start=\"395\" data-end=\"398\" \/><strong data-start=\"398\" data-end=\"433\">Adresse \u00e9lectronique de contact :<\/strong> <a class=\"cursor-pointer\" rel=\"noopener\" data-start=\"434\" data-end=\"452\">info@olemosaic.orbitalia.org<\/a><br data-start=\"452\" data-end=\"455\" \/><strong data-start=\"455\" data-end=\"469\">Site web :<\/strong> <a class=\"\" href=\"https:\/\/olemosaic.orbitalia.org\" target=\"_new\" rel=\"noopener\" data-start=\"470\" data-end=\"487\">www.olemosaic.com<\/a><\/p>\n<p data-start=\"491\" data-end=\"613\">Ole Mosaic est une entreprise bas\u00e9e \u00e0 Barcelone qui se consacre \u00e0 la fabrication de souvenirs et de cadeaux touristiques avec des motifs en mosa\u00efque.<\/p>\n<p data-start=\"615\" data-end=\"880\">L&rsquo;acc\u00e8s et l&rsquo;utilisation de ce site web attribue la condition d&rsquo;utilisateur, impliquant l&rsquo;acceptation totale et sans r\u00e9serve des conditions contenues dans cet Avis L\u00e9gal, qui peut \u00eatre modifi\u00e9 par Ole Mosaic \u00e0 tout moment, sans pr\u00e9avis.<\/p>\n<hr data-start=\"882\" data-end=\"885\" \/>\n<h2 data-start=\"887\" data-end=\"915\">1. la politique de confidentialit\u00e9<\/h2>\n<p data-start=\"917\" data-end=\"1159\">La finalit\u00e9 du traitement des donn\u00e9es personnelles collect\u00e9es \u00e0 travers ce site web est la gestion des clients, des demandes et l&rsquo;envoi de communications informatives et commerciales li\u00e9es aux produits et services d&rsquo;Ole Mosaic.<\/p>\n<ul data-start=\"1161\" data-end=\"2003\">\n<li data-start=\"1161\" data-end=\"1275\">\n<p data-start=\"1163\" data-end=\"1275\"><strong data-start=\"1163\" data-end=\"1178\">Base juridique :<\/strong> consentement de l&rsquo;utilisateur, ex\u00e9cution d&rsquo;un contrat ou relation pr\u00e9contractuelle le cas \u00e9ch\u00e9ant.<\/p>\n<\/li>\n<li data-start=\"1276\" data-end=\"1464\">\n<p data-start=\"1278\" data-end=\"1464\"><strong data-start=\"1278\" data-end=\"1304\">Conservation des donn\u00e9es :<\/strong> pour la dur\u00e9e n\u00e9cessaire \u00e0 la r\u00e9alisation de l&rsquo;objectif pour lequel elles sont collect\u00e9es et, par la suite, bloqu\u00e9es conform\u00e9ment aux p\u00e9riodes de conservation l\u00e9gales.<\/p>\n<\/li>\n<li data-start=\"1465\" data-end=\"1768\">\n<p data-start=\"1467\" data-end=\"1768\"><strong data-start=\"1467\" data-end=\"1492\">Droits de l&rsquo;utilisateur :<\/strong> acc\u00e8s, rectification, suppression, limitation, opposition, portabilit\u00e9 et droit de ne pas faire l&rsquo;objet de d\u00e9cisions individualis\u00e9es automatis\u00e9es. Pour exercer ces droits, vous pouvez \u00e9crire \u00e0 OLE Mosaic, Carrer de la Fusteria, 6-8, 2B, 08002 Barcelone, ou envoyer un courrier \u00e9lectronique \u00e0 <a class=\"cursor-pointer\" rel=\"noopener\" data-start=\"1747\" data-end=\"1765\">info@olemosaic.orbitalia.org.<\/a><\/p>\n<\/li>\n<li data-start=\"1769\" data-end=\"2003\">\n<p data-start=\"1771\" data-end=\"2003\"><strong data-start=\"1771\" data-end=\"1796\">Mesures de s\u00e9curit\u00e9 :<\/strong> Ole Mosaic adopte les mesures techniques et organisationnelles n\u00e9cessaires pour garantir la confidentialit\u00e9, l&rsquo;int\u00e9grit\u00e9 et la disponibilit\u00e9 des donn\u00e9es, conform\u00e9ment au r\u00e8glement g\u00e9n\u00e9ral sur la protection des donn\u00e9es (RGPD).<\/p>\n<\/li>\n<\/ul>\n<hr data-start=\"2005\" data-end=\"2008\" \/>\n<h2 data-start=\"2010\" data-end=\"2035\">2. Politique en mati\u00e8re de cookies<\/h2>\n<p data-start=\"2037\" data-end=\"2227\">Conform\u00e9ment \u00e0 l&rsquo;article 22.2 de la LSSI-CE et au Guide sur l&rsquo;utilisation des cookies de l&rsquo;Agence espagnole de protection des donn\u00e9es, ce site Web utilise ses propres cookies et ceux de tiers pour :<\/p>\n<ol data-start=\"2229\" data-end=\"2684\">\n<li data-start=\"2229\" data-end=\"2375\">\n<p data-start=\"2232\" data-end=\"2275\"><strong data-start=\"2232\" data-end=\"2273\">Cookies techniques et de personnalisation<\/strong><\/p>\n<ul data-start=\"2279\" data-end=\"2375\">\n<li data-start=\"2279\" data-end=\"2375\">\n<p data-start=\"2281\" data-end=\"2375\">N\u00e9cessaire \u00e0 la navigation et au bon fonctionnement du site web (par exemple, langue, session).<\/p>\n<\/li>\n<\/ul>\n<\/li>\n<li data-start=\"2376\" data-end=\"2536\">\n<p data-start=\"2379\" data-end=\"2403\"><strong data-start=\"2379\" data-end=\"2401\">Cookies analytiques<\/strong><\/p>\n<ul data-start=\"2407\" data-end=\"2536\">\n<li data-start=\"2407\" data-end=\"2536\">\n<p data-start=\"2409\" data-end=\"2536\">Ils permettent de quantifier le nombre d&rsquo;utilisateurs et d&rsquo;analyser leur navigation afin d&rsquo;am\u00e9liorer l&rsquo;offre de produits et de services.<\/p>\n<\/li>\n<\/ul>\n<\/li>\n<li data-start=\"2537\" data-end=\"2684\">\n<p data-start=\"2540\" data-end=\"2567\"><strong data-start=\"2540\" data-end=\"2565\">Cookies publicitaires<\/strong><\/p>\n<ul data-start=\"2571\" data-end=\"2684\">\n<li data-start=\"2571\" data-end=\"2684\">\n<p data-start=\"2573\" data-end=\"2684\">Utilis\u00e9 pour \u00e9tablir un profil des habitudes de navigation et afficher de la publicit\u00e9 li\u00e9e \u00e0 vos int\u00e9r\u00eats.<\/p>\n<\/li>\n<\/ul>\n<\/li>\n<\/ol>\n<h3 data-start=\"2686\" data-end=\"2725\">2.1. Consentement et d\u00e9sactivation<\/h3>\n<p data-start=\"2727\" data-end=\"2917\">Lorsque vous acc\u00e9dez au site pour la premi\u00e8re fois, une banni\u00e8re d&rsquo;information s&rsquo;affiche pour vous demander votre consentement \u00e0 l&rsquo;utilisation de cookies. Vous pouvez r\u00e9voquer ou modifier votre consentement \u00e0 tout moment :<\/p>\n<ul data-start=\"2919\" data-end=\"3328\">\n<li data-start=\"2919\" data-end=\"2984\">\n<p data-start=\"2921\" data-end=\"2984\"><strong data-start=\"2921\" data-end=\"2948\">Depuis la banni\u00e8re elle-m\u00eame :<\/strong> cliquez sur \u00ab\u00a0Configurer les cookies\u00a0\u00bb.<\/p>\n<\/li>\n<li data-start=\"2985\" data-end=\"3328\">\n<p data-start=\"2987\" data-end=\"3012\"><strong data-start=\"2987\" data-end=\"3010\">Depuis votre navigateur :<\/strong><\/p>\n<ul data-start=\"3015\" data-end=\"3328\">\n<li data-start=\"3015\" data-end=\"3098\">\n<p data-start=\"3017\" data-end=\"3098\"><strong data-start=\"3017\" data-end=\"3028\">Chrome :<\/strong> Param\u00e8tres \u2192 Confidentialit\u00e9 et s\u00e9curit\u00e9 \u2192 Cookies et autres donn\u00e9es du site.<\/p>\n<\/li>\n<li data-start=\"3101\" data-end=\"3184\">\n<p data-start=\"3103\" data-end=\"3184\"><strong data-start=\"3103\" data-end=\"3115\">Firefox :<\/strong> Pr\u00e9f\u00e9rences \u2192 Confidentialit\u00e9 et s\u00e9curit\u00e9 \u2192 Cookies et donn\u00e9es du site.<\/p>\n<\/li>\n<li data-start=\"3187\" data-end=\"3269\">\n<p data-start=\"3189\" data-end=\"3269\"><strong data-start=\"3189\" data-end=\"3208\">Safari (macOS) :<\/strong> Pr\u00e9f\u00e9rences \u2192 Confidentialit\u00e9 \u2192 G\u00e9rer les donn\u00e9es des sites web.<\/p>\n<\/li>\n<li data-start=\"3272\" data-end=\"3328\">\n<p data-start=\"3274\" data-end=\"3328\"><strong data-start=\"3274\" data-end=\"3283\">Edge :<\/strong> Param\u00e8tres \u2192 Cookies et autorisations de site.<\/p>\n<\/li>\n<\/ul>\n<\/li>\n<\/ul>\n<p data-start=\"3330\" data-end=\"3430\">Pour plus d&rsquo;informations, veuillez consulter notre <a class=\"cursor-pointer\" rel=\"noopener\" data-start=\"3369\" data-end=\"3429\">politique en mati\u00e8re de cookies.<\/a><\/p>\n<hr data-start=\"3432\" data-end=\"3435\" \/>\n<h2 data-start=\"3437\" data-end=\"3477\">3. Propri\u00e9t\u00e9 intellectuelle et industrielle<\/h2>\n<p data-start=\"3479\" data-end=\"3768\">La propri\u00e9t\u00e9 intellectuelle et industrielle de tous les contenus du site web, y compris les textes, les images, les dessins et les logos, appartient \u00e0 Ole Mosaic, ou dispose des droits n\u00e9cessaires pour son utilisation et sa reproduction. Sa reproduction totale ou partielle est interdite sans autorisation expresse.<\/p>\n<hr data-start=\"3770\" data-end=\"3773\" \/>\n<h2 data-start=\"3775\" data-end=\"3799\">4. Liens vers des tiers<\/h2>\n<p data-start=\"3801\" data-end=\"4037\">Ce site web peut contenir des liens vers des sites web externes sur lesquels Ole Mosaic n&rsquo;a aucun contr\u00f4le. Par cons\u00e9quent, OLE MOSAIC n&rsquo;est pas responsable du contenu, des politiques de confidentialit\u00e9 ou du traitement des donn\u00e9es que ces pages peuvent effectuer.<\/p>\n<hr data-start=\"4039\" data-end=\"4042\" \/>\n<h2 data-start=\"4044\" data-end=\"4064\">5. Modifications<\/h2>\n<p data-start=\"4066\" data-end=\"4306\">OLE Mosaic peut modifier cet avis juridique \u00e0 tout moment, en l&rsquo;adaptant \u00e0 la nouvelle l\u00e9gislation ou \u00e0 l&rsquo;\u00e9volution de son activit\u00e9, en informant l&rsquo;utilisateur de toute modification pertinente qui affecte le traitement des donn\u00e9es \u00e0 caract\u00e8re personnel.<\/p>\n<p data-start=\"4308\" data-end=\"4354\" data-is-last-node=\"\" data-is-only-node=\"\"><strong data-start=\"4308\" data-end=\"4333\">Derni\u00e8re mise \u00e0 jour :<\/strong> 6 ao\u00fbt 2025.<\/p>\n<\/div>\n\t\t\t\t\t\t\t\t<\/div>\n\t\t\t\t<\/div>\n\t\t\t\t\t<\/div>\n\t\t\t\t<\/main>\n\t\t\t\t<\/div>\n\t\t","protected":false},"excerpt":{"rendered":"<p>Politique en mati\u00e8re de confidentialit\u00e9 et de cookies Conform\u00e9ment aux dispositions de la loi 34\/2002, du 11 juillet, sur les services de la soci\u00e9t\u00e9 de l&rsquo;information et le commerce \u00e9lectronique (LSSI-CE), nous vous informons que ce site web est la propri\u00e9t\u00e9 de : Nom de la soci\u00e9t\u00e9 : Ole Mosaic SL (ci-apr\u00e8s d\u00e9nomm\u00e9e Ole Mosaic)NUM\u00c9RO [&hellip;]<\/p>\n","protected":false},"author":1,"featured_media":0,"parent":0,"menu_order":0,"comment_status":"closed","ping_status":"closed","template":"","meta":{"_acf_changed":false,"footnotes":""},"class_list":["post-23581","page","type-page","status-publish","hentry"],"acf":[],"_links":{"self":[{"href":"https:\/\/olemosaic.orbitalia.org\/fr\/wp-json\/wp\/v2\/pages\/23581","targetHints":{"allow":["GET"]}}],"collection":[{"href":"https:\/\/olemosaic.orbitalia.org\/fr\/wp-json\/wp\/v2\/pages"}],"about":[{"href":"https:\/\/olemosaic.orbitalia.org\/fr\/wp-json\/wp\/v2\/types\/page"}],"author":[{"embeddable":true,"href":"https:\/\/olemosaic.orbitalia.org\/fr\/wp-json\/wp\/v2\/users\/1"}],"replies":[{"embeddable":true,"href":"https:\/\/olemosaic.orbitalia.org\/fr\/wp-json\/wp\/v2\/comments?post=23581"}],"version-history":[{"count":0,"href":"https:\/\/olemosaic.orbitalia.org\/fr\/wp-json\/wp\/v2\/pages\/23581\/revisions"}],"wp:attachment":[{"href":"https:\/\/olemosaic.orbitalia.org\/fr\/wp-json\/wp\/v2\/media?parent=23581"}],"curies":[{"name":"wp","href":"https:\/\/api.w.org\/{rel}","templated":true}]}}